{"id":1427,"date":"2019-03-26T09:31:44","date_gmt":"2019-03-26T09:31:44","guid":{"rendered":"http:\/\/gardaslowemotion.it\/?page_id=1427"},"modified":"2023-05-12T09:48:24","modified_gmt":"2023-05-12T09:48:24","slug":"cookie-policy","status":"publish","type":"page","link":"https:\/\/gardaslowemotion.it\/de\/cookie-policy\/","title":{"rendered":"Cookie Policy"},"content":{"rendered":"<p>Il Titolare del trattamento dei dati acquisiti con il presente sito \u00e8 Antica Croce SNC di Stanga Ettore &amp; C., con sede in Via dei Laghi n.1 38060 Tenno (TN) presso i cui recapiti possono essere richieste tutte le informazioni del caso.<\/p>\n<p>I cookies sono file di testo memorizzati dai computer o dai dispositivi mobili, nel momento in cui si visita un sito web. Sono comunemente utilizzati per far funzionare i siti internet o farli funzionare in maniera pi\u00f9 efficiente e registrare dati anonimi e personali dell\u2019utente che saranno utilizzati per semplificare futuri utilizzi del sito.<\/p>\n<p>Nel corso della navigazione l&#8217;utente pu\u00f2 ricevere sul suo terminale anche cookie inviati da siti o da web server diversi c.d. \u201cterze parti\u201d, sui quali possono risiedere alcuni elementi presenti sul sito che l&#8217;utente sta visitando. Pi\u00f9 in generale, alcuni cookie, definiti &#8222;cookie di sessione&#8220; sono assegnati al dispositivo dell&#8217;utente soltanto per la durata dell&#8217;accesso al sito e scadono automaticamente alla chiusura del browser. Altri cookie, definiti \u201cpersistenti\u201d restano nel dispositivo per un periodo di tempo prolungato.<\/p>\n<p>Di seguito si indicano i cookies attivati sul sito con alcune relative informazioni:<\/p>\n<p><strong>Cookie tecnici<\/strong><br \/>\nSi tratta di cookie utilizzati specificamente per permettere il corretto funzionamento e la fruizione del nostro sito. I cookie tecnici vengono ad esempio utilizzati per la funzionalit\u00e0 di login dell\u2019utente. L\u2019utilizzo dei predetti cookie da parte del titolare ed i trattamenti ad essi correlati non necessitano del preventivo consenso dell\u2019utente in quanto necessari per rendere disponibili i contenuti pubblicati su questo sito. L\u2019interessato pu\u00f2 sempre disabilitare tali applicazioni mediante le impostazioni del proprio browser tuttavia la loro disattivazione potrebbe compromettere in tutto o in parte alcune funzioni della navigazione.<\/p>\n<p>Alleghiamo l\u2019elenco dei cookie attivi sul presente sito:<\/p>\n<ul>\n<li>la navigazione e fruizione del sito web;<\/li>\n<li>la raccolta di informazioni, in forma aggregata, sul numero degli utenti e su come questi visitano il sito stesso (\u201cGoogle analytics\u201d);<\/li>\n<li>la navigazione in funzione di una serie di criteri selezionati (ad esempio, la lingua, \u201ccookie di funzionalit\u00e0 \u201c) al fine di migliorare il servizio reso allo stesso.<\/li>\n<\/ul>\n<p><strong>Cookie di terze parti<\/strong><\/p>\n<p>Il trattamento dei dati personali conseguenti all\u2019attivazione dei cookie di terze parti non \u00e8 di competenza del titolare. Per le informative e per disattivare i cookie di profilazione erogati da terze parti vai sul sito <a href=\"http:\/\/www.youronlinechoices.com\/it\">www.youronlinechoices.com\/it<\/a>.<\/p>\n<p><strong>Real Cookie banner<\/strong><\/p>\n<p>Per gestire i cookie e le tecnologie similari utilizzate (tracking pixel, web beacon, ecc.) e i relativi consensi, utilizziamo lo strumento di consenso \u201cReal Cookie Banner\u201d. I dettagli su come funziona \u201cReal Cookie Banner\u201d sono disponibili su\u00a0<a href=\"https:\/\/devowl.io\/rcb\/data-processing\/\" target=\"_blank\" rel=\"noopener\">devowl.io\/rcb\/data-processing<\/a>.<br \/>\nLe basi giuridiche per il trattamento dei dati personali in questo contesto sono l\u2019art. 6 (1) lett. c del RGPD e dell\u2019art. 6 (1) lett. f GDPR. Nostro legittimo interesse \u00e8 la gestione dei cookie e delle tecnologie similari utilizzate e dei relativi consensi.Il conferimento dei dati personali non \u00e8 contrattualmente richiesto n\u00e9 necessario per la conclusione di un contratto. Non sei obbligato a fornire i dati personali. Se non fornisci i dati personali, non saremo in grado di gestire i tuoi consensi.<\/p>\n<p><strong>Cookie analitici<\/strong><br \/>\nSi tratta di cookie utilizzati per analisi statistiche, per migliorare il sito e semplificarne l&#8217;utilizzo oltre che per monitorarne il corretto funzionamento. Questo tipo di cookie raccoglie informazioni in forma anonima sull&#8217;attivit\u00e0 degli utenti nel sito. Questo tipo di cookie viene erogato esclusivamente da terze parti. Per le informative e per disattivare i cookie analitici di terze parti vai sul sito <a href=\"http:\/\/www.youronlinechoices.com\/it\">www.youronlinechoices.com\/it<\/a>.<\/p>\n<p><strong>Conferimento dei dati &#8211; disabilitazione dei cookies<\/strong><\/p>\n<p>Fatta eccezione per i cookie tecnici necessari alla normale navigazione, il conferimento del consenso relativo all\u2019attivazione di cookies di terze parti \u00e8 rimesso alla volont\u00e0 dell&#8217;interessato che decida di navigare sul sito dopo aver preso visione dell&#8217;informativa breve contenuta nell&#8217;apposito banner e di usufruire dei servizi che comportano l&#8217;installazione di cookie e pu\u00f2 essere revocato in ogni momento secondo quanto sopra indicato. Di seguito forniamo i link che spiegano come disabilitare i cookie per i browser pi\u00f9 diffusi (per altri browser eventualmente utilizzati suggeriamo di cercare questa opzione nell\u2019help del software normalmente):<\/p>\n<ul>\n<li><strong>Internet Explorer: <\/strong><a href=\"http:\/\/windows.microsoft.com\/it-IT\/windows7\/Block-enable-or-allow-cookies\" target=\"_blank\" rel=\"noopener noreferrer\">http:\/\/windows.microsoft.com\/it-IT\/windows7\/Block-enable-or-allow-cookies<\/a>;<\/li>\n<li><strong>Google Chrome: <\/strong><a href=\"https:\/\/support.google.com\/chrome\/bin\/answer.py?hl=it- IT&amp;answer=95647&amp;p=cpn_cookies\" target=\"_blank\" rel=\"noopener noreferrer\">https:\/\/support.google.com\/chrome\/bin\/answer.py?hl=it- IT&amp;answer=95647&amp;p=cpn_cookies<\/a>;<\/li>\n<li><strong>Mozilla Firefox: <\/strong><a href=\"http:\/\/support.mozilla.org\/it\/kb\/Bloccare%20i%20cookie?redirectlocale=en- US&amp;redirectslug=Blocking+cookies\" target=\"_blank\" rel=\"noopener noreferrer\">http:\/\/support.mozilla.org\/it\/kb\/Bloccare%20i%20cookie?redirectlocale=en- US&amp;redirectslug=Blocking+cookies<\/a>;<\/li>\n<li><strong>Apple Safari: <\/strong><a href=\"http:\/\/www.apple.com\/it\/privacy\/use-of-cookies\/\" target=\"_blank\" rel=\"noopener noreferrer\">http:\/\/www.apple.com\/it\/privacy\/use-of-cookies\/<\/a>.<\/li>\n<\/ul>\n<p>Per la disabilitazione o la revoca del consenso per i cookies di terze parti si invita far riferimento ai relativi link sopra indicati.<\/p>\n<p>Oltre a poter utilizzare gli strumenti previsti dal browser per attivare o disattivare i singoli cookies informiamo che il sito www.youronlinechoices.com riporta l&#8217;elenco dei principali provider che lavorano con i gestori dei siti web per raccogliere e utilizzare informazioni utili alla fruizione della pubblicit\u00e0 comportamentale. \u00c8 possibile disattivare o attivare tutte le societ\u00e0 o in alternativa regolare le preferenze individualmente per ogni societ\u00e0. Per farlo \u00e8 possibile utilizzare lo strumento reperibile nella pagina <a href=\"http:\/\/www.youronlinechoices.com\/it\/le-tue-scelte\" target=\"_blank\" rel=\"noopener noreferrer\">www.youronlinechoices.com\/it\/le-tue-scelte<\/a> per controllare le preferenze sulla pubblicit\u00e0 comportamentale attive sul proprio dispositivo.<\/p>\n<p><strong>Diritti dell&#8217;interessato<\/strong><\/p>\n<p>L&#8217;interessato potr\u00e0 rivolgersi al predetto titolare del trattamento anche mediante posta elettronica per conseguire ogni ulteriore informazione sul trattamento eseguito nonch\u00e9 esercitare i diritti riconosciuti dal Regolamento UE 16\/679. Si invita ciascun interessato a prendere visione dei contenuti indicati nella privacy policy del presente sito.<\/p>\n<p><strong>Il presente sito permette di abilitare i cookie e di modificare le impostazioni di scelta attraverso i seguenti link:<\/strong><\/p>\n<p><a  href=\"#consent-change\" role=\"button\" id=\"rcb-sc-link-change\" data-success-message=\"\" class=\"rcb-sc-link rcb-sc-link-change \">Cambia impostazioni cookie<\/a><br \/>\n<a  href=\"#consent-history\" role=\"button\" id=\"rcb-sc-link-history\" data-success-message=\"\" class=\"rcb-sc-link rcb-sc-link-history \">Cronologia impostazioni Privacy<\/a><br \/>\n<a  href=\"#consent-revoke\" role=\"button\" id=\"rcb-sc-link-revoke\" data-success-message=\"Hai revocato con successo il consenso. La pagina verr\u00e0 ricaricata ora.\" class=\"rcb-sc-link rcb-sc-link-revoke \">Revoca consenso<\/a><\/p>\n","protected":false},"excerpt":{"rendered":"<p>Il Titolare del trattamento dei dati acquisiti con il presente sito \u00e8 Antica Croce SNC di Stanga Ettore &amp; C., con sede in Via dei Laghi n.1 38060 Tenno (TN) presso i cui recapiti possono essere richieste tutte le informazioni del caso. I cookies sono file di testo memorizzati dai computer o dai dispositivi mobili, [&hellip;]<\/p>\n","protected":false},"author":4,"featured_media":0,"parent":0,"menu_order":0,"comment_status":"closed","ping_status":"closed","template":"page-templates\/no-picture.php","meta":{"footnotes":""},"class_list":["post-1427","page","type-page","status-publish","hentry"],"yoast_head":"<!-- This site is optimized with the Yoast SEO plugin v27.1.1 - https:\/\/yoast.com\/product\/yoast-seo-wordpress\/ -->\n<title>Cookie Policy - Garda Slow Emotion<\/title>\n<meta name=\"robots\" content=\"index, follow, max-snippet:-1, max-image-preview:large, max-video-preview:-1\" \/>\n<link rel=\"canonical\" href=\"https:\/\/gardaslowemotion.it\/de\/cookie-policy\/\" \/>\n<meta property=\"og:locale\" content=\"de_DE\" \/>\n<meta property=\"og:type\" content=\"article\" \/>\n<meta property=\"og:title\" content=\"Cookie Policy - Garda Slow Emotion\" \/>\n<meta property=\"og:description\" content=\"Il Titolare del trattamento dei dati acquisiti con il presente sito \u00e8 Antica Croce SNC di Stanga Ettore &amp; C., con sede in Via dei Laghi n.1 38060 Tenno (TN) presso i cui recapiti possono essere richieste tutte le informazioni del caso. I cookies sono file di testo memorizzati dai computer o dai dispositivi mobili, [&hellip;]\" \/>\n<meta property=\"og:url\" content=\"https:\/\/gardaslowemotion.it\/de\/cookie-policy\/\" \/>\n<meta property=\"og:site_name\" content=\"Garda Slow Emotion\" \/>\n<meta property=\"article:publisher\" content=\"https:\/\/www.facebook.com\/anticacroce\/\" \/>\n<meta property=\"article:modified_time\" content=\"2023-05-12T09:48:24+00:00\" \/>\n<meta property=\"og:image\" content=\"https:\/\/gardaslowemotion.it\/wp-content\/uploads\/2018\/03\/facebook-generic-opengraph.jpg\" \/>\n\t<meta property=\"og:image:width\" content=\"1396\" \/>\n\t<meta property=\"og:image:height\" content=\"752\" \/>\n\t<meta property=\"og:image:type\" content=\"image\/jpeg\" \/>\n<meta name=\"twitter:card\" content=\"summary_large_image\" \/>\n<meta name=\"twitter:label1\" content=\"Gesch\u00e4tzte Lesezeit\" \/>\n\t<meta name=\"twitter:data1\" content=\"5\u00a0Minuten\" \/>\n<script type=\"application\/ld+json\" class=\"yoast-schema-graph\">{\"@context\":\"https:\/\/schema.org\",\"@graph\":[{\"@type\":\"WebPage\",\"@id\":\"https:\/\/gardaslowemotion.it\/de\/cookie-policy\/\",\"url\":\"https:\/\/gardaslowemotion.it\/de\/cookie-policy\/\",\"name\":\"Cookie Policy - Garda Slow Emotion\",\"isPartOf\":{\"@id\":\"https:\/\/gardaslowemotion.ddev.local\/it\/#website\"},\"datePublished\":\"2019-03-26T09:31:44+00:00\",\"dateModified\":\"2023-05-12T09:48:24+00:00\",\"breadcrumb\":{\"@id\":\"https:\/\/gardaslowemotion.it\/de\/cookie-policy\/#breadcrumb\"},\"inLanguage\":\"de\",\"potentialAction\":[{\"@type\":\"ReadAction\",\"target\":[\"https:\/\/gardaslowemotion.it\/de\/cookie-policy\/\"]}]},{\"@type\":\"BreadcrumbList\",\"@id\":\"https:\/\/gardaslowemotion.it\/de\/cookie-policy\/#breadcrumb\",\"itemListElement\":[{\"@type\":\"ListItem\",\"position\":1,\"name\":\"Home\",\"item\":\"https:\/\/gardaslowemotion.ddev.local\/de\/\"},{\"@type\":\"ListItem\",\"position\":2,\"name\":\"Cookie Policy\"}]},{\"@type\":\"WebSite\",\"@id\":\"https:\/\/gardaslowemotion.ddev.local\/it\/#website\",\"url\":\"https:\/\/gardaslowemotion.ddev.local\/it\/\",\"name\":\"Garda Slow Emotion\",\"description\":\"Hotel, appartamenti e ristorante a due passi dal Lago di Garda.\",\"potentialAction\":[{\"@type\":\"SearchAction\",\"target\":{\"@type\":\"EntryPoint\",\"urlTemplate\":\"https:\/\/gardaslowemotion.ddev.local\/it\/?s={search_term_string}\"},\"query-input\":{\"@type\":\"PropertyValueSpecification\",\"valueRequired\":true,\"valueName\":\"search_term_string\"}}],\"inLanguage\":\"de\"}]}<\/script>\n<!-- \/ Yoast SEO plugin. -->","yoast_head_json":{"title":"Cookie Policy - Garda Slow Emotion","robots":{"index":"index","follow":"follow","max-snippet":"max-snippet:-1","max-image-preview":"max-image-preview:large","max-video-preview":"max-video-preview:-1"},"canonical":"https:\/\/gardaslowemotion.it\/de\/cookie-policy\/","og_locale":"de_DE","og_type":"article","og_title":"Cookie Policy - Garda Slow Emotion","og_description":"Il Titolare del trattamento dei dati acquisiti con il presente sito \u00e8 Antica Croce SNC di Stanga Ettore &amp; C., con sede in Via dei Laghi n.1 38060 Tenno (TN) presso i cui recapiti possono essere richieste tutte le informazioni del caso. I cookies sono file di testo memorizzati dai computer o dai dispositivi mobili, [&hellip;]","og_url":"https:\/\/gardaslowemotion.it\/de\/cookie-policy\/","og_site_name":"Garda Slow Emotion","article_publisher":"https:\/\/www.facebook.com\/anticacroce\/","article_modified_time":"2023-05-12T09:48:24+00:00","og_image":[{"width":1396,"height":752,"url":"https:\/\/gardaslowemotion.it\/wp-content\/uploads\/2018\/03\/facebook-generic-opengraph.jpg","type":"image\/jpeg"}],"twitter_card":"summary_large_image","twitter_misc":{"Gesch\u00e4tzte Lesezeit":"5\u00a0Minuten"},"schema":{"@context":"https:\/\/schema.org","@graph":[{"@type":"WebPage","@id":"https:\/\/gardaslowemotion.it\/de\/cookie-policy\/","url":"https:\/\/gardaslowemotion.it\/de\/cookie-policy\/","name":"Cookie Policy - Garda Slow Emotion","isPartOf":{"@id":"https:\/\/gardaslowemotion.ddev.local\/it\/#website"},"datePublished":"2019-03-26T09:31:44+00:00","dateModified":"2023-05-12T09:48:24+00:00","breadcrumb":{"@id":"https:\/\/gardaslowemotion.it\/de\/cookie-policy\/#breadcrumb"},"inLanguage":"de","potentialAction":[{"@type":"ReadAction","target":["https:\/\/gardaslowemotion.it\/de\/cookie-policy\/"]}]},{"@type":"BreadcrumbList","@id":"https:\/\/gardaslowemotion.it\/de\/cookie-policy\/#breadcrumb","itemListElement":[{"@type":"ListItem","position":1,"name":"Home","item":"https:\/\/gardaslowemotion.ddev.local\/de\/"},{"@type":"ListItem","position":2,"name":"Cookie Policy"}]},{"@type":"WebSite","@id":"https:\/\/gardaslowemotion.ddev.local\/it\/#website","url":"https:\/\/gardaslowemotion.ddev.local\/it\/","name":"Garda Slow Emotion","description":"Hotel, appartamenti e ristorante a due passi dal Lago di Garda.","potentialAction":[{"@type":"SearchAction","target":{"@type":"EntryPoint","urlTemplate":"https:\/\/gardaslowemotion.ddev.local\/it\/?s={search_term_string}"},"query-input":{"@type":"PropertyValueSpecification","valueRequired":true,"valueName":"search_term_string"}}],"inLanguage":"de"}]}},"meta_box":{"additional_info":"","apartments":[],"intro_title":"","intro_content":"","intro_box_offers":"","intro_box_gallery":"","structures_title":"","structures_text":"","structures":[],"restaurant_backdrop":false,"restaurant_title":"","restaurant_text":"","restaurant_page":"","posts_title":"","posts_text":"","posts":[],"accomodations_list_structures":[],"cta_label":"","internal_url":"","external_url":"","list_offers":[],"menus":[],"shortcode_form":"","facilities":"","simplegrids":[],"toptenitems":[],"redirect_to":""},"_links":{"self":[{"href":"https:\/\/gardaslowemotion.it\/de\/wp-json\/wp\/v2\/pages\/1427","targetHints":{"allow":["GET"]}}],"collection":[{"href":"https:\/\/gardaslowemotion.it\/de\/wp-json\/wp\/v2\/pages"}],"about":[{"href":"https:\/\/gardaslowemotion.it\/de\/wp-json\/wp\/v2\/types\/page"}],"author":[{"embeddable":true,"href":"https:\/\/gardaslowemotion.it\/de\/wp-json\/wp\/v2\/users\/4"}],"replies":[{"embeddable":true,"href":"https:\/\/gardaslowemotion.it\/de\/wp-json\/wp\/v2\/comments?post=1427"}],"version-history":[{"count":4,"href":"https:\/\/gardaslowemotion.it\/de\/wp-json\/wp\/v2\/pages\/1427\/revisions"}],"predecessor-version":[{"id":2322,"href":"https:\/\/gardaslowemotion.it\/de\/wp-json\/wp\/v2\/pages\/1427\/revisions\/2322"}],"wp:attachment":[{"href":"https:\/\/gardaslowemotion.it\/de\/wp-json\/wp\/v2\/media?parent=1427"}],"curies":[{"name":"wp","href":"https:\/\/api.w.org\/{rel}","templated":true}]}}