{"id":2083,"date":"2023-04-06T17:17:46","date_gmt":"2023-04-06T17:17:46","guid":{"rendered":"https:\/\/gardaslowemotion.it\/slow-hospitality\/"},"modified":"2023-04-16T19:05:46","modified_gmt":"2023-04-16T19:05:46","slug":"slow-hospitality","status":"publish","type":"page","link":"https:\/\/gardaslowemotion.it\/de\/slow-hospitality\/","title":{"rendered":"Slow Hospitality"},"content":{"rendered":"<p><strong>Slow travel<\/strong>\u00a0und\u00a0<strong>slow food<\/strong> sind sehr trendy. Wir m\u00f6chten euch hier das vorstellen, was wir uns unter dem Begriff <strong>Garda Slow Emotion<\/strong>\u00a0vorstellen: Gewisserma\u00dfen eine Einladung, den Alltagsrhythmus zu verlangsamen, f\u00fcr sich selbst Zeit zu nehmen, wieder die sch\u00f6nen Seiten der Dinge zu entdecken, die mit Liebe und ohne Zeitbedr\u00e4ngnis gemacht sind. Wir m\u00f6chten euch einen Urlaubsaufenthalt im Zeichen der Lebenslust bieten, um wieder\u00a0<strong>die Freuden des Lebens ohne Hast und Eile zu genie\u00dfen<\/strong>.<\/p>\n","protected":false},"excerpt":{"rendered":"<p>Slow travel\u00a0und\u00a0slow food sind sehr trendy. Wir m\u00f6chten euch hier das vorstellen, was wir uns unter dem Begriff Garda Slow Emotion\u00a0vorstellen: Gewisserma\u00dfen eine Einladung, den Alltagsrhythmus zu verlangsamen, f\u00fcr sich selbst Zeit zu nehmen, wieder die sch\u00f6nen Seiten der Dinge zu entdecken, die mit Liebe und ohne Zeitbedr\u00e4ngnis gemacht sind. Wir m\u00f6chten euch einen Urlaubsaufenthalt [&hellip;]<\/p>\n","protected":false},"author":4,"featured_media":1342,"parent":0,"menu_order":0,"comment_status":"closed","ping_status":"closed","template":"page-templates\/accomodations-list.php","meta":{"footnotes":""},"class_list":["post-2083","page","type-page","status-publish","has-post-thumbnail","hentry"],"yoast_head":"<!-- This site is optimized with the Yoast SEO plugin v27.1.1 - https:\/\/yoast.com\/product\/yoast-seo-wordpress\/ -->\n<title>Slow Hospitality - Garda Slow Emotion<\/title>\n<meta name=\"robots\" content=\"index, follow, max-snippet:-1, max-image-preview:large, max-video-preview:-1\" \/>\n<link rel=\"canonical\" href=\"https:\/\/gardaslowemotion.ddev.local\/de\/slow-hospitality\/\" \/>\n<meta property=\"og:locale\" content=\"de_DE\" \/>\n<meta property=\"og:type\" content=\"article\" \/>\n<meta property=\"og:title\" content=\"Slow Hospitality - Garda Slow Emotion\" \/>\n<meta property=\"og:description\" content=\"Slow travel\u00a0und\u00a0slow food sind sehr trendy. Wir m\u00f6chten euch hier das vorstellen, was wir uns unter dem Begriff Garda Slow Emotion\u00a0vorstellen: Gewisserma\u00dfen eine Einladung, den Alltagsrhythmus zu verlangsamen, f\u00fcr sich selbst Zeit zu nehmen, wieder die sch\u00f6nen Seiten der Dinge zu entdecken, die mit Liebe und ohne Zeitbedr\u00e4ngnis gemacht sind. Wir m\u00f6chten euch einen Urlaubsaufenthalt [&hellip;]\" \/>\n<meta property=\"og:url\" content=\"https:\/\/gardaslowemotion.ddev.local\/de\/slow-hospitality\/\" \/>\n<meta property=\"og:site_name\" content=\"Garda Slow Emotion\" \/>\n<meta property=\"article:publisher\" content=\"https:\/\/www.facebook.com\/anticacroce\/\" \/>\n<meta property=\"article:modified_time\" content=\"2023-04-16T19:05:46+00:00\" \/>\n<meta property=\"og:image\" content=\"https:\/\/gardaslowemotion.ddev.local\/wp-content\/uploads\/2018\/10\/DSC04276.jpg\" \/>\n\t<meta property=\"og:image:width\" content=\"2592\" \/>\n\t<meta property=\"og:image:height\" content=\"1944\" \/>\n\t<meta property=\"og:image:type\" content=\"image\/jpeg\" \/>\n<meta name=\"twitter:card\" content=\"summary_large_image\" \/>\n<meta name=\"twitter:label1\" content=\"Gesch\u00e4tzte Lesezeit\" \/>\n\t<meta name=\"twitter:data1\" content=\"1\u00a0Minute\" \/>\n<script type=\"application\/ld+json\" class=\"yoast-schema-graph\">{\"@context\":\"https:\/\/schema.org\",\"@graph\":[{\"@type\":\"WebPage\",\"@id\":\"https:\/\/gardaslowemotion.ddev.local\/de\/slow-hospitality\/\",\"url\":\"https:\/\/gardaslowemotion.ddev.local\/de\/slow-hospitality\/\",\"name\":\"Slow Hospitality - Garda Slow Emotion\",\"isPartOf\":{\"@id\":\"https:\/\/gardaslowemotion.ddev.local\/it\/#website\"},\"primaryImageOfPage\":{\"@id\":\"https:\/\/gardaslowemotion.ddev.local\/de\/slow-hospitality\/#primaryimage\"},\"image\":{\"@id\":\"https:\/\/gardaslowemotion.ddev.local\/de\/slow-hospitality\/#primaryimage\"},\"thumbnailUrl\":\"https:\/\/gardaslowemotion.it\/wp-content\/uploads\/2018\/10\/DSC04276.jpg\",\"datePublished\":\"2023-04-06T17:17:46+00:00\",\"dateModified\":\"2023-04-16T19:05:46+00:00\",\"breadcrumb\":{\"@id\":\"https:\/\/gardaslowemotion.ddev.local\/de\/slow-hospitality\/#breadcrumb\"},\"inLanguage\":\"de\",\"potentialAction\":[{\"@type\":\"ReadAction\",\"target\":[\"https:\/\/gardaslowemotion.ddev.local\/de\/slow-hospitality\/\"]}]},{\"@type\":\"ImageObject\",\"inLanguage\":\"de\",\"@id\":\"https:\/\/gardaslowemotion.ddev.local\/de\/slow-hospitality\/#primaryimage\",\"url\":\"https:\/\/gardaslowemotion.it\/wp-content\/uploads\/2018\/10\/DSC04276.jpg\",\"contentUrl\":\"https:\/\/gardaslowemotion.it\/wp-content\/uploads\/2018\/10\/DSC04276.jpg\",\"width\":2592,\"height\":1944},{\"@type\":\"BreadcrumbList\",\"@id\":\"https:\/\/gardaslowemotion.ddev.local\/de\/slow-hospitality\/#breadcrumb\",\"itemListElement\":[{\"@type\":\"ListItem\",\"position\":1,\"name\":\"Home\",\"item\":\"https:\/\/gardaslowemotion.ddev.local\/de\/\"},{\"@type\":\"ListItem\",\"position\":2,\"name\":\"Slow Hospitality\"}]},{\"@type\":\"WebSite\",\"@id\":\"https:\/\/gardaslowemotion.ddev.local\/it\/#website\",\"url\":\"https:\/\/gardaslowemotion.ddev.local\/it\/\",\"name\":\"Garda Slow Emotion\",\"description\":\"Hotel, appartamenti e ristorante a due passi dal Lago di Garda.\",\"potentialAction\":[{\"@type\":\"SearchAction\",\"target\":{\"@type\":\"EntryPoint\",\"urlTemplate\":\"https:\/\/gardaslowemotion.ddev.local\/it\/?s={search_term_string}\"},\"query-input\":{\"@type\":\"PropertyValueSpecification\",\"valueRequired\":true,\"valueName\":\"search_term_string\"}}],\"inLanguage\":\"de\"}]}<\/script>\n<!-- \/ Yoast SEO plugin. -->","yoast_head_json":{"title":"Slow Hospitality - Garda Slow Emotion","robots":{"index":"index","follow":"follow","max-snippet":"max-snippet:-1","max-image-preview":"max-image-preview:large","max-video-preview":"max-video-preview:-1"},"canonical":"https:\/\/gardaslowemotion.ddev.local\/de\/slow-hospitality\/","og_locale":"de_DE","og_type":"article","og_title":"Slow Hospitality - Garda Slow Emotion","og_description":"Slow travel\u00a0und\u00a0slow food sind sehr trendy. Wir m\u00f6chten euch hier das vorstellen, was wir uns unter dem Begriff Garda Slow Emotion\u00a0vorstellen: Gewisserma\u00dfen eine Einladung, den Alltagsrhythmus zu verlangsamen, f\u00fcr sich selbst Zeit zu nehmen, wieder die sch\u00f6nen Seiten der Dinge zu entdecken, die mit Liebe und ohne Zeitbedr\u00e4ngnis gemacht sind. Wir m\u00f6chten euch einen Urlaubsaufenthalt [&hellip;]","og_url":"https:\/\/gardaslowemotion.ddev.local\/de\/slow-hospitality\/","og_site_name":"Garda Slow Emotion","article_publisher":"https:\/\/www.facebook.com\/anticacroce\/","article_modified_time":"2023-04-16T19:05:46+00:00","og_image":[{"width":2592,"height":1944,"url":"https:\/\/gardaslowemotion.ddev.local\/wp-content\/uploads\/2018\/10\/DSC04276.jpg","type":"image\/jpeg"}],"twitter_card":"summary_large_image","twitter_misc":{"Gesch\u00e4tzte Lesezeit":"1\u00a0Minute"},"schema":{"@context":"https:\/\/schema.org","@graph":[{"@type":"WebPage","@id":"https:\/\/gardaslowemotion.ddev.local\/de\/slow-hospitality\/","url":"https:\/\/gardaslowemotion.ddev.local\/de\/slow-hospitality\/","name":"Slow Hospitality - Garda Slow Emotion","isPartOf":{"@id":"https:\/\/gardaslowemotion.ddev.local\/it\/#website"},"primaryImageOfPage":{"@id":"https:\/\/gardaslowemotion.ddev.local\/de\/slow-hospitality\/#primaryimage"},"image":{"@id":"https:\/\/gardaslowemotion.ddev.local\/de\/slow-hospitality\/#primaryimage"},"thumbnailUrl":"https:\/\/gardaslowemotion.it\/wp-content\/uploads\/2018\/10\/DSC04276.jpg","datePublished":"2023-04-06T17:17:46+00:00","dateModified":"2023-04-16T19:05:46+00:00","breadcrumb":{"@id":"https:\/\/gardaslowemotion.ddev.local\/de\/slow-hospitality\/#breadcrumb"},"inLanguage":"de","potentialAction":[{"@type":"ReadAction","target":["https:\/\/gardaslowemotion.ddev.local\/de\/slow-hospitality\/"]}]},{"@type":"ImageObject","inLanguage":"de","@id":"https:\/\/gardaslowemotion.ddev.local\/de\/slow-hospitality\/#primaryimage","url":"https:\/\/gardaslowemotion.it\/wp-content\/uploads\/2018\/10\/DSC04276.jpg","contentUrl":"https:\/\/gardaslowemotion.it\/wp-content\/uploads\/2018\/10\/DSC04276.jpg","width":2592,"height":1944},{"@type":"BreadcrumbList","@id":"https:\/\/gardaslowemotion.ddev.local\/de\/slow-hospitality\/#breadcrumb","itemListElement":[{"@type":"ListItem","position":1,"name":"Home","item":"https:\/\/gardaslowemotion.ddev.local\/de\/"},{"@type":"ListItem","position":2,"name":"Slow Hospitality"}]},{"@type":"WebSite","@id":"https:\/\/gardaslowemotion.ddev.local\/it\/#website","url":"https:\/\/gardaslowemotion.ddev.local\/it\/","name":"Garda Slow Emotion","description":"Hotel, appartamenti e ristorante a due passi dal Lago di Garda.","potentialAction":[{"@type":"SearchAction","target":{"@type":"EntryPoint","urlTemplate":"https:\/\/gardaslowemotion.ddev.local\/it\/?s={search_term_string}"},"query-input":{"@type":"PropertyValueSpecification","valueRequired":true,"valueName":"search_term_string"}}],"inLanguage":"de"}]}},"meta_box":{"additional_info":"","apartments":[],"intro_title":"","intro_content":"","intro_box_offers":"","intro_box_gallery":"","structures_title":"","structures_text":"","structures":[2047,2069,2074,2078],"restaurant_backdrop":false,"restaurant_title":"","restaurant_text":"","restaurant_page":"","posts_title":"","posts_text":"","posts":[],"accomodations_list_structures":[2047,2069,2074,2078],"cta_label":"","internal_url":"","external_url":"","list_offers":[],"menus":[],"shortcode_form":"","facilities":"","simplegrids":[],"toptenitems":[],"redirect_to":""},"_links":{"self":[{"href":"https:\/\/gardaslowemotion.it\/de\/wp-json\/wp\/v2\/pages\/2083","targetHints":{"allow":["GET"]}}],"collection":[{"href":"https:\/\/gardaslowemotion.it\/de\/wp-json\/wp\/v2\/pages"}],"about":[{"href":"https:\/\/gardaslowemotion.it\/de\/wp-json\/wp\/v2\/types\/page"}],"author":[{"embeddable":true,"href":"https:\/\/gardaslowemotion.it\/de\/wp-json\/wp\/v2\/users\/4"}],"replies":[{"embeddable":true,"href":"https:\/\/gardaslowemotion.it\/de\/wp-json\/wp\/v2\/comments?post=2083"}],"version-history":[{"count":1,"href":"https:\/\/gardaslowemotion.it\/de\/wp-json\/wp\/v2\/pages\/2083\/revisions"}],"predecessor-version":[{"id":2086,"href":"https:\/\/gardaslowemotion.it\/de\/wp-json\/wp\/v2\/pages\/2083\/revisions\/2086"}],"wp:featuredmedia":[{"embeddable":true,"href":"https:\/\/gardaslowemotion.it\/de\/wp-json\/wp\/v2\/media\/1342"}],"wp:attachment":[{"href":"https:\/\/gardaslowemotion.it\/de\/wp-json\/wp\/v2\/media?parent=2083"}],"curies":[{"name":"wp","href":"https:\/\/api.w.org\/{rel}","templated":true}]}}