{"id":603,"date":"2018-01-26T01:42:19","date_gmt":"2018-01-26T01:42:19","guid":{"rendered":"http:\/\/gardaslowemotion.local\/?page_id=603"},"modified":"2023-04-24T08:58:33","modified_gmt":"2023-04-24T08:58:33","slug":"homepage","status":"publish","type":"page","link":"https:\/\/gardaslowemotion.it\/de\/","title":{"rendered":"Homepage"},"content":{"rendered":"","protected":false},"excerpt":{"rendered":"","protected":false},"author":4,"featured_media":0,"parent":0,"menu_order":0,"comment_status":"closed","ping_status":"closed","template":"page-templates\/homepage.php","meta":{"footnotes":""},"class_list":["post-603","page","type-page","status-publish","hentry"],"yoast_head":"<!-- This site is optimized with the Yoast SEO plugin v27.1.1 - https:\/\/yoast.com\/product\/yoast-seo-wordpress\/ -->\n<title>Homepage - Garda Slow Emotion<\/title>\n<meta name=\"robots\" content=\"index, follow, max-snippet:-1, max-image-preview:large, max-video-preview:-1\" \/>\n<link rel=\"canonical\" href=\"https:\/\/gardaslowemotion.ddev.local\/de\/\" \/>\n<meta property=\"og:locale\" content=\"de_DE\" \/>\n<meta property=\"og:type\" content=\"article\" \/>\n<meta property=\"og:title\" content=\"Homepage - Garda Slow Emotion\" \/>\n<meta property=\"og:url\" content=\"https:\/\/gardaslowemotion.ddev.local\/de\/\" \/>\n<meta property=\"og:site_name\" content=\"Garda Slow Emotion\" \/>\n<meta property=\"article:publisher\" content=\"https:\/\/www.facebook.com\/anticacroce\/\" \/>\n<meta property=\"article:modified_time\" content=\"2023-04-24T08:58:33+00:00\" \/>\n<meta property=\"og:image\" content=\"https:\/\/gardaslowemotion.it\/wp-content\/uploads\/2018\/03\/facebook-generic-opengraph.jpg\" \/>\n\t<meta property=\"og:image:width\" content=\"1396\" \/>\n\t<meta property=\"og:image:height\" content=\"752\" \/>\n\t<meta property=\"og:image:type\" content=\"image\/jpeg\" \/>\n<meta name=\"twitter:card\" content=\"summary_large_image\" \/>\n<script type=\"application\/ld+json\" class=\"yoast-schema-graph\">{\"@context\":\"https:\/\/schema.org\",\"@graph\":[{\"@type\":\"WebPage\",\"@id\":\"https:\/\/gardaslowemotion.ddev.local\/de\/\",\"url\":\"https:\/\/gardaslowemotion.ddev.local\/de\/\",\"name\":\"Homepage - Garda Slow Emotion\",\"isPartOf\":{\"@id\":\"https:\/\/gardaslowemotion.ddev.local\/it\/#website\"},\"datePublished\":\"2018-01-26T01:42:19+00:00\",\"dateModified\":\"2023-04-24T08:58:33+00:00\",\"breadcrumb\":{\"@id\":\"https:\/\/gardaslowemotion.ddev.local\/de\/#breadcrumb\"},\"inLanguage\":\"de\",\"potentialAction\":[{\"@type\":\"ReadAction\",\"target\":[\"https:\/\/gardaslowemotion.ddev.local\/de\/\"]}]},{\"@type\":\"BreadcrumbList\",\"@id\":\"https:\/\/gardaslowemotion.ddev.local\/de\/#breadcrumb\",\"itemListElement\":[{\"@type\":\"ListItem\",\"position\":1,\"name\":\"Home\",\"item\":\"https:\/\/gardaslowemotion.ddev.local\/de\/\"},{\"@type\":\"ListItem\",\"position\":2,\"name\":\"Homepage\"}]},{\"@type\":\"WebSite\",\"@id\":\"https:\/\/gardaslowemotion.ddev.local\/it\/#website\",\"url\":\"https:\/\/gardaslowemotion.ddev.local\/it\/\",\"name\":\"Garda Slow Emotion\",\"description\":\"Hotel, appartamenti e ristorante a due passi dal Lago di Garda.\",\"potentialAction\":[{\"@type\":\"SearchAction\",\"target\":{\"@type\":\"EntryPoint\",\"urlTemplate\":\"https:\/\/gardaslowemotion.ddev.local\/it\/?s={search_term_string}\"},\"query-input\":{\"@type\":\"PropertyValueSpecification\",\"valueRequired\":true,\"valueName\":\"search_term_string\"}}],\"inLanguage\":\"de\"}]}<\/script>\n<!-- \/ Yoast SEO plugin. -->","yoast_head_json":{"title":"Homepage - Garda Slow Emotion","robots":{"index":"index","follow":"follow","max-snippet":"max-snippet:-1","max-image-preview":"max-image-preview:large","max-video-preview":"max-video-preview:-1"},"canonical":"https:\/\/gardaslowemotion.ddev.local\/de\/","og_locale":"de_DE","og_type":"article","og_title":"Homepage - Garda Slow Emotion","og_url":"https:\/\/gardaslowemotion.ddev.local\/de\/","og_site_name":"Garda Slow Emotion","article_publisher":"https:\/\/www.facebook.com\/anticacroce\/","article_modified_time":"2023-04-24T08:58:33+00:00","og_image":[{"width":1396,"height":752,"url":"https:\/\/gardaslowemotion.it\/wp-content\/uploads\/2018\/03\/facebook-generic-opengraph.jpg","type":"image\/jpeg"}],"twitter_card":"summary_large_image","schema":{"@context":"https:\/\/schema.org","@graph":[{"@type":"WebPage","@id":"https:\/\/gardaslowemotion.ddev.local\/de\/","url":"https:\/\/gardaslowemotion.ddev.local\/de\/","name":"Homepage - Garda Slow Emotion","isPartOf":{"@id":"https:\/\/gardaslowemotion.ddev.local\/it\/#website"},"datePublished":"2018-01-26T01:42:19+00:00","dateModified":"2023-04-24T08:58:33+00:00","breadcrumb":{"@id":"https:\/\/gardaslowemotion.ddev.local\/de\/#breadcrumb"},"inLanguage":"de","potentialAction":[{"@type":"ReadAction","target":["https:\/\/gardaslowemotion.ddev.local\/de\/"]}]},{"@type":"BreadcrumbList","@id":"https:\/\/gardaslowemotion.ddev.local\/de\/#breadcrumb","itemListElement":[{"@type":"ListItem","position":1,"name":"Home","item":"https:\/\/gardaslowemotion.ddev.local\/de\/"},{"@type":"ListItem","position":2,"name":"Homepage"}]},{"@type":"WebSite","@id":"https:\/\/gardaslowemotion.ddev.local\/it\/#website","url":"https:\/\/gardaslowemotion.ddev.local\/it\/","name":"Garda Slow Emotion","description":"Hotel, appartamenti e ristorante a due passi dal Lago di Garda.","potentialAction":[{"@type":"SearchAction","target":{"@type":"EntryPoint","urlTemplate":"https:\/\/gardaslowemotion.ddev.local\/it\/?s={search_term_string}"},"query-input":{"@type":"PropertyValueSpecification","valueRequired":true,"valueName":"search_term_string"}}],"inLanguage":"de"}]}},"meta_box":{"additional_info":"","apartments":[],"intro_title":"Garda Slow Emotion: Hotel, Apartments und Restaurant","intro_content":"<p align=\"JUSTIFY\">Schlie\u00dfe die Augen, und stelle dir einen kleinen mittelalterlichen Marktflecken und eine Burg vor, die aus ihrer H\u00f6he den <strong>Gardasee<\/strong> dominiert. Viel Sonne, italienische Eleganz, eine stille und panoramareiche Lage, in unmittelbarer N\u00e4he beim <strong>Lago di Tenno<\/strong> \u2013 <strong>Tennosee<\/strong>, und in die von mediterranen D\u00fcften erf\u00fcllte Luft. Hier wird euch das <strong>Garda Slow Emotion<\/strong>\u00a0angenehm \u00fcberraschen: Eine echte <strong>Oase der Erholung<\/strong>, in der ihr, mit dem Respekt f\u00fcr die Umwelt und die Jahreszeiten, den harmonischen Ausgleich zwischen Natur und Geschmack finden werdet.<\/p>\n<p align=\"JUSTIFY\"><em>\u201cDie ideale Urlaubsversion ist der <strong>Urlaub<\/strong>, <strong>der an keine Zeit<\/strong> gebunden ist, auf direktem Kontakt mit der <strong>Natur<\/strong>, in dem man den <strong>kompletten Seelenfrieden<\/strong> erlangt\u201d<\/em><\/p>\n","intro_box_offers":"<p><strong>Sind Sie auf der Suche nach einem ruhigen Ort und abseits der chaotischen touristischen Destinationen?<\/strong><br \/>\nEntdecken Sie unsere Angebote: entspannende und angenehme Vorschl\u00e4ge, Orte und Aktivit\u00e4ten zu entdecken, wo Sie sich vom Alltag erholen k\u00f6nnen!<\/p>\n","intro_box_gallery":"<p><strong>Sind Sie neugierig was ein Slow Emotion Urlaub ist?<\/strong><br \/>\nSchauen Sie sich die Bilder, wir ausgesucht haben, und tr\u00e4umen Sie von Ihrem n\u00e4chsten Urlaub am Tennosee im Trentino.<\/p>\n","structures_title":"Slow Emotion Holiday","structures_text":"<p><strong>Sind Sie auf der Suche nach einem ruhigen Ort und abseits der chaotischen touristischen Destinationen?<\/strong><br \/>\nEntdecken Sie unsere Angebote: entspannende und angenehme Vorschl\u00e4ge, Orte und Aktivit\u00e4ten zu entdecken, wo Sie sich vom Alltag erholen k\u00f6nnen!<\/p>\n","structures":[2047,2069,2074,2078],"restaurant_backdrop":{"width":150,"height":150,"file":"2023\/04\/fascia-ristorante-scaled.jpeg","filesize":342188,"sizes":{"medium":{"file":"fascia-ristorante-300x200.jpeg","width":300,"height":200,"mime-type":"image\/jpeg","filesize":31612,"url":"https:\/\/gardaslowemotion.it\/wp-content\/uploads\/2023\/04\/fascia-ristorante-300x200.jpeg"},"large":{"file":"fascia-ristorante-1024x683.jpeg","width":1024,"height":683,"mime-type":"image\/jpeg","filesize":98138,"url":"https:\/\/gardaslowemotion.it\/wp-content\/uploads\/2023\/04\/fascia-ristorante-1024x683.jpeg"},"thumbnail":{"file":"fascia-ristorante-150x150.jpeg","width":150,"height":150,"mime-type":"image\/jpeg","filesize":23615,"url":"https:\/\/gardaslowemotion.it\/wp-content\/uploads\/2023\/04\/fascia-ristorante-150x150.jpeg"},"medium_large":{"file":"fascia-ristorante-768x512.jpeg","width":768,"height":512,"mime-type":"image\/jpeg","filesize":70939,"url":"https:\/\/gardaslowemotion.it\/wp-content\/uploads\/2023\/04\/fascia-ristorante-768x512.jpeg"},"1536x1536":{"file":"fascia-ristorante-1536x1024.jpeg","width":1536,"height":1024,"mime-type":"image\/jpeg","filesize":161391,"url":"https:\/\/gardaslowemotion.it\/wp-content\/uploads\/2023\/04\/fascia-ristorante-1536x1024.jpeg"},"2048x2048":{"file":"fascia-ristorante-2048x1366.jpeg","width":2048,"height":1366,"mime-type":"image\/jpeg","filesize":240829,"url":"https:\/\/gardaslowemotion.it\/wp-content\/uploads\/2023\/04\/fascia-ristorante-2048x1366.jpeg"},"slideshow":{"file":"fascia-ristorante-1600x870.jpeg","width":1600,"height":870,"mime-type":"image\/jpeg","filesize":150194,"url":"https:\/\/gardaslowemotion.it\/wp-content\/uploads\/2023\/04\/fascia-ristorante-1600x870.jpeg"},"foto_pagina":{"file":"fascia-ristorante-1600x580.jpeg","width":1600,"height":580,"mime-type":"image\/jpeg","filesize":115528,"url":"https:\/\/gardaslowemotion.it\/wp-content\/uploads\/2023\/04\/fascia-ristorante-1600x580.jpeg"},"miniatura_gallery":{"file":"fascia-ristorante-530x430.jpeg","width":530,"height":430,"mime-type":"image\/jpeg","filesize":53385,"url":"https:\/\/gardaslowemotion.it\/wp-content\/uploads\/2023\/04\/fascia-ristorante-530x430.jpeg"},"quadrato":{"file":"fascia-ristorante-500x500.jpeg","width":500,"height":500,"mime-type":"image\/jpeg","filesize":53837,"url":"https:\/\/gardaslowemotion.it\/wp-content\/uploads\/2023\/04\/fascia-ristorante-500x500.jpeg"},"zoom":{"file":"fascia-ristorante-1597x1065.jpeg","width":1597,"height":1065,"mime-type":"image\/jpeg","filesize":170987,"url":"https:\/\/gardaslowemotion.it\/wp-content\/uploads\/2023\/04\/fascia-ristorante-1597x1065.jpeg"}},"image_meta":{"aperture":"0","credit":"","camera":"","caption":"","created_timestamp":"0","copyright":"alice russolo","focal_length":"0","iso":"0","shutter_speed":"0","title":"","orientation":"0","keywords":[]},"original_image":"fascia-ristorante.jpeg","ID":"2171","name":"fascia-ristorante-scaled.jpeg","path":"\/home\/u621695551\/domains\/gardaslowemotion.it\/public_html\/wp-content\/uploads\/2023\/04\/fascia-ristorante-scaled.jpeg","url":"https:\/\/gardaslowemotion.it\/wp-content\/uploads\/2023\/04\/fascia-ristorante-150x150.jpeg","full_url":"https:\/\/gardaslowemotion.it\/wp-content\/uploads\/2023\/04\/fascia-ristorante-scaled.jpeg","title":"fascia-ristorante","caption":"","description":"","alt":"","srcset":"https:\/\/gardaslowemotion.it\/wp-content\/uploads\/2023\/04\/fascia-ristorante-150x150.jpeg 150w, https:\/\/gardaslowemotion.it\/wp-content\/uploads\/2023\/04\/fascia-ristorante-500x500.jpeg 500w"},"restaurant_title":"Antica Croce, Historisches Restaurant im Trentino","restaurant_text":"Die Geschm\u00e4cker der Vergangenheit, vergessene Rezepte, D\u00fcfte, die an die heimischen K\u00fcchen erinnern, die intimsten Traditionen des Trentino, \u00fcber die niemand mehr spricht.","restaurant_page":871,"posts_title":"","posts_text":"","posts":[],"accomodations_list_structures":[],"cta_label":"","internal_url":"","external_url":"","list_offers":[],"menus":[],"shortcode_form":"","facilities":"","simplegrids":[],"toptenitems":[],"redirect_to":""},"_links":{"self":[{"href":"https:\/\/gardaslowemotion.it\/de\/wp-json\/wp\/v2\/pages\/603","targetHints":{"allow":["GET"]}}],"collection":[{"href":"https:\/\/gardaslowemotion.it\/de\/wp-json\/wp\/v2\/pages"}],"about":[{"href":"https:\/\/gardaslowemotion.it\/de\/wp-json\/wp\/v2\/types\/page"}],"author":[{"embeddable":true,"href":"https:\/\/gardaslowemotion.it\/de\/wp-json\/wp\/v2\/users\/4"}],"replies":[{"embeddable":true,"href":"https:\/\/gardaslowemotion.it\/de\/wp-json\/wp\/v2\/comments?post=603"}],"version-history":[{"count":5,"href":"https:\/\/gardaslowemotion.it\/de\/wp-json\/wp\/v2\/pages\/603\/revisions"}],"predecessor-version":[{"id":1012,"href":"https:\/\/gardaslowemotion.it\/de\/wp-json\/wp\/v2\/pages\/603\/revisions\/1012"}],"wp:attachment":[{"href":"https:\/\/gardaslowemotion.it\/de\/wp-json\/wp\/v2\/media?parent=603"}],"curies":[{"name":"wp","href":"https:\/\/api.w.org\/{rel}","templated":true}]}}