{"id":856,"date":"2018-03-06T14:08:47","date_gmt":"2018-03-06T14:08:47","guid":{"rendered":"http:\/\/gardaslowemotion.it\/?page_id=856"},"modified":"2018-03-06T14:08:47","modified_gmt":"2018-03-06T14:08:47","slug":"unsere-philosophie","status":"publish","type":"page","link":"https:\/\/gardaslowemotion.it\/de\/unsere-philosophie\/","title":{"rendered":"Unsere Philosophie"},"content":{"rendered":"<p align=\"JUSTIFY\"><strong>Slow travel<\/strong> und <strong>slow food<\/strong> sind sehr trendy. Wir m\u00f6chten euch hier das vorstellen, was wir uns unter dem Begriff <strong>Slow Emotion Hotel<\/strong> vorstellen: Gewisserma\u00dfen eine Einladung, den Alltagsrhythmus zu verlangsamen, f\u00fcr sich selbst Zeit zu nehmen, wieder die sch\u00f6nen Seiten der Dinge zu entdecken, die mit Liebe und ohne Zeitbedr\u00e4ngnis gemacht sind. Wir m\u00f6chten euch einen Urlaubsaufenthalt im Zeichen der Lebenslust bieten, um wieder <strong>die Freuden des Lebens ohne Hast und Eile zu genie\u00dfen<\/strong>.<\/p>\n<p align=\"JUSTIFY\">Als wir unser \u201cabenteuerliches\u201d Unternehmen begonnen haben, hatten wir noch keinen blassen Schimmer \u00fcber all das Drumherum. Dennoch hatten wir schon den richtigen Weg eingeschlagen, um unser <strong>Slow Emotion Hotel<\/strong> zu schaffen. Uns war klar, dass unser Angebot, um die besten Ergebnisse zu erzielen, unsere Personalit\u00e4t widerspiegeln musste, unsere Liebe zu den Details, unsere Bindung an die lokale Gemeinschaft und unseren unerm\u00fcdlichen Einsatz gegen\u00fcber der Umwelt. In den vergangenen Jahren haben wir in diese Richtung hin gearbeitet und somit ein von unseren G\u00e4sten geliebtes und gesch\u00e4tztes <strong>Qualit\u00e4tsprodukt<\/strong> geschaffen, und auch mit Hilfe aller Familienmitglieder, unseren gro\u00dfen Traum realisiert: <strong>Wir haben ein einzigartiges, auf die Qualit\u00e4t ausgerichtetes Urlaubsziel geschaffen<\/strong>. Auch in dieser Phase der Renovierung treffen wir f\u00fcr euch Entscheidungen, die sich auf euer bestm\u00f6gliches Wohlbefinden konzentrieren, wobei die Qualit\u00e4t stets den Vorrang vor der Quantit\u00e4t hat.<\/p>\n<p align=\"JUSTIFY\"><strong>Das Slow Emotion Hotel ANTICA CROCE erwartet euch f\u00fcr ein Urlaubserlebnis ohne Zeitdrang! <\/strong><\/p>\n","protected":false},"excerpt":{"rendered":"<p>Slow travel und slow food sind sehr trendy. Wir m\u00f6chten euch hier das vorstellen, was wir uns unter dem Begriff Slow Emotion Hotel vorstellen: Gewisserma\u00dfen eine Einladung, den Alltagsrhythmus zu verlangsamen, f\u00fcr sich selbst Zeit zu nehmen, wieder die sch\u00f6nen Seiten der Dinge zu entdecken, die mit Liebe und ohne Zeitbedr\u00e4ngnis gemacht sind. Wir m\u00f6chten [&hellip;]<\/p>\n","protected":false},"author":4,"featured_media":0,"parent":0,"menu_order":0,"comment_status":"closed","ping_status":"closed","template":"","meta":{"footnotes":""},"class_list":["post-856","page","type-page","status-publish","hentry"],"yoast_head":"<!-- This site is optimized with the Yoast SEO plugin v27.1.1 - https:\/\/yoast.com\/product\/yoast-seo-wordpress\/ -->\n<title>Unsere Philosophie - Garda Slow Emotion<\/title>\n<meta name=\"robots\" content=\"index, follow, max-snippet:-1, max-image-preview:large, max-video-preview:-1\" \/>\n<link rel=\"canonical\" href=\"https:\/\/gardaslowemotion.ddev.local\/de\/unsere-philosophie\/\" \/>\n<meta property=\"og:locale\" content=\"de_DE\" \/>\n<meta property=\"og:type\" content=\"article\" \/>\n<meta property=\"og:title\" content=\"Unsere Philosophie - Garda Slow Emotion\" \/>\n<meta property=\"og:description\" content=\"Slow travel und slow food sind sehr trendy. Wir m\u00f6chten euch hier das vorstellen, was wir uns unter dem Begriff Slow Emotion Hotel vorstellen: Gewisserma\u00dfen eine Einladung, den Alltagsrhythmus zu verlangsamen, f\u00fcr sich selbst Zeit zu nehmen, wieder die sch\u00f6nen Seiten der Dinge zu entdecken, die mit Liebe und ohne Zeitbedr\u00e4ngnis gemacht sind. Wir m\u00f6chten [&hellip;]\" \/>\n<meta property=\"og:url\" content=\"https:\/\/gardaslowemotion.ddev.local\/de\/unsere-philosophie\/\" \/>\n<meta property=\"og:site_name\" content=\"Garda Slow Emotion\" \/>\n<meta property=\"article:publisher\" content=\"https:\/\/www.facebook.com\/anticacroce\/\" \/>\n<meta property=\"og:image\" content=\"https:\/\/gardaslowemotion.it\/wp-content\/uploads\/2018\/03\/facebook-generic-opengraph.jpg\" \/>\n\t<meta property=\"og:image:width\" content=\"1396\" \/>\n\t<meta property=\"og:image:height\" content=\"752\" \/>\n\t<meta property=\"og:image:type\" content=\"image\/jpeg\" \/>\n<meta name=\"twitter:card\" content=\"summary_large_image\" \/>\n<meta name=\"twitter:label1\" content=\"Gesch\u00e4tzte Lesezeit\" \/>\n\t<meta name=\"twitter:data1\" content=\"1\u00a0Minute\" \/>\n<script type=\"application\/ld+json\" class=\"yoast-schema-graph\">{\"@context\":\"https:\/\/schema.org\",\"@graph\":[{\"@type\":\"WebPage\",\"@id\":\"https:\/\/gardaslowemotion.ddev.local\/de\/unsere-philosophie\/\",\"url\":\"https:\/\/gardaslowemotion.ddev.local\/de\/unsere-philosophie\/\",\"name\":\"Unsere Philosophie - Garda Slow Emotion\",\"isPartOf\":{\"@id\":\"https:\/\/gardaslowemotion.ddev.local\/it\/#website\"},\"datePublished\":\"2018-03-06T14:08:47+00:00\",\"breadcrumb\":{\"@id\":\"https:\/\/gardaslowemotion.ddev.local\/de\/unsere-philosophie\/#breadcrumb\"},\"inLanguage\":\"de\",\"potentialAction\":[{\"@type\":\"ReadAction\",\"target\":[\"https:\/\/gardaslowemotion.ddev.local\/de\/unsere-philosophie\/\"]}]},{\"@type\":\"BreadcrumbList\",\"@id\":\"https:\/\/gardaslowemotion.ddev.local\/de\/unsere-philosophie\/#breadcrumb\",\"itemListElement\":[{\"@type\":\"ListItem\",\"position\":1,\"name\":\"Home\",\"item\":\"https:\/\/gardaslowemotion.ddev.local\/de\/\"},{\"@type\":\"ListItem\",\"position\":2,\"name\":\"Unsere Philosophie\"}]},{\"@type\":\"WebSite\",\"@id\":\"https:\/\/gardaslowemotion.ddev.local\/it\/#website\",\"url\":\"https:\/\/gardaslowemotion.ddev.local\/it\/\",\"name\":\"Garda Slow Emotion\",\"description\":\"Hotel, appartamenti e ristorante a due passi dal Lago di Garda.\",\"potentialAction\":[{\"@type\":\"SearchAction\",\"target\":{\"@type\":\"EntryPoint\",\"urlTemplate\":\"https:\/\/gardaslowemotion.ddev.local\/it\/?s={search_term_string}\"},\"query-input\":{\"@type\":\"PropertyValueSpecification\",\"valueRequired\":true,\"valueName\":\"search_term_string\"}}],\"inLanguage\":\"de\"}]}<\/script>\n<!-- \/ Yoast SEO plugin. -->","yoast_head_json":{"title":"Unsere Philosophie - Garda Slow Emotion","robots":{"index":"index","follow":"follow","max-snippet":"max-snippet:-1","max-image-preview":"max-image-preview:large","max-video-preview":"max-video-preview:-1"},"canonical":"https:\/\/gardaslowemotion.ddev.local\/de\/unsere-philosophie\/","og_locale":"de_DE","og_type":"article","og_title":"Unsere Philosophie - Garda Slow Emotion","og_description":"Slow travel und slow food sind sehr trendy. Wir m\u00f6chten euch hier das vorstellen, was wir uns unter dem Begriff Slow Emotion Hotel vorstellen: Gewisserma\u00dfen eine Einladung, den Alltagsrhythmus zu verlangsamen, f\u00fcr sich selbst Zeit zu nehmen, wieder die sch\u00f6nen Seiten der Dinge zu entdecken, die mit Liebe und ohne Zeitbedr\u00e4ngnis gemacht sind. Wir m\u00f6chten [&hellip;]","og_url":"https:\/\/gardaslowemotion.ddev.local\/de\/unsere-philosophie\/","og_site_name":"Garda Slow Emotion","article_publisher":"https:\/\/www.facebook.com\/anticacroce\/","og_image":[{"width":1396,"height":752,"url":"https:\/\/gardaslowemotion.it\/wp-content\/uploads\/2018\/03\/facebook-generic-opengraph.jpg","type":"image\/jpeg"}],"twitter_card":"summary_large_image","twitter_misc":{"Gesch\u00e4tzte Lesezeit":"1\u00a0Minute"},"schema":{"@context":"https:\/\/schema.org","@graph":[{"@type":"WebPage","@id":"https:\/\/gardaslowemotion.ddev.local\/de\/unsere-philosophie\/","url":"https:\/\/gardaslowemotion.ddev.local\/de\/unsere-philosophie\/","name":"Unsere Philosophie - Garda Slow Emotion","isPartOf":{"@id":"https:\/\/gardaslowemotion.ddev.local\/it\/#website"},"datePublished":"2018-03-06T14:08:47+00:00","breadcrumb":{"@id":"https:\/\/gardaslowemotion.ddev.local\/de\/unsere-philosophie\/#breadcrumb"},"inLanguage":"de","potentialAction":[{"@type":"ReadAction","target":["https:\/\/gardaslowemotion.ddev.local\/de\/unsere-philosophie\/"]}]},{"@type":"BreadcrumbList","@id":"https:\/\/gardaslowemotion.ddev.local\/de\/unsere-philosophie\/#breadcrumb","itemListElement":[{"@type":"ListItem","position":1,"name":"Home","item":"https:\/\/gardaslowemotion.ddev.local\/de\/"},{"@type":"ListItem","position":2,"name":"Unsere Philosophie"}]},{"@type":"WebSite","@id":"https:\/\/gardaslowemotion.ddev.local\/it\/#website","url":"https:\/\/gardaslowemotion.ddev.local\/it\/","name":"Garda Slow Emotion","description":"Hotel, appartamenti e ristorante a due passi dal Lago di Garda.","potentialAction":[{"@type":"SearchAction","target":{"@type":"EntryPoint","urlTemplate":"https:\/\/gardaslowemotion.ddev.local\/it\/?s={search_term_string}"},"query-input":{"@type":"PropertyValueSpecification","valueRequired":true,"valueName":"search_term_string"}}],"inLanguage":"de"}]}},"meta_box":{"additional_info":"","apartments":[],"intro_title":"","intro_content":"","intro_box_offers":"","intro_box_gallery":"","structures_title":"","structures_text":"","structures":[],"restaurant_backdrop":false,"restaurant_title":"","restaurant_text":"","restaurant_page":"","posts_title":"","posts_text":"","posts":[],"accomodations_list_structures":[],"cta_label":"","internal_url":"","external_url":"","list_offers":[],"menus":[],"shortcode_form":"","facilities":"","simplegrids":[],"toptenitems":[],"redirect_to":""},"_links":{"self":[{"href":"https:\/\/gardaslowemotion.it\/de\/wp-json\/wp\/v2\/pages\/856","targetHints":{"allow":["GET"]}}],"collection":[{"href":"https:\/\/gardaslowemotion.it\/de\/wp-json\/wp\/v2\/pages"}],"about":[{"href":"https:\/\/gardaslowemotion.it\/de\/wp-json\/wp\/v2\/types\/page"}],"author":[{"embeddable":true,"href":"https:\/\/gardaslowemotion.it\/de\/wp-json\/wp\/v2\/users\/4"}],"replies":[{"embeddable":true,"href":"https:\/\/gardaslowemotion.it\/de\/wp-json\/wp\/v2\/comments?post=856"}],"version-history":[{"count":2,"href":"https:\/\/gardaslowemotion.it\/de\/wp-json\/wp\/v2\/pages\/856\/revisions"}],"predecessor-version":[{"id":858,"href":"https:\/\/gardaslowemotion.it\/de\/wp-json\/wp\/v2\/pages\/856\/revisions\/858"}],"wp:attachment":[{"href":"https:\/\/gardaslowemotion.it\/de\/wp-json\/wp\/v2\/media?parent=856"}],"curies":[{"name":"wp","href":"https:\/\/api.w.org\/{rel}","templated":true}]}}