{"id":868,"date":"2018-03-06T14:20:33","date_gmt":"2018-03-06T14:20:33","guid":{"rendered":"http:\/\/gardaslowemotion.it\/?page_id=868"},"modified":"2018-03-06T14:23:38","modified_gmt":"2018-03-06T14:23:38","slug":"gut-zu-wissen","status":"publish","type":"page","link":"https:\/\/gardaslowemotion.it\/de\/slow-emotion-holiday\/gut-zu-wissen\/","title":{"rendered":"Gut zu wissen"},"content":{"rendered":"<p>Entdeckt die besten Gr\u00fcnde, warum eure Wahl auf das Slow Emotion Hotel ANTICA CROCE f\u00e4llt:<\/p>\n","protected":false},"excerpt":{"rendered":"<p>Entdeckt die besten Gr\u00fcnde, warum eure Wahl auf das Slow Emotion Hotel ANTICA CROCE f\u00e4llt:<\/p>\n","protected":false},"author":4,"featured_media":0,"parent":853,"menu_order":0,"comment_status":"closed","ping_status":"closed","template":"page-templates\/top.php","meta":{"footnotes":""},"class_list":["post-868","page","type-page","status-publish","hentry"],"yoast_head":"<!-- This site is optimized with the Yoast SEO plugin v27.1.1 - https:\/\/yoast.com\/product\/yoast-seo-wordpress\/ -->\n<title>Gut zu wissen - Garda Slow Emotion<\/title>\n<meta name=\"robots\" content=\"index, follow, max-snippet:-1, max-image-preview:large, max-video-preview:-1\" \/>\n<link rel=\"canonical\" href=\"https:\/\/gardaslowemotion.ddev.local\/de\/slow-emotion-holiday\/gut-zu-wissen\/\" \/>\n<meta property=\"og:locale\" content=\"de_DE\" \/>\n<meta property=\"og:type\" content=\"article\" \/>\n<meta property=\"og:title\" content=\"Gut zu wissen - Garda Slow Emotion\" \/>\n<meta property=\"og:description\" content=\"Entdeckt die besten Gr\u00fcnde, warum eure Wahl auf das Slow Emotion Hotel ANTICA CROCE f\u00e4llt:\" \/>\n<meta property=\"og:url\" content=\"https:\/\/gardaslowemotion.ddev.local\/de\/slow-emotion-holiday\/gut-zu-wissen\/\" \/>\n<meta property=\"og:site_name\" content=\"Garda Slow Emotion\" \/>\n<meta property=\"article:publisher\" content=\"https:\/\/www.facebook.com\/anticacroce\/\" \/>\n<meta property=\"article:modified_time\" content=\"2018-03-06T14:23:38+00:00\" \/>\n<meta property=\"og:image\" content=\"https:\/\/gardaslowemotion.it\/wp-content\/uploads\/2018\/03\/facebook-generic-opengraph.jpg\" \/>\n\t<meta property=\"og:image:width\" content=\"1396\" \/>\n\t<meta property=\"og:image:height\" content=\"752\" \/>\n\t<meta property=\"og:image:type\" content=\"image\/jpeg\" \/>\n<meta name=\"twitter:card\" content=\"summary_large_image\" \/>\n<script type=\"application\/ld+json\" class=\"yoast-schema-graph\">{\"@context\":\"https:\/\/schema.org\",\"@graph\":[{\"@type\":\"WebPage\",\"@id\":\"https:\/\/gardaslowemotion.ddev.local\/de\/slow-emotion-holiday\/gut-zu-wissen\/\",\"url\":\"https:\/\/gardaslowemotion.ddev.local\/de\/slow-emotion-holiday\/gut-zu-wissen\/\",\"name\":\"Gut zu wissen - Garda Slow Emotion\",\"isPartOf\":{\"@id\":\"https:\/\/gardaslowemotion.ddev.local\/it\/#website\"},\"datePublished\":\"2018-03-06T14:20:33+00:00\",\"dateModified\":\"2018-03-06T14:23:38+00:00\",\"breadcrumb\":{\"@id\":\"https:\/\/gardaslowemotion.ddev.local\/de\/slow-emotion-holiday\/gut-zu-wissen\/#breadcrumb\"},\"inLanguage\":\"de\",\"potentialAction\":[{\"@type\":\"ReadAction\",\"target\":[\"https:\/\/gardaslowemotion.ddev.local\/de\/slow-emotion-holiday\/gut-zu-wissen\/\"]}]},{\"@type\":\"BreadcrumbList\",\"@id\":\"https:\/\/gardaslowemotion.ddev.local\/de\/slow-emotion-holiday\/gut-zu-wissen\/#breadcrumb\",\"itemListElement\":[{\"@type\":\"ListItem\",\"position\":1,\"name\":\"Home\",\"item\":\"https:\/\/gardaslowemotion.ddev.local\/de\/\"},{\"@type\":\"ListItem\",\"position\":2,\"name\":\"Slow Emotion Holiday\",\"item\":\"https:\/\/gardaslowemotion.ddev.local\/de\/slow-emotion-holiday\/\"},{\"@type\":\"ListItem\",\"position\":3,\"name\":\"Gut zu wissen\"}]},{\"@type\":\"WebSite\",\"@id\":\"https:\/\/gardaslowemotion.ddev.local\/it\/#website\",\"url\":\"https:\/\/gardaslowemotion.ddev.local\/it\/\",\"name\":\"Garda Slow Emotion\",\"description\":\"Hotel, appartamenti e ristorante a due passi dal Lago di Garda.\",\"potentialAction\":[{\"@type\":\"SearchAction\",\"target\":{\"@type\":\"EntryPoint\",\"urlTemplate\":\"https:\/\/gardaslowemotion.ddev.local\/it\/?s={search_term_string}\"},\"query-input\":{\"@type\":\"PropertyValueSpecification\",\"valueRequired\":true,\"valueName\":\"search_term_string\"}}],\"inLanguage\":\"de\"}]}<\/script>\n<!-- \/ Yoast SEO plugin. -->","yoast_head_json":{"title":"Gut zu wissen - Garda Slow Emotion","robots":{"index":"index","follow":"follow","max-snippet":"max-snippet:-1","max-image-preview":"max-image-preview:large","max-video-preview":"max-video-preview:-1"},"canonical":"https:\/\/gardaslowemotion.ddev.local\/de\/slow-emotion-holiday\/gut-zu-wissen\/","og_locale":"de_DE","og_type":"article","og_title":"Gut zu wissen - Garda Slow Emotion","og_description":"Entdeckt die besten Gr\u00fcnde, warum eure Wahl auf das Slow Emotion Hotel ANTICA CROCE f\u00e4llt:","og_url":"https:\/\/gardaslowemotion.ddev.local\/de\/slow-emotion-holiday\/gut-zu-wissen\/","og_site_name":"Garda Slow Emotion","article_publisher":"https:\/\/www.facebook.com\/anticacroce\/","article_modified_time":"2018-03-06T14:23:38+00:00","og_image":[{"width":1396,"height":752,"url":"https:\/\/gardaslowemotion.it\/wp-content\/uploads\/2018\/03\/facebook-generic-opengraph.jpg","type":"image\/jpeg"}],"twitter_card":"summary_large_image","schema":{"@context":"https:\/\/schema.org","@graph":[{"@type":"WebPage","@id":"https:\/\/gardaslowemotion.ddev.local\/de\/slow-emotion-holiday\/gut-zu-wissen\/","url":"https:\/\/gardaslowemotion.ddev.local\/de\/slow-emotion-holiday\/gut-zu-wissen\/","name":"Gut zu wissen - Garda Slow Emotion","isPartOf":{"@id":"https:\/\/gardaslowemotion.ddev.local\/it\/#website"},"datePublished":"2018-03-06T14:20:33+00:00","dateModified":"2018-03-06T14:23:38+00:00","breadcrumb":{"@id":"https:\/\/gardaslowemotion.ddev.local\/de\/slow-emotion-holiday\/gut-zu-wissen\/#breadcrumb"},"inLanguage":"de","potentialAction":[{"@type":"ReadAction","target":["https:\/\/gardaslowemotion.ddev.local\/de\/slow-emotion-holiday\/gut-zu-wissen\/"]}]},{"@type":"BreadcrumbList","@id":"https:\/\/gardaslowemotion.ddev.local\/de\/slow-emotion-holiday\/gut-zu-wissen\/#breadcrumb","itemListElement":[{"@type":"ListItem","position":1,"name":"Home","item":"https:\/\/gardaslowemotion.ddev.local\/de\/"},{"@type":"ListItem","position":2,"name":"Slow Emotion Holiday","item":"https:\/\/gardaslowemotion.ddev.local\/de\/slow-emotion-holiday\/"},{"@type":"ListItem","position":3,"name":"Gut zu wissen"}]},{"@type":"WebSite","@id":"https:\/\/gardaslowemotion.ddev.local\/it\/#website","url":"https:\/\/gardaslowemotion.ddev.local\/it\/","name":"Garda Slow Emotion","description":"Hotel, appartamenti e ristorante a due passi dal Lago di Garda.","potentialAction":[{"@type":"SearchAction","target":{"@type":"EntryPoint","urlTemplate":"https:\/\/gardaslowemotion.ddev.local\/it\/?s={search_term_string}"},"query-input":{"@type":"PropertyValueSpecification","valueRequired":true,"valueName":"search_term_string"}}],"inLanguage":"de"}]}},"meta_box":{"additional_info":"","apartments":[],"intro_title":"","intro_content":"","intro_box_offers":"","intro_box_gallery":"","structures_title":"","structures_text":"","structures":[],"restaurant_backdrop":false,"restaurant_title":"","restaurant_text":"","restaurant_page":"","posts_title":"","posts_text":"","posts":[],"accomodations_list_structures":[],"cta_label":"","internal_url":"","external_url":"","list_offers":[],"menus":[],"shortcode_form":"","facilities":"","simplegrids":[],"toptenitems":[{"topten_title":"Herzliche Gastlichkeit","topten_description":"Das angenehme Gef\u00fchl, sich in einem gem\u00fctlichen und famili\u00e4ren Ambiente zu befinden, wo sich alles um den Gast dreht.","topten_picture":["333"]},{"topten_title":"Liebe zur Gastronomie","topten_description":"Gaumenfreuden mit den 0-km-Delikatessen, kombiniert mit edlen Weinen aus unserem Gebiet. Tafelfreuden, die man absolut teilen sollte.","topten_picture":["392"]},{"topten_title":"Emotionale Horizonte","topten_description":"Am Fu\u00dfe der Burg Tenno und als Kulisse die majest\u00e4tisch Sch\u00f6nheit des Gardasees. Ein atemberaubender Anblick, der jeden Tag gro\u00dfe Emitionen schenkt.","topten_picture":["418"]},{"topten_title":"Kleine Alltagsfreuden","topten_description":"Wir verw\u00f6hnen gerne unsere G\u00e4ste und widmen den Details gr\u00f6\u00dfte Aufmerksamkeit, indem wir nur und ausschlie\u00dflich Qualit\u00e4tsprodukte w\u00e4hlen.","topten_picture":["352"]},{"topten_title":"Echte Erlebnisse","topten_description":"Historische Stadtmauern, Sitten und Br\u00e4uche, und \u00fcberall der Eindruck einer zwar gro\u00dfartigen, aber dennoch schlichten Vergangenheit, ohne Hektik, erwecken die Neugierde auf lebensechte Erlebnisse, auf engstem Kontakt mit der Umgebung. ","topten_picture":["218"]}],"redirect_to":""},"_links":{"self":[{"href":"https:\/\/gardaslowemotion.it\/de\/wp-json\/wp\/v2\/pages\/868","targetHints":{"allow":["GET"]}}],"collection":[{"href":"https:\/\/gardaslowemotion.it\/de\/wp-json\/wp\/v2\/pages"}],"about":[{"href":"https:\/\/gardaslowemotion.it\/de\/wp-json\/wp\/v2\/types\/page"}],"author":[{"embeddable":true,"href":"https:\/\/gardaslowemotion.it\/de\/wp-json\/wp\/v2\/users\/4"}],"replies":[{"embeddable":true,"href":"https:\/\/gardaslowemotion.it\/de\/wp-json\/wp\/v2\/comments?post=868"}],"version-history":[{"count":2,"href":"https:\/\/gardaslowemotion.it\/de\/wp-json\/wp\/v2\/pages\/868\/revisions"}],"predecessor-version":[{"id":870,"href":"https:\/\/gardaslowemotion.it\/de\/wp-json\/wp\/v2\/pages\/868\/revisions\/870"}],"up":[{"embeddable":true,"href":"https:\/\/gardaslowemotion.it\/de\/wp-json\/wp\/v2\/pages\/853"}],"wp:attachment":[{"href":"https:\/\/gardaslowemotion.it\/de\/wp-json\/wp\/v2\/media?parent=868"}],"curies":[{"name":"wp","href":"https:\/\/api.w.org\/{rel}","templated":true}]}}