{"id":873,"date":"2018-03-06T14:25:20","date_gmt":"2018-03-06T14:25:20","guid":{"rendered":"http:\/\/gardaslowemotion.it\/?page_id=873"},"modified":"2018-03-06T14:25:20","modified_gmt":"2018-03-06T14:25:20","slug":"das-fruehstueck","status":"publish","type":"page","link":"https:\/\/gardaslowemotion.it\/de\/slow-restaurant\/das-fruehstueck\/","title":{"rendered":"Das Fr\u00fchst\u00fcck"},"content":{"rendered":"<p><strong>Im Slow Emotion Hotel <\/strong>ANTICA CROCE <strong>in Tenno<\/strong> laden wir euch dazu ein, jeden Urlaubstag <strong>im Trentino<\/strong> mit einem leckeren Powerfr\u00fchst\u00fcck zu beginnen!<\/p>\n<p>Nehmt euch Zeit, um das reiche <strong>Fr\u00fchst\u00fcck<\/strong>, mit hochwertigen Produkten, zu genie\u00dfen, u. a. frische Milch, Trentiner Joghurt, hausgemachte Kuchen und Marmeladen, Brioches, Wurstaufschnitt, Eier und regionale K\u00e4sesorten.<\/p>\n<p>Ob nun im lichtdurchfluteten Fr\u00fchst\u00fcckszimmer oder im Garten, mit Blick auf das Castel Tenno, das Fr\u00fchst\u00fcck im Slow Emotion Hotel Antica Croce macht selbst Morgenmuffel munter!<\/p>\n","protected":false},"excerpt":{"rendered":"<p>Im Slow Emotion Hotel ANTICA CROCE in Tenno laden wir euch dazu ein, jeden Urlaubstag im Trentino mit einem leckeren Powerfr\u00fchst\u00fcck zu beginnen! Nehmt euch Zeit, um das reiche Fr\u00fchst\u00fcck, mit hochwertigen Produkten, zu genie\u00dfen, u. a. frische Milch, Trentiner Joghurt, hausgemachte Kuchen und Marmeladen, Brioches, Wurstaufschnitt, Eier und regionale K\u00e4sesorten. Ob nun im lichtdurchfluteten [&hellip;]<\/p>\n","protected":false},"author":4,"featured_media":0,"parent":871,"menu_order":0,"comment_status":"closed","ping_status":"closed","template":"","meta":{"footnotes":""},"class_list":["post-873","page","type-page","status-publish","hentry"],"yoast_head":"<!-- This site is optimized with the Yoast SEO plugin v27.1.1 - https:\/\/yoast.com\/product\/yoast-seo-wordpress\/ -->\n<title>Das Fr\u00fchst\u00fcck - Garda Slow Emotion<\/title>\n<meta name=\"robots\" content=\"index, follow, max-snippet:-1, max-image-preview:large, max-video-preview:-1\" \/>\n<link rel=\"canonical\" href=\"https:\/\/gardaslowemotion.ddev.local\/de\/slow-restaurant\/das-fruehstueck\/\" \/>\n<meta property=\"og:locale\" content=\"de_DE\" \/>\n<meta property=\"og:type\" content=\"article\" \/>\n<meta property=\"og:title\" content=\"Das Fr\u00fchst\u00fcck - Garda Slow Emotion\" \/>\n<meta property=\"og:description\" content=\"Im Slow Emotion Hotel ANTICA CROCE in Tenno laden wir euch dazu ein, jeden Urlaubstag im Trentino mit einem leckeren Powerfr\u00fchst\u00fcck zu beginnen! Nehmt euch Zeit, um das reiche Fr\u00fchst\u00fcck, mit hochwertigen Produkten, zu genie\u00dfen, u. a. frische Milch, Trentiner Joghurt, hausgemachte Kuchen und Marmeladen, Brioches, Wurstaufschnitt, Eier und regionale K\u00e4sesorten. Ob nun im lichtdurchfluteten [&hellip;]\" \/>\n<meta property=\"og:url\" content=\"https:\/\/gardaslowemotion.ddev.local\/de\/slow-restaurant\/das-fruehstueck\/\" \/>\n<meta property=\"og:site_name\" content=\"Garda Slow Emotion\" \/>\n<meta property=\"article:publisher\" content=\"https:\/\/www.facebook.com\/anticacroce\/\" \/>\n<meta property=\"og:image\" content=\"https:\/\/gardaslowemotion.it\/wp-content\/uploads\/2018\/03\/facebook-generic-opengraph.jpg\" \/>\n\t<meta property=\"og:image:width\" content=\"1396\" \/>\n\t<meta property=\"og:image:height\" content=\"752\" \/>\n\t<meta property=\"og:image:type\" content=\"image\/jpeg\" \/>\n<meta name=\"twitter:card\" content=\"summary_large_image\" \/>\n<script type=\"application\/ld+json\" class=\"yoast-schema-graph\">{\"@context\":\"https:\/\/schema.org\",\"@graph\":[{\"@type\":\"WebPage\",\"@id\":\"https:\/\/gardaslowemotion.ddev.local\/de\/slow-restaurant\/das-fruehstueck\/\",\"url\":\"https:\/\/gardaslowemotion.ddev.local\/de\/slow-restaurant\/das-fruehstueck\/\",\"name\":\"Das Fr\u00fchst\u00fcck - Garda Slow Emotion\",\"isPartOf\":{\"@id\":\"https:\/\/gardaslowemotion.ddev.local\/it\/#website\"},\"datePublished\":\"2018-03-06T14:25:20+00:00\",\"breadcrumb\":{\"@id\":\"https:\/\/gardaslowemotion.ddev.local\/de\/slow-restaurant\/das-fruehstueck\/#breadcrumb\"},\"inLanguage\":\"de\",\"potentialAction\":[{\"@type\":\"ReadAction\",\"target\":[\"https:\/\/gardaslowemotion.ddev.local\/de\/slow-restaurant\/das-fruehstueck\/\"]}]},{\"@type\":\"BreadcrumbList\",\"@id\":\"https:\/\/gardaslowemotion.ddev.local\/de\/slow-restaurant\/das-fruehstueck\/#breadcrumb\",\"itemListElement\":[{\"@type\":\"ListItem\",\"position\":1,\"name\":\"Home\",\"item\":\"https:\/\/gardaslowemotion.ddev.local\/de\/\"},{\"@type\":\"ListItem\",\"position\":2,\"name\":\"Slow Restaurant\",\"item\":\"https:\/\/gardaslowemotion.ddev.local\/de\/slow-restaurant\/\"},{\"@type\":\"ListItem\",\"position\":3,\"name\":\"Das Fr\u00fchst\u00fcck\"}]},{\"@type\":\"WebSite\",\"@id\":\"https:\/\/gardaslowemotion.ddev.local\/it\/#website\",\"url\":\"https:\/\/gardaslowemotion.ddev.local\/it\/\",\"name\":\"Garda Slow Emotion\",\"description\":\"Hotel, appartamenti e ristorante a due passi dal Lago di Garda.\",\"potentialAction\":[{\"@type\":\"SearchAction\",\"target\":{\"@type\":\"EntryPoint\",\"urlTemplate\":\"https:\/\/gardaslowemotion.ddev.local\/it\/?s={search_term_string}\"},\"query-input\":{\"@type\":\"PropertyValueSpecification\",\"valueRequired\":true,\"valueName\":\"search_term_string\"}}],\"inLanguage\":\"de\"}]}<\/script>\n<!-- \/ Yoast SEO plugin. -->","yoast_head_json":{"title":"Das Fr\u00fchst\u00fcck - Garda Slow Emotion","robots":{"index":"index","follow":"follow","max-snippet":"max-snippet:-1","max-image-preview":"max-image-preview:large","max-video-preview":"max-video-preview:-1"},"canonical":"https:\/\/gardaslowemotion.ddev.local\/de\/slow-restaurant\/das-fruehstueck\/","og_locale":"de_DE","og_type":"article","og_title":"Das Fr\u00fchst\u00fcck - Garda Slow Emotion","og_description":"Im Slow Emotion Hotel ANTICA CROCE in Tenno laden wir euch dazu ein, jeden Urlaubstag im Trentino mit einem leckeren Powerfr\u00fchst\u00fcck zu beginnen! Nehmt euch Zeit, um das reiche Fr\u00fchst\u00fcck, mit hochwertigen Produkten, zu genie\u00dfen, u. a. frische Milch, Trentiner Joghurt, hausgemachte Kuchen und Marmeladen, Brioches, Wurstaufschnitt, Eier und regionale K\u00e4sesorten. Ob nun im lichtdurchfluteten [&hellip;]","og_url":"https:\/\/gardaslowemotion.ddev.local\/de\/slow-restaurant\/das-fruehstueck\/","og_site_name":"Garda Slow Emotion","article_publisher":"https:\/\/www.facebook.com\/anticacroce\/","og_image":[{"width":1396,"height":752,"url":"https:\/\/gardaslowemotion.it\/wp-content\/uploads\/2018\/03\/facebook-generic-opengraph.jpg","type":"image\/jpeg"}],"twitter_card":"summary_large_image","schema":{"@context":"https:\/\/schema.org","@graph":[{"@type":"WebPage","@id":"https:\/\/gardaslowemotion.ddev.local\/de\/slow-restaurant\/das-fruehstueck\/","url":"https:\/\/gardaslowemotion.ddev.local\/de\/slow-restaurant\/das-fruehstueck\/","name":"Das Fr\u00fchst\u00fcck - Garda Slow Emotion","isPartOf":{"@id":"https:\/\/gardaslowemotion.ddev.local\/it\/#website"},"datePublished":"2018-03-06T14:25:20+00:00","breadcrumb":{"@id":"https:\/\/gardaslowemotion.ddev.local\/de\/slow-restaurant\/das-fruehstueck\/#breadcrumb"},"inLanguage":"de","potentialAction":[{"@type":"ReadAction","target":["https:\/\/gardaslowemotion.ddev.local\/de\/slow-restaurant\/das-fruehstueck\/"]}]},{"@type":"BreadcrumbList","@id":"https:\/\/gardaslowemotion.ddev.local\/de\/slow-restaurant\/das-fruehstueck\/#breadcrumb","itemListElement":[{"@type":"ListItem","position":1,"name":"Home","item":"https:\/\/gardaslowemotion.ddev.local\/de\/"},{"@type":"ListItem","position":2,"name":"Slow Restaurant","item":"https:\/\/gardaslowemotion.ddev.local\/de\/slow-restaurant\/"},{"@type":"ListItem","position":3,"name":"Das Fr\u00fchst\u00fcck"}]},{"@type":"WebSite","@id":"https:\/\/gardaslowemotion.ddev.local\/it\/#website","url":"https:\/\/gardaslowemotion.ddev.local\/it\/","name":"Garda Slow Emotion","description":"Hotel, appartamenti e ristorante a due passi dal Lago di Garda.","potentialAction":[{"@type":"SearchAction","target":{"@type":"EntryPoint","urlTemplate":"https:\/\/gardaslowemotion.ddev.local\/it\/?s={search_term_string}"},"query-input":{"@type":"PropertyValueSpecification","valueRequired":true,"valueName":"search_term_string"}}],"inLanguage":"de"}]}},"meta_box":{"additional_info":"","apartments":[],"intro_title":"","intro_content":"","intro_box_offers":"","intro_box_gallery":"","structures_title":"","structures_text":"","structures":[],"restaurant_backdrop":false,"restaurant_title":"","restaurant_text":"","restaurant_page":"","posts_title":"","posts_text":"","posts":[],"accomodations_list_structures":[],"cta_label":"","internal_url":"","external_url":"","list_offers":[],"menus":[],"shortcode_form":"","facilities":"","simplegrids":[],"toptenitems":[],"redirect_to":""},"_links":{"self":[{"href":"https:\/\/gardaslowemotion.it\/de\/wp-json\/wp\/v2\/pages\/873","targetHints":{"allow":["GET"]}}],"collection":[{"href":"https:\/\/gardaslowemotion.it\/de\/wp-json\/wp\/v2\/pages"}],"about":[{"href":"https:\/\/gardaslowemotion.it\/de\/wp-json\/wp\/v2\/types\/page"}],"author":[{"embeddable":true,"href":"https:\/\/gardaslowemotion.it\/de\/wp-json\/wp\/v2\/users\/4"}],"replies":[{"embeddable":true,"href":"https:\/\/gardaslowemotion.it\/de\/wp-json\/wp\/v2\/comments?post=873"}],"version-history":[{"count":1,"href":"https:\/\/gardaslowemotion.it\/de\/wp-json\/wp\/v2\/pages\/873\/revisions"}],"predecessor-version":[{"id":874,"href":"https:\/\/gardaslowemotion.it\/de\/wp-json\/wp\/v2\/pages\/873\/revisions\/874"}],"up":[{"embeddable":true,"href":"https:\/\/gardaslowemotion.it\/de\/wp-json\/wp\/v2\/pages\/871"}],"wp:attachment":[{"href":"https:\/\/gardaslowemotion.it\/de\/wp-json\/wp\/v2\/media?parent=873"}],"curies":[{"name":"wp","href":"https:\/\/api.w.org\/{rel}","templated":true}]}}