{"id":878,"date":"2018-03-06T14:29:14","date_gmt":"2018-03-06T14:29:14","guid":{"rendered":"http:\/\/gardaslowemotion.it\/?page_id=878"},"modified":"2023-04-21T16:57:01","modified_gmt":"2023-04-21T16:57:01","slug":"der-keller","status":"publish","type":"page","link":"https:\/\/gardaslowemotion.it\/de\/slow-restaurant\/der-keller\/","title":{"rendered":"Der Keller"},"content":{"rendered":"<p>\u201cWein wird nicht nur getrunken, er wird beschnuppert, seine Farbe gepr\u00fcft, es wird daran genippt und im Mund sollte er rotieren&#8230; Deshalb teilen wir auch mit Euch unsere&#8230;<\/p>\n<p><strong>Slow Emotion Hotel<\/strong> bedeutet, auch die Zeit f\u00fcr wertvolle und f\u00fcr alle Sinne gen\u00fcssliche Momente zu finden. Deshalb stellen wir euch auch unsere gro\u00dfe <strong>Vorliebe und Leidenschaft f\u00fcr den Wein<\/strong>. W\u00e4hrend eures Urlaubaufenthaltes am <strong>Lago di Tenno<\/strong> werden wir euch gutem Essen \u2013 alle Sorten des Trentiner Weinbaus zur Verkostung anbieten.<\/p>\n<p>Wir w\u00e4hlen mit Liebe und Sorgfalt die Weine f\u00fcr die Gerichte unseres<strong> Restaurants in Tenno<\/strong>, d. h. wir empfehlen euch die passenden Kombinationen, die die Geschmacksnoten des Essens hervorheben und euch Gelegenheit bieten, die besten Weine f\u00fcr jeden Anlass zu genie\u00dfen.<\/p>\n<p>Im Restaurant <strong>Antica Croce in Tenno<\/strong>, nur wenige Kilometer von <strong>Riva del Garda<\/strong>, habt ihr die M\u00f6glichkeit, in unserem antiken Keller eine Auswahl von Weinen zu verkosten, kombiniert mit den<strong> typischen Produkten aus der Region Trentino-S\u00fcdtirol<\/strong>. Ein intensives Geschmackserlebnis in dem gute Gastronomie, guter Wein und eine fantastische Gesellschaft im Mittelpunkt stehen.<\/p>\n","protected":false},"excerpt":{"rendered":"<p>\u201cWein wird nicht nur getrunken, er wird beschnuppert, seine Farbe gepr\u00fcft, es wird daran genippt und im Mund sollte er rotieren&#8230; Deshalb teilen wir auch mit Euch unsere&#8230; Slow Emotion Hotel bedeutet, auch die Zeit f\u00fcr wertvolle und f\u00fcr alle Sinne gen\u00fcssliche Momente zu finden. Deshalb stellen wir euch auch unsere gro\u00dfe Vorliebe und Leidenschaft [&hellip;]<\/p>\n","protected":false},"author":4,"featured_media":0,"parent":871,"menu_order":0,"comment_status":"closed","ping_status":"closed","template":"","meta":{"footnotes":""},"class_list":["post-878","page","type-page","status-publish","hentry"],"yoast_head":"<!-- This site is optimized with the Yoast SEO plugin v27.1.1 - https:\/\/yoast.com\/product\/yoast-seo-wordpress\/ -->\n<title>Der Keller - Garda Slow Emotion<\/title>\n<meta name=\"robots\" content=\"index, follow, max-snippet:-1, max-image-preview:large, max-video-preview:-1\" \/>\n<link rel=\"canonical\" href=\"https:\/\/gardaslowemotion.ddev.local\/de\/slow-restaurant\/der-keller\/\" \/>\n<meta property=\"og:locale\" content=\"de_DE\" \/>\n<meta property=\"og:type\" content=\"article\" \/>\n<meta property=\"og:title\" content=\"Der Keller - Garda Slow Emotion\" \/>\n<meta property=\"og:description\" content=\"\u201cWein wird nicht nur getrunken, er wird beschnuppert, seine Farbe gepr\u00fcft, es wird daran genippt und im Mund sollte er rotieren&#8230; Deshalb teilen wir auch mit Euch unsere&#8230; Slow Emotion Hotel bedeutet, auch die Zeit f\u00fcr wertvolle und f\u00fcr alle Sinne gen\u00fcssliche Momente zu finden. Deshalb stellen wir euch auch unsere gro\u00dfe Vorliebe und Leidenschaft [&hellip;]\" \/>\n<meta property=\"og:url\" content=\"https:\/\/gardaslowemotion.ddev.local\/de\/slow-restaurant\/der-keller\/\" \/>\n<meta property=\"og:site_name\" content=\"Garda Slow Emotion\" \/>\n<meta property=\"article:publisher\" content=\"https:\/\/www.facebook.com\/anticacroce\/\" \/>\n<meta property=\"article:modified_time\" content=\"2023-04-21T16:57:01+00:00\" \/>\n<meta property=\"og:image\" content=\"https:\/\/gardaslowemotion.it\/wp-content\/uploads\/2018\/03\/facebook-generic-opengraph.jpg\" \/>\n\t<meta property=\"og:image:width\" content=\"1396\" \/>\n\t<meta property=\"og:image:height\" content=\"752\" \/>\n\t<meta property=\"og:image:type\" content=\"image\/jpeg\" \/>\n<meta name=\"twitter:card\" content=\"summary_large_image\" \/>\n<meta name=\"twitter:label1\" content=\"Gesch\u00e4tzte Lesezeit\" \/>\n\t<meta name=\"twitter:data1\" content=\"1\u00a0Minute\" \/>\n<script type=\"application\/ld+json\" class=\"yoast-schema-graph\">{\"@context\":\"https:\/\/schema.org\",\"@graph\":[{\"@type\":\"WebPage\",\"@id\":\"https:\/\/gardaslowemotion.ddev.local\/de\/slow-restaurant\/der-keller\/\",\"url\":\"https:\/\/gardaslowemotion.ddev.local\/de\/slow-restaurant\/der-keller\/\",\"name\":\"Der Keller - Garda Slow Emotion\",\"isPartOf\":{\"@id\":\"https:\/\/gardaslowemotion.ddev.local\/it\/#website\"},\"datePublished\":\"2018-03-06T14:29:14+00:00\",\"dateModified\":\"2023-04-21T16:57:01+00:00\",\"breadcrumb\":{\"@id\":\"https:\/\/gardaslowemotion.ddev.local\/de\/slow-restaurant\/der-keller\/#breadcrumb\"},\"inLanguage\":\"de\",\"potentialAction\":[{\"@type\":\"ReadAction\",\"target\":[\"https:\/\/gardaslowemotion.ddev.local\/de\/slow-restaurant\/der-keller\/\"]}]},{\"@type\":\"BreadcrumbList\",\"@id\":\"https:\/\/gardaslowemotion.ddev.local\/de\/slow-restaurant\/der-keller\/#breadcrumb\",\"itemListElement\":[{\"@type\":\"ListItem\",\"position\":1,\"name\":\"Home\",\"item\":\"https:\/\/gardaslowemotion.ddev.local\/de\/\"},{\"@type\":\"ListItem\",\"position\":2,\"name\":\"Slow Restaurant\",\"item\":\"https:\/\/gardaslowemotion.ddev.local\/de\/slow-restaurant\/\"},{\"@type\":\"ListItem\",\"position\":3,\"name\":\"Der Keller\"}]},{\"@type\":\"WebSite\",\"@id\":\"https:\/\/gardaslowemotion.ddev.local\/it\/#website\",\"url\":\"https:\/\/gardaslowemotion.ddev.local\/it\/\",\"name\":\"Garda Slow Emotion\",\"description\":\"Hotel, appartamenti e ristorante a due passi dal Lago di Garda.\",\"potentialAction\":[{\"@type\":\"SearchAction\",\"target\":{\"@type\":\"EntryPoint\",\"urlTemplate\":\"https:\/\/gardaslowemotion.ddev.local\/it\/?s={search_term_string}\"},\"query-input\":{\"@type\":\"PropertyValueSpecification\",\"valueRequired\":true,\"valueName\":\"search_term_string\"}}],\"inLanguage\":\"de\"}]}<\/script>\n<!-- \/ Yoast SEO plugin. -->","yoast_head_json":{"title":"Der Keller - Garda Slow Emotion","robots":{"index":"index","follow":"follow","max-snippet":"max-snippet:-1","max-image-preview":"max-image-preview:large","max-video-preview":"max-video-preview:-1"},"canonical":"https:\/\/gardaslowemotion.ddev.local\/de\/slow-restaurant\/der-keller\/","og_locale":"de_DE","og_type":"article","og_title":"Der Keller - Garda Slow Emotion","og_description":"\u201cWein wird nicht nur getrunken, er wird beschnuppert, seine Farbe gepr\u00fcft, es wird daran genippt und im Mund sollte er rotieren&#8230; Deshalb teilen wir auch mit Euch unsere&#8230; Slow Emotion Hotel bedeutet, auch die Zeit f\u00fcr wertvolle und f\u00fcr alle Sinne gen\u00fcssliche Momente zu finden. Deshalb stellen wir euch auch unsere gro\u00dfe Vorliebe und Leidenschaft [&hellip;]","og_url":"https:\/\/gardaslowemotion.ddev.local\/de\/slow-restaurant\/der-keller\/","og_site_name":"Garda Slow Emotion","article_publisher":"https:\/\/www.facebook.com\/anticacroce\/","article_modified_time":"2023-04-21T16:57:01+00:00","og_image":[{"width":1396,"height":752,"url":"https:\/\/gardaslowemotion.it\/wp-content\/uploads\/2018\/03\/facebook-generic-opengraph.jpg","type":"image\/jpeg"}],"twitter_card":"summary_large_image","twitter_misc":{"Gesch\u00e4tzte Lesezeit":"1\u00a0Minute"},"schema":{"@context":"https:\/\/schema.org","@graph":[{"@type":"WebPage","@id":"https:\/\/gardaslowemotion.ddev.local\/de\/slow-restaurant\/der-keller\/","url":"https:\/\/gardaslowemotion.ddev.local\/de\/slow-restaurant\/der-keller\/","name":"Der Keller - Garda Slow Emotion","isPartOf":{"@id":"https:\/\/gardaslowemotion.ddev.local\/it\/#website"},"datePublished":"2018-03-06T14:29:14+00:00","dateModified":"2023-04-21T16:57:01+00:00","breadcrumb":{"@id":"https:\/\/gardaslowemotion.ddev.local\/de\/slow-restaurant\/der-keller\/#breadcrumb"},"inLanguage":"de","potentialAction":[{"@type":"ReadAction","target":["https:\/\/gardaslowemotion.ddev.local\/de\/slow-restaurant\/der-keller\/"]}]},{"@type":"BreadcrumbList","@id":"https:\/\/gardaslowemotion.ddev.local\/de\/slow-restaurant\/der-keller\/#breadcrumb","itemListElement":[{"@type":"ListItem","position":1,"name":"Home","item":"https:\/\/gardaslowemotion.ddev.local\/de\/"},{"@type":"ListItem","position":2,"name":"Slow Restaurant","item":"https:\/\/gardaslowemotion.ddev.local\/de\/slow-restaurant\/"},{"@type":"ListItem","position":3,"name":"Der Keller"}]},{"@type":"WebSite","@id":"https:\/\/gardaslowemotion.ddev.local\/it\/#website","url":"https:\/\/gardaslowemotion.ddev.local\/it\/","name":"Garda Slow Emotion","description":"Hotel, appartamenti e ristorante a due passi dal Lago di Garda.","potentialAction":[{"@type":"SearchAction","target":{"@type":"EntryPoint","urlTemplate":"https:\/\/gardaslowemotion.ddev.local\/it\/?s={search_term_string}"},"query-input":{"@type":"PropertyValueSpecification","valueRequired":true,"valueName":"search_term_string"}}],"inLanguage":"de"}]}},"meta_box":{"additional_info":"","apartments":[],"intro_title":"","intro_content":"","intro_box_offers":"","intro_box_gallery":"","structures_title":"","structures_text":"","structures":[],"restaurant_backdrop":false,"restaurant_title":"","restaurant_text":"","restaurant_page":"","posts_title":"","posts_text":"","posts":[],"accomodations_list_structures":[],"cta_label":"","internal_url":"","external_url":"","list_offers":[],"menus":[],"shortcode_form":"","facilities":"","simplegrids":[],"toptenitems":[],"redirect_to":""},"_links":{"self":[{"href":"https:\/\/gardaslowemotion.it\/de\/wp-json\/wp\/v2\/pages\/878","targetHints":{"allow":["GET"]}}],"collection":[{"href":"https:\/\/gardaslowemotion.it\/de\/wp-json\/wp\/v2\/pages"}],"about":[{"href":"https:\/\/gardaslowemotion.it\/de\/wp-json\/wp\/v2\/types\/page"}],"author":[{"embeddable":true,"href":"https:\/\/gardaslowemotion.it\/de\/wp-json\/wp\/v2\/users\/4"}],"replies":[{"embeddable":true,"href":"https:\/\/gardaslowemotion.it\/de\/wp-json\/wp\/v2\/comments?post=878"}],"version-history":[{"count":3,"href":"https:\/\/gardaslowemotion.it\/de\/wp-json\/wp\/v2\/pages\/878\/revisions"}],"predecessor-version":[{"id":2283,"href":"https:\/\/gardaslowemotion.it\/de\/wp-json\/wp\/v2\/pages\/878\/revisions\/2283"}],"up":[{"embeddable":true,"href":"https:\/\/gardaslowemotion.it\/de\/wp-json\/wp\/v2\/pages\/871"}],"wp:attachment":[{"href":"https:\/\/gardaslowemotion.it\/de\/wp-json\/wp\/v2\/media?parent=878"}],"curies":[{"name":"wp","href":"https:\/\/api.w.org\/{rel}","templated":true}]}}