{"id":881,"date":"2018-03-06T14:31:12","date_gmt":"2018-03-06T14:31:12","guid":{"rendered":"http:\/\/gardaslowemotion.it\/?page_id=881"},"modified":"2023-04-21T16:50:19","modified_gmt":"2023-04-21T16:50:19","slug":"relax","status":"publish","type":"page","link":"https:\/\/gardaslowemotion.it\/de\/unsere-philosophie\/relax\/","title":{"rendered":"Relax"},"content":{"rendered":"<p><strong>Das Slow Emotion Hotel ANTICA CROCE<\/strong> ist der ideale Ort, um mitten in der\u00a0Naturund dem mediterranen Klima neue Energie aufzutanken.<\/p>\n<p>Die N\u00e4he des <strong>Gardasees<\/strong> macht aus unserem Gebiet eine gl\u00fcckliche Oase, in der das milde Klima und die \u00fcppige Vegetation zu allen Jahreszeiten vorherrscht. Diese herrliche Natur, wo die Felsen aus Dolomitgestein den Kontrast zum Gr\u00fcn der Olivenhaine und zum Azurblau des Wassers vom<strong> Lago di Tenno<\/strong> bilden, ist zweifelsohne der richtige Ort, um sich wohlzuf\u00fchlen, sich zu entspannen und einen wundervollen Urlaub zu verbringen.<\/p>\n<p>W\u00e4hrend eures<strong> Urlaubs in Tenno<\/strong> habt ihr die M\u00f6glichkeit, in die Vergangenheit einzutauchen. Aus Naturstein gefertigte H\u00e4user, Portale, winzige Pl\u00e4tze, Gassen und Gem\u00fcseg\u00e4rten sind Beispiele einer typischen mittelalterlichen Siedlung und zeugen von der kontinuierlich andauernden Bindung zwischen den Menschen und ihrer Umwelt.<\/p>\n<p>Bei einem gem\u00fctlichen Bummel an der Mauer des Marktfleckens entlang, die die H\u00e4user umschlie\u00dft, die auf den Terrassierungen des Tals Valle del Magnone und auf dem Fels San Lorenzo errichtet wurden, bietet sich ein <strong>unbeschreiblicher Blick auf Riva del Garda<\/strong> und die malerische Sch\u00f6nheit des Gardasees.<\/p>\n<p>Auch ein Spaziergang um den<strong> Lago di Tenno<\/strong> tr\u00e4gt zur Entspannung bei, in einer bisher noch unber\u00fchrten Natur. In dieser nur zu Fu\u00df erreichbaren Naturoase liegt es an euch, ob ihr komplett entspannen und dabei den Lebensrhythmus und die Sch\u00f6nheit, die euch umgeben, entdecken wollt. Der Lago di Tenno ist einer der saubersten Seen Italiens, und im Sommer ist es wundersch\u00f6n erfrischend in sein Nass einzutauchen.<\/p>\n","protected":false},"excerpt":{"rendered":"<p>Das Slow Emotion Hotel ANTICA CROCE ist der ideale Ort, um mitten in der\u00a0Naturund dem mediterranen Klima neue Energie aufzutanken. Die N\u00e4he des Gardasees macht aus unserem Gebiet eine gl\u00fcckliche Oase, in der das milde Klima und die \u00fcppige Vegetation zu allen Jahreszeiten vorherrscht. Diese herrliche Natur, wo die Felsen aus Dolomitgestein den Kontrast zum [&hellip;]<\/p>\n","protected":false},"author":4,"featured_media":0,"parent":856,"menu_order":0,"comment_status":"closed","ping_status":"closed","template":"","meta":{"footnotes":""},"class_list":["post-881","page","type-page","status-publish","hentry"],"yoast_head":"<!-- This site is optimized with the Yoast SEO plugin v27.1.1 - https:\/\/yoast.com\/product\/yoast-seo-wordpress\/ -->\n<title>Relax - Garda Slow Emotion<\/title>\n<meta name=\"robots\" content=\"index, follow, max-snippet:-1, max-image-preview:large, max-video-preview:-1\" \/>\n<link rel=\"canonical\" href=\"https:\/\/gardaslowemotion.ddev.local\/de\/unsere-philosophie\/relax\/\" \/>\n<meta property=\"og:locale\" content=\"de_DE\" \/>\n<meta property=\"og:type\" content=\"article\" \/>\n<meta property=\"og:title\" content=\"Relax - Garda Slow Emotion\" \/>\n<meta property=\"og:description\" content=\"Das Slow Emotion Hotel ANTICA CROCE ist der ideale Ort, um mitten in der\u00a0Naturund dem mediterranen Klima neue Energie aufzutanken. Die N\u00e4he des Gardasees macht aus unserem Gebiet eine gl\u00fcckliche Oase, in der das milde Klima und die \u00fcppige Vegetation zu allen Jahreszeiten vorherrscht. Diese herrliche Natur, wo die Felsen aus Dolomitgestein den Kontrast zum [&hellip;]\" \/>\n<meta property=\"og:url\" content=\"https:\/\/gardaslowemotion.ddev.local\/de\/unsere-philosophie\/relax\/\" \/>\n<meta property=\"og:site_name\" content=\"Garda Slow Emotion\" \/>\n<meta property=\"article:publisher\" content=\"https:\/\/www.facebook.com\/anticacroce\/\" \/>\n<meta property=\"article:modified_time\" content=\"2023-04-21T16:50:19+00:00\" \/>\n<meta property=\"og:image\" content=\"https:\/\/gardaslowemotion.it\/wp-content\/uploads\/2018\/03\/facebook-generic-opengraph.jpg\" \/>\n\t<meta property=\"og:image:width\" content=\"1396\" \/>\n\t<meta property=\"og:image:height\" content=\"752\" \/>\n\t<meta property=\"og:image:type\" content=\"image\/jpeg\" \/>\n<meta name=\"twitter:card\" content=\"summary_large_image\" \/>\n<meta name=\"twitter:label1\" content=\"Gesch\u00e4tzte Lesezeit\" \/>\n\t<meta name=\"twitter:data1\" content=\"2\u00a0Minuten\" \/>\n<script type=\"application\/ld+json\" class=\"yoast-schema-graph\">{\"@context\":\"https:\/\/schema.org\",\"@graph\":[{\"@type\":\"WebPage\",\"@id\":\"https:\/\/gardaslowemotion.ddev.local\/de\/unsere-philosophie\/relax\/\",\"url\":\"https:\/\/gardaslowemotion.ddev.local\/de\/unsere-philosophie\/relax\/\",\"name\":\"Relax - Garda Slow Emotion\",\"isPartOf\":{\"@id\":\"https:\/\/gardaslowemotion.ddev.local\/it\/#website\"},\"datePublished\":\"2018-03-06T14:31:12+00:00\",\"dateModified\":\"2023-04-21T16:50:19+00:00\",\"breadcrumb\":{\"@id\":\"https:\/\/gardaslowemotion.ddev.local\/de\/unsere-philosophie\/relax\/#breadcrumb\"},\"inLanguage\":\"de\",\"potentialAction\":[{\"@type\":\"ReadAction\",\"target\":[\"https:\/\/gardaslowemotion.ddev.local\/de\/unsere-philosophie\/relax\/\"]}]},{\"@type\":\"BreadcrumbList\",\"@id\":\"https:\/\/gardaslowemotion.ddev.local\/de\/unsere-philosophie\/relax\/#breadcrumb\",\"itemListElement\":[{\"@type\":\"ListItem\",\"position\":1,\"name\":\"Home\",\"item\":\"https:\/\/gardaslowemotion.ddev.local\/de\/\"},{\"@type\":\"ListItem\",\"position\":2,\"name\":\"Unsere Philosophie\",\"item\":\"https:\/\/gardaslowemotion.ddev.local\/de\/unsere-philosophie\/\"},{\"@type\":\"ListItem\",\"position\":3,\"name\":\"Relax\"}]},{\"@type\":\"WebSite\",\"@id\":\"https:\/\/gardaslowemotion.ddev.local\/it\/#website\",\"url\":\"https:\/\/gardaslowemotion.ddev.local\/it\/\",\"name\":\"Garda Slow Emotion\",\"description\":\"Hotel, appartamenti e ristorante a due passi dal Lago di Garda.\",\"potentialAction\":[{\"@type\":\"SearchAction\",\"target\":{\"@type\":\"EntryPoint\",\"urlTemplate\":\"https:\/\/gardaslowemotion.ddev.local\/it\/?s={search_term_string}\"},\"query-input\":{\"@type\":\"PropertyValueSpecification\",\"valueRequired\":true,\"valueName\":\"search_term_string\"}}],\"inLanguage\":\"de\"}]}<\/script>\n<!-- \/ Yoast SEO plugin. -->","yoast_head_json":{"title":"Relax - Garda Slow Emotion","robots":{"index":"index","follow":"follow","max-snippet":"max-snippet:-1","max-image-preview":"max-image-preview:large","max-video-preview":"max-video-preview:-1"},"canonical":"https:\/\/gardaslowemotion.ddev.local\/de\/unsere-philosophie\/relax\/","og_locale":"de_DE","og_type":"article","og_title":"Relax - Garda Slow Emotion","og_description":"Das Slow Emotion Hotel ANTICA CROCE ist der ideale Ort, um mitten in der\u00a0Naturund dem mediterranen Klima neue Energie aufzutanken. Die N\u00e4he des Gardasees macht aus unserem Gebiet eine gl\u00fcckliche Oase, in der das milde Klima und die \u00fcppige Vegetation zu allen Jahreszeiten vorherrscht. Diese herrliche Natur, wo die Felsen aus Dolomitgestein den Kontrast zum [&hellip;]","og_url":"https:\/\/gardaslowemotion.ddev.local\/de\/unsere-philosophie\/relax\/","og_site_name":"Garda Slow Emotion","article_publisher":"https:\/\/www.facebook.com\/anticacroce\/","article_modified_time":"2023-04-21T16:50:19+00:00","og_image":[{"width":1396,"height":752,"url":"https:\/\/gardaslowemotion.it\/wp-content\/uploads\/2018\/03\/facebook-generic-opengraph.jpg","type":"image\/jpeg"}],"twitter_card":"summary_large_image","twitter_misc":{"Gesch\u00e4tzte Lesezeit":"2\u00a0Minuten"},"schema":{"@context":"https:\/\/schema.org","@graph":[{"@type":"WebPage","@id":"https:\/\/gardaslowemotion.ddev.local\/de\/unsere-philosophie\/relax\/","url":"https:\/\/gardaslowemotion.ddev.local\/de\/unsere-philosophie\/relax\/","name":"Relax - Garda Slow Emotion","isPartOf":{"@id":"https:\/\/gardaslowemotion.ddev.local\/it\/#website"},"datePublished":"2018-03-06T14:31:12+00:00","dateModified":"2023-04-21T16:50:19+00:00","breadcrumb":{"@id":"https:\/\/gardaslowemotion.ddev.local\/de\/unsere-philosophie\/relax\/#breadcrumb"},"inLanguage":"de","potentialAction":[{"@type":"ReadAction","target":["https:\/\/gardaslowemotion.ddev.local\/de\/unsere-philosophie\/relax\/"]}]},{"@type":"BreadcrumbList","@id":"https:\/\/gardaslowemotion.ddev.local\/de\/unsere-philosophie\/relax\/#breadcrumb","itemListElement":[{"@type":"ListItem","position":1,"name":"Home","item":"https:\/\/gardaslowemotion.ddev.local\/de\/"},{"@type":"ListItem","position":2,"name":"Unsere Philosophie","item":"https:\/\/gardaslowemotion.ddev.local\/de\/unsere-philosophie\/"},{"@type":"ListItem","position":3,"name":"Relax"}]},{"@type":"WebSite","@id":"https:\/\/gardaslowemotion.ddev.local\/it\/#website","url":"https:\/\/gardaslowemotion.ddev.local\/it\/","name":"Garda Slow Emotion","description":"Hotel, appartamenti e ristorante a due passi dal Lago di Garda.","potentialAction":[{"@type":"SearchAction","target":{"@type":"EntryPoint","urlTemplate":"https:\/\/gardaslowemotion.ddev.local\/it\/?s={search_term_string}"},"query-input":{"@type":"PropertyValueSpecification","valueRequired":true,"valueName":"search_term_string"}}],"inLanguage":"de"}]}},"meta_box":{"additional_info":"","apartments":[],"intro_title":"","intro_content":"","intro_box_offers":"","intro_box_gallery":"","structures_title":"","structures_text":"","structures":[],"restaurant_backdrop":false,"restaurant_title":"","restaurant_text":"","restaurant_page":"","posts_title":"","posts_text":"","posts":[],"accomodations_list_structures":[],"cta_label":"","internal_url":"","external_url":"","list_offers":[],"menus":[],"shortcode_form":"","facilities":"","simplegrids":[],"toptenitems":[],"redirect_to":""},"_links":{"self":[{"href":"https:\/\/gardaslowemotion.it\/de\/wp-json\/wp\/v2\/pages\/881","targetHints":{"allow":["GET"]}}],"collection":[{"href":"https:\/\/gardaslowemotion.it\/de\/wp-json\/wp\/v2\/pages"}],"about":[{"href":"https:\/\/gardaslowemotion.it\/de\/wp-json\/wp\/v2\/types\/page"}],"author":[{"embeddable":true,"href":"https:\/\/gardaslowemotion.it\/de\/wp-json\/wp\/v2\/users\/4"}],"replies":[{"embeddable":true,"href":"https:\/\/gardaslowemotion.it\/de\/wp-json\/wp\/v2\/comments?post=881"}],"version-history":[{"count":2,"href":"https:\/\/gardaslowemotion.it\/de\/wp-json\/wp\/v2\/pages\/881\/revisions"}],"predecessor-version":[{"id":2278,"href":"https:\/\/gardaslowemotion.it\/de\/wp-json\/wp\/v2\/pages\/881\/revisions\/2278"}],"up":[{"embeddable":true,"href":"https:\/\/gardaslowemotion.it\/de\/wp-json\/wp\/v2\/pages\/856"}],"wp:attachment":[{"href":"https:\/\/gardaslowemotion.it\/de\/wp-json\/wp\/v2\/media?parent=881"}],"curies":[{"name":"wp","href":"https:\/\/api.w.org\/{rel}","templated":true}]}}