{"id":883,"date":"2018-03-06T14:37:12","date_gmt":"2018-03-06T14:37:12","guid":{"rendered":"http:\/\/gardaslowemotion.it\/?page_id=883"},"modified":"2018-03-14T22:39:02","modified_gmt":"2018-03-14T22:39:02","slug":"sport","status":"publish","type":"page","link":"https:\/\/gardaslowemotion.it\/de\/sport\/","title":{"rendered":"Sport"},"content":{"rendered":"<p>Der <strong>Garda Trentino<\/strong>, <strong>d. h. der Trentiner Gardaseebereich<\/strong> ist im gesamten Alpenraum auch als <strong>Arena f\u00fcr den Outdoorsport<\/strong> renommiert sowie f\u00fcr seine vielf\u00e4ltigen Freizeitangebote: Ein Gebiet, das dem Besucher unz\u00e4hlige Gelegenheiten f\u00fcr jeden Outdoorsport bietet, stets auf Du und Du mit der Natur, in einem auf der Welt einzigartigen Ambiente!<\/p>\n<p>F\u00fcr alle<strong> Sportfans und Freiluftj\u00fcnger<\/strong> ist der <strong>Trentiner Gardaseebereich<\/strong>, auch dank seines mediterranen Klimas, der geologischen Beschaffenheit und der ihm umgebenden Natur, ein Ansporn, <strong>um sich zu bewegen<\/strong>. <strong>Biken<\/strong>, <strong>Wandern<\/strong>, <strong>Klettern<\/strong>, oder <strong>Adrenalin pur beim Wassersport<\/strong>. <strong>Im Trentiner Gardaseebereich<\/strong> werdet sicherlich auch ihr das f\u00fcr euch Passende finden.<\/p>\n<p>&nbsp;<\/p>\n","protected":false},"excerpt":{"rendered":"<p>Der Garda Trentino, d. h. der Trentiner Gardaseebereich ist im gesamten Alpenraum auch als Arena f\u00fcr den Outdoorsport renommiert sowie f\u00fcr seine vielf\u00e4ltigen Freizeitangebote: Ein Gebiet, das dem Besucher unz\u00e4hlige Gelegenheiten f\u00fcr jeden Outdoorsport bietet, stets auf Du und Du mit der Natur, in einem auf der Welt einzigartigen Ambiente! F\u00fcr alle Sportfans und Freiluftj\u00fcnger [&hellip;]<\/p>\n","protected":false},"author":4,"featured_media":0,"parent":0,"menu_order":0,"comment_status":"closed","ping_status":"closed","template":"page-templates\/simple-grid.php","meta":{"footnotes":""},"class_list":["post-883","page","type-page","status-publish","hentry"],"yoast_head":"<!-- This site is optimized with the Yoast SEO plugin v27.1.1 - https:\/\/yoast.com\/product\/yoast-seo-wordpress\/ -->\n<title>Sport - Garda Slow Emotion<\/title>\n<meta name=\"robots\" content=\"index, follow, max-snippet:-1, max-image-preview:large, max-video-preview:-1\" \/>\n<link rel=\"canonical\" href=\"https:\/\/gardaslowemotion.ddev.local\/de\/urlaub-lago-tenno-tennosee__trashed\/sport\/\" \/>\n<meta property=\"og:locale\" content=\"de_DE\" \/>\n<meta property=\"og:type\" content=\"article\" \/>\n<meta property=\"og:title\" content=\"Sport - Garda Slow Emotion\" \/>\n<meta property=\"og:description\" content=\"Der Garda Trentino, d. h. der Trentiner Gardaseebereich ist im gesamten Alpenraum auch als Arena f\u00fcr den Outdoorsport renommiert sowie f\u00fcr seine vielf\u00e4ltigen Freizeitangebote: Ein Gebiet, das dem Besucher unz\u00e4hlige Gelegenheiten f\u00fcr jeden Outdoorsport bietet, stets auf Du und Du mit der Natur, in einem auf der Welt einzigartigen Ambiente! F\u00fcr alle Sportfans und Freiluftj\u00fcnger [&hellip;]\" \/>\n<meta property=\"og:url\" content=\"https:\/\/gardaslowemotion.ddev.local\/de\/urlaub-lago-tenno-tennosee__trashed\/sport\/\" \/>\n<meta property=\"og:site_name\" content=\"Garda Slow Emotion\" \/>\n<meta property=\"article:publisher\" content=\"https:\/\/www.facebook.com\/anticacroce\/\" \/>\n<meta property=\"article:modified_time\" content=\"2018-03-14T22:39:02+00:00\" \/>\n<meta property=\"og:image\" content=\"https:\/\/gardaslowemotion.it\/wp-content\/uploads\/2018\/03\/facebook-generic-opengraph.jpg\" \/>\n\t<meta property=\"og:image:width\" content=\"1396\" \/>\n\t<meta property=\"og:image:height\" content=\"752\" \/>\n\t<meta property=\"og:image:type\" content=\"image\/jpeg\" \/>\n<meta name=\"twitter:card\" content=\"summary_large_image\" \/>\n<meta name=\"twitter:label1\" content=\"Gesch\u00e4tzte Lesezeit\" \/>\n\t<meta name=\"twitter:data1\" content=\"1\u00a0Minute\" \/>\n<script type=\"application\/ld+json\" class=\"yoast-schema-graph\">{\"@context\":\"https:\/\/schema.org\",\"@graph\":[{\"@type\":\"WebPage\",\"@id\":\"https:\/\/gardaslowemotion.ddev.local\/de\/urlaub-lago-tenno-tennosee__trashed\/sport\/\",\"url\":\"https:\/\/gardaslowemotion.ddev.local\/de\/urlaub-lago-tenno-tennosee__trashed\/sport\/\",\"name\":\"Sport - Garda Slow Emotion\",\"isPartOf\":{\"@id\":\"https:\/\/gardaslowemotion.ddev.local\/it\/#website\"},\"datePublished\":\"2018-03-06T14:37:12+00:00\",\"dateModified\":\"2018-03-14T22:39:02+00:00\",\"breadcrumb\":{\"@id\":\"https:\/\/gardaslowemotion.ddev.local\/de\/urlaub-lago-tenno-tennosee__trashed\/sport\/#breadcrumb\"},\"inLanguage\":\"de\",\"potentialAction\":[{\"@type\":\"ReadAction\",\"target\":[\"https:\/\/gardaslowemotion.ddev.local\/de\/urlaub-lago-tenno-tennosee__trashed\/sport\/\"]}]},{\"@type\":\"BreadcrumbList\",\"@id\":\"https:\/\/gardaslowemotion.ddev.local\/de\/urlaub-lago-tenno-tennosee__trashed\/sport\/#breadcrumb\",\"itemListElement\":[{\"@type\":\"ListItem\",\"position\":1,\"name\":\"Home\",\"item\":\"https:\/\/gardaslowemotion.ddev.local\/de\/\"},{\"@type\":\"ListItem\",\"position\":2,\"name\":\"Sport\"}]},{\"@type\":\"WebSite\",\"@id\":\"https:\/\/gardaslowemotion.ddev.local\/it\/#website\",\"url\":\"https:\/\/gardaslowemotion.ddev.local\/it\/\",\"name\":\"Garda Slow Emotion\",\"description\":\"Hotel, appartamenti e ristorante a due passi dal Lago di Garda.\",\"potentialAction\":[{\"@type\":\"SearchAction\",\"target\":{\"@type\":\"EntryPoint\",\"urlTemplate\":\"https:\/\/gardaslowemotion.ddev.local\/it\/?s={search_term_string}\"},\"query-input\":{\"@type\":\"PropertyValueSpecification\",\"valueRequired\":true,\"valueName\":\"search_term_string\"}}],\"inLanguage\":\"de\"}]}<\/script>\n<!-- \/ Yoast SEO plugin. -->","yoast_head_json":{"title":"Sport - Garda Slow Emotion","robots":{"index":"index","follow":"follow","max-snippet":"max-snippet:-1","max-image-preview":"max-image-preview:large","max-video-preview":"max-video-preview:-1"},"canonical":"https:\/\/gardaslowemotion.ddev.local\/de\/urlaub-lago-tenno-tennosee__trashed\/sport\/","og_locale":"de_DE","og_type":"article","og_title":"Sport - Garda Slow Emotion","og_description":"Der Garda Trentino, d. h. der Trentiner Gardaseebereich ist im gesamten Alpenraum auch als Arena f\u00fcr den Outdoorsport renommiert sowie f\u00fcr seine vielf\u00e4ltigen Freizeitangebote: Ein Gebiet, das dem Besucher unz\u00e4hlige Gelegenheiten f\u00fcr jeden Outdoorsport bietet, stets auf Du und Du mit der Natur, in einem auf der Welt einzigartigen Ambiente! F\u00fcr alle Sportfans und Freiluftj\u00fcnger [&hellip;]","og_url":"https:\/\/gardaslowemotion.ddev.local\/de\/urlaub-lago-tenno-tennosee__trashed\/sport\/","og_site_name":"Garda Slow Emotion","article_publisher":"https:\/\/www.facebook.com\/anticacroce\/","article_modified_time":"2018-03-14T22:39:02+00:00","og_image":[{"width":1396,"height":752,"url":"https:\/\/gardaslowemotion.it\/wp-content\/uploads\/2018\/03\/facebook-generic-opengraph.jpg","type":"image\/jpeg"}],"twitter_card":"summary_large_image","twitter_misc":{"Gesch\u00e4tzte Lesezeit":"1\u00a0Minute"},"schema":{"@context":"https:\/\/schema.org","@graph":[{"@type":"WebPage","@id":"https:\/\/gardaslowemotion.ddev.local\/de\/urlaub-lago-tenno-tennosee__trashed\/sport\/","url":"https:\/\/gardaslowemotion.ddev.local\/de\/urlaub-lago-tenno-tennosee__trashed\/sport\/","name":"Sport - Garda Slow Emotion","isPartOf":{"@id":"https:\/\/gardaslowemotion.ddev.local\/it\/#website"},"datePublished":"2018-03-06T14:37:12+00:00","dateModified":"2018-03-14T22:39:02+00:00","breadcrumb":{"@id":"https:\/\/gardaslowemotion.ddev.local\/de\/urlaub-lago-tenno-tennosee__trashed\/sport\/#breadcrumb"},"inLanguage":"de","potentialAction":[{"@type":"ReadAction","target":["https:\/\/gardaslowemotion.ddev.local\/de\/urlaub-lago-tenno-tennosee__trashed\/sport\/"]}]},{"@type":"BreadcrumbList","@id":"https:\/\/gardaslowemotion.ddev.local\/de\/urlaub-lago-tenno-tennosee__trashed\/sport\/#breadcrumb","itemListElement":[{"@type":"ListItem","position":1,"name":"Home","item":"https:\/\/gardaslowemotion.ddev.local\/de\/"},{"@type":"ListItem","position":2,"name":"Sport"}]},{"@type":"WebSite","@id":"https:\/\/gardaslowemotion.ddev.local\/it\/#website","url":"https:\/\/gardaslowemotion.ddev.local\/it\/","name":"Garda Slow Emotion","description":"Hotel, appartamenti e ristorante a due passi dal Lago di Garda.","potentialAction":[{"@type":"SearchAction","target":{"@type":"EntryPoint","urlTemplate":"https:\/\/gardaslowemotion.ddev.local\/it\/?s={search_term_string}"},"query-input":{"@type":"PropertyValueSpecification","valueRequired":true,"valueName":"search_term_string"}}],"inLanguage":"de"}]}},"meta_box":{"additional_info":"","apartments":[],"intro_title":"","intro_content":"","intro_box_offers":"","intro_box_gallery":"","structures_title":"","structures_text":"","structures":[],"restaurant_backdrop":false,"restaurant_title":"","restaurant_text":"","restaurant_page":"","posts_title":"","posts_text":"","posts":[],"accomodations_list_structures":[],"cta_label":"","internal_url":"","external_url":"","list_offers":[],"menus":[],"shortcode_form":"","facilities":"","simplegrids":[{"simplegrid_title":"Bike, Mountainbike, Downhill","simplegrid_description":"Der <strong>Lago di Tenno<\/strong> ist ein fantastisches Biker-Paradies. Dies trifft sowohl auf die Anh\u00e4nger von Rennr\u00e4dern und den dazu geeigneten Strecken zu, als auch f\u00fcr Radfans, die nur zur Entspannung Radtouren unternehmen m\u00f6chten. Aber auch atemberaubende Downhill-Trails f\u00fcr Mountainbiker gibt es hier. Der <strong>Garda Trentino<\/strong> bietet ein einzigartiges Szenario f\u00fcr einen <strong>Radurlaub<\/strong>. Euch steht eine Bike-Garage zur Verf\u00fcgung und auch die erforderlichen Werkzeuge, wenn es mal eine Panne geben sollte.","simplegrid_picture":["963"]},{"simplegrid_title":"Wanderungen","simplegrid_description":"Gibt es etwas emotionsreicheres als bei Sonnenaufgang einen Gipfel zu erklimmen? Den Duft des Waldes einzuatmen?\r\n\r\nEs spielt keine Rolle, ob ihr euch bei einem Spaziergang an der <strong>Landschaft<\/strong> erfreuen oder eine <strong>erlebnisreiche Wanderung<\/strong> unternehmen wollt. <strong>Tenno<\/strong> und seine Gegend bieten euch vielf\u00e4ltige und interessante Ziele. Von abgelegenen Wegen, die zur Meditation einladen, bis zu in Windungen verlaufende Wege und Pfaden, die euch zu vertr\u00e4umten Stellen f\u00fchren, weitab von der Hektik des Alltags. Vielf\u00e4ltige M\u00f6glichkeiten in unserer unmittelbaren Umgebung.","simplegrid_picture":["966"]},{"simplegrid_title":"Klettern","simplegrid_description":"<strong>Tenno ist nur 8 km von Arco entfernt:<\/strong> einer der unbestrittenen internationalen Metropolen f\u00fcr Free Climber. Aber auch hier in Tenno gibt es 4 Outdoor-Kletterw\u00e4nde, um in aller Ruhe die H\u00f6hen erklimmen zu k\u00f6nnen, weitab vom Verkehr und Massentourismus.","simplegrid_picture":["960"]},{"simplegrid_title":"Surfen, Kyte-Surfen und Segeln","simplegrid_description":"Der <strong>Gardasee<\/strong>, und insbesondere Torbole (10 km von Tenno), ist Schauplatz f\u00fcr alle Wassersportarten, bei denen Wind und Wasser eine Rolle spielen. Der Ora ist der s\u00fcdliche <strong>Gardasee-Wind<\/strong>, der von morgens bis abends weht. Durch die Ebenen und \u00fcber den ganzen See steigt er auch bis zum Tenno-See auf.","simplegrid_picture":["961"]},{"simplegrid_title":"Sportangeln","simplegrid_description":"Der Lago di Tenno und der Wildbach Magnone - auch zu Fu\u00df vom Hotel erreichbar - sind saubere, fischreiche Gew\u00e4sser, abseits vom Stra\u00dfenverkehr.\r\n\r\nDen Sportanglern, die als G\u00e4ste im Hotel Antica Croce weilen, gelten folgende Leistungen: Wecken zur gew\u00fcnschten Uhrzeit, Fr\u00fchst\u00fcck am fr\u00fchen Morgen (Uhrzeit zu vereinbaren), Depot und Waschm\u00f6glichkeit f\u00fcr die Angelausr\u00fcstung, Infos \u00fcber die Fischgew\u00e4sser und Landkarte, Angelgenehmigung f\u00fcr einen oder mehrere Tage in den verschiedenen Angelgew\u00e4ssern des Trentino sowie Lunchpaket mit landestypischen Produkten.","simplegrid_picture":["1082"]},{"simplegrid_title":"Motorradtourismus","simplegrid_description":"Tenno ist die ideale Gegend f\u00fcr Motorbiker: Herrliche Stra\u00dfen, um uns zu erreichen, und ein optimaler Ausgangspunkt f\u00fcr Tagestouren zu den Dolomitenop\u00e4ssen oder auf die Berge, die das Obere Gardaseegebiet umgeben. Tourenmotorrad, Motocross und Trial sind die gro\u00dfe Leidenschaft von Daniele, einem der Hoteliers des <strong>Slow Emotion Hotels Antica Croce<\/strong>. Er wird euch gerne bei <strong>der Routenwahl in der ganzen Region<\/strong> behilflich sein, euch detaillierte Karten zur Verf\u00fcgung stellen und wertvolle Tipps erteilen. Ferner bieten wir unseren Motobiker-G\u00e4sten eine Garage sowie die erforderlichen Werkzeuge zur Behebung von Pannen.","simplegrid_picture":["399"]}],"toptenitems":[],"redirect_to":""},"_links":{"self":[{"href":"https:\/\/gardaslowemotion.it\/de\/wp-json\/wp\/v2\/pages\/883","targetHints":{"allow":["GET"]}}],"collection":[{"href":"https:\/\/gardaslowemotion.it\/de\/wp-json\/wp\/v2\/pages"}],"about":[{"href":"https:\/\/gardaslowemotion.it\/de\/wp-json\/wp\/v2\/types\/page"}],"author":[{"embeddable":true,"href":"https:\/\/gardaslowemotion.it\/de\/wp-json\/wp\/v2\/users\/4"}],"replies":[{"embeddable":true,"href":"https:\/\/gardaslowemotion.it\/de\/wp-json\/wp\/v2\/comments?post=883"}],"version-history":[{"count":5,"href":"https:\/\/gardaslowemotion.it\/de\/wp-json\/wp\/v2\/pages\/883\/revisions"}],"predecessor-version":[{"id":1088,"href":"https:\/\/gardaslowemotion.it\/de\/wp-json\/wp\/v2\/pages\/883\/revisions\/1088"}],"wp:attachment":[{"href":"https:\/\/gardaslowemotion.it\/de\/wp-json\/wp\/v2\/media?parent=883"}],"curies":[{"name":"wp","href":"https:\/\/api.w.org\/{rel}","templated":true}]}}