{"id":887,"date":"2018-03-06T14:38:48","date_gmt":"2018-03-06T14:38:48","guid":{"rendered":"http:\/\/gardaslowemotion.it\/?page_id=887"},"modified":"2018-03-06T14:38:48","modified_gmt":"2018-03-06T14:38:48","slug":"slow-living","status":"publish","type":"page","link":"https:\/\/gardaslowemotion.it\/de\/erlebnisse-der-natur\/slow-living\/","title":{"rendered":"Slow Living"},"content":{"rendered":"<p>Sollte eure Urlaubsvorstellung einem Soft-Urlaub bzw. einem<strong> Slow Travel<\/strong> gleichen, dann ist das Slow Emotion Hotel ANTICA CROCE f\u00fc<strong>r euren Urlaub im Trentino<\/strong> geradezu perfekt!<\/p>\n<p>In unserer Umgebung \u00fcberwiegen <strong>stille und erholsame Orte<\/strong>, ideal zu Spazierg\u00e4ngen und Wanderungen durch die Natur. Wir bieten ihnen eine <strong>Auswahl von Spazier- und Wanderm\u00f6glichkeiten, direkt vor der Haust\u00fcre<\/strong>, d. h. Wander- und Ausflugsm\u00f6glichkeiten bei denen mal einfach das Auto vergessen kann! Um uns gibt es kulturhistorische Sehensw\u00fcrdigkeiten, die sich nur bei einem langsamen Streifzug dem Besucher zeigen. Nur wenige Autominuten enfernt, befinden sich die sch\u00f6nsten Orte bzw. Marktflecken des Trentino. F\u00fcr alle, die es ganz besonders <strong>soft angehen<\/strong> m\u00f6chten, wird unser <strong>Garten<\/strong> zum perfekten <strong>Slow-Living-Erlebnis<\/strong>. Einfach im Hotel bleiben, sich auf einer unserer Liegen ausstrecken und r\u00e4keln, frische Luft und ein einzigartiges Szenario! Herz, was willst du mehr?<\/p>\n","protected":false},"excerpt":{"rendered":"<p>Sollte eure Urlaubsvorstellung einem Soft-Urlaub bzw. einem Slow Travel gleichen, dann ist das Slow Emotion Hotel ANTICA CROCE f\u00fcr euren Urlaub im Trentino geradezu perfekt! In unserer Umgebung \u00fcberwiegen stille und erholsame Orte, ideal zu Spazierg\u00e4ngen und Wanderungen durch die Natur. Wir bieten ihnen eine Auswahl von Spazier- und Wanderm\u00f6glichkeiten, direkt vor der Haust\u00fcre, d. [&hellip;]<\/p>\n","protected":false},"author":4,"featured_media":0,"parent":877,"menu_order":0,"comment_status":"closed","ping_status":"closed","template":"","meta":{"footnotes":""},"class_list":["post-887","page","type-page","status-publish","hentry"],"yoast_head":"<!-- This site is optimized with the Yoast SEO plugin v27.1.1 - https:\/\/yoast.com\/product\/yoast-seo-wordpress\/ -->\n<title>Slow Living - Garda Slow Emotion<\/title>\n<meta name=\"robots\" content=\"index, follow, max-snippet:-1, max-image-preview:large, max-video-preview:-1\" \/>\n<link rel=\"canonical\" href=\"https:\/\/gardaslowemotion.ddev.local\/de\/erlebnisse-der-natur\/slow-living\/\" \/>\n<meta property=\"og:locale\" content=\"de_DE\" \/>\n<meta property=\"og:type\" content=\"article\" \/>\n<meta property=\"og:title\" content=\"Slow Living - Garda Slow Emotion\" \/>\n<meta property=\"og:description\" content=\"Sollte eure Urlaubsvorstellung einem Soft-Urlaub bzw. einem Slow Travel gleichen, dann ist das Slow Emotion Hotel ANTICA CROCE f\u00fcr euren Urlaub im Trentino geradezu perfekt! In unserer Umgebung \u00fcberwiegen stille und erholsame Orte, ideal zu Spazierg\u00e4ngen und Wanderungen durch die Natur. Wir bieten ihnen eine Auswahl von Spazier- und Wanderm\u00f6glichkeiten, direkt vor der Haust\u00fcre, d. [&hellip;]\" \/>\n<meta property=\"og:url\" content=\"https:\/\/gardaslowemotion.ddev.local\/de\/erlebnisse-der-natur\/slow-living\/\" \/>\n<meta property=\"og:site_name\" content=\"Garda Slow Emotion\" \/>\n<meta property=\"article:publisher\" content=\"https:\/\/www.facebook.com\/anticacroce\/\" \/>\n<meta property=\"og:image\" content=\"https:\/\/gardaslowemotion.it\/wp-content\/uploads\/2018\/03\/facebook-generic-opengraph.jpg\" \/>\n\t<meta property=\"og:image:width\" content=\"1396\" \/>\n\t<meta property=\"og:image:height\" content=\"752\" \/>\n\t<meta property=\"og:image:type\" content=\"image\/jpeg\" \/>\n<meta name=\"twitter:card\" content=\"summary_large_image\" \/>\n<meta name=\"twitter:label1\" content=\"Gesch\u00e4tzte Lesezeit\" \/>\n\t<meta name=\"twitter:data1\" content=\"1\u00a0Minute\" \/>\n<script type=\"application\/ld+json\" class=\"yoast-schema-graph\">{\"@context\":\"https:\/\/schema.org\",\"@graph\":[{\"@type\":\"WebPage\",\"@id\":\"https:\/\/gardaslowemotion.ddev.local\/de\/erlebnisse-der-natur\/slow-living\/\",\"url\":\"https:\/\/gardaslowemotion.ddev.local\/de\/erlebnisse-der-natur\/slow-living\/\",\"name\":\"Slow Living - Garda Slow Emotion\",\"isPartOf\":{\"@id\":\"https:\/\/gardaslowemotion.ddev.local\/it\/#website\"},\"datePublished\":\"2018-03-06T14:38:48+00:00\",\"breadcrumb\":{\"@id\":\"https:\/\/gardaslowemotion.ddev.local\/de\/erlebnisse-der-natur\/slow-living\/#breadcrumb\"},\"inLanguage\":\"de\",\"potentialAction\":[{\"@type\":\"ReadAction\",\"target\":[\"https:\/\/gardaslowemotion.ddev.local\/de\/erlebnisse-der-natur\/slow-living\/\"]}]},{\"@type\":\"BreadcrumbList\",\"@id\":\"https:\/\/gardaslowemotion.ddev.local\/de\/erlebnisse-der-natur\/slow-living\/#breadcrumb\",\"itemListElement\":[{\"@type\":\"ListItem\",\"position\":1,\"name\":\"Home\",\"item\":\"https:\/\/gardaslowemotion.ddev.local\/de\/\"},{\"@type\":\"ListItem\",\"position\":2,\"name\":\"ERLEBNISSE IN DER NATUR\",\"item\":\"https:\/\/gardaslowemotion.ddev.local\/de\/erlebnisse-der-natur\/\"},{\"@type\":\"ListItem\",\"position\":3,\"name\":\"Slow Living\"}]},{\"@type\":\"WebSite\",\"@id\":\"https:\/\/gardaslowemotion.ddev.local\/it\/#website\",\"url\":\"https:\/\/gardaslowemotion.ddev.local\/it\/\",\"name\":\"Garda Slow Emotion\",\"description\":\"Hotel, appartamenti e ristorante a due passi dal Lago di Garda.\",\"potentialAction\":[{\"@type\":\"SearchAction\",\"target\":{\"@type\":\"EntryPoint\",\"urlTemplate\":\"https:\/\/gardaslowemotion.ddev.local\/it\/?s={search_term_string}\"},\"query-input\":{\"@type\":\"PropertyValueSpecification\",\"valueRequired\":true,\"valueName\":\"search_term_string\"}}],\"inLanguage\":\"de\"}]}<\/script>\n<!-- \/ Yoast SEO plugin. -->","yoast_head_json":{"title":"Slow Living - Garda Slow Emotion","robots":{"index":"index","follow":"follow","max-snippet":"max-snippet:-1","max-image-preview":"max-image-preview:large","max-video-preview":"max-video-preview:-1"},"canonical":"https:\/\/gardaslowemotion.ddev.local\/de\/erlebnisse-der-natur\/slow-living\/","og_locale":"de_DE","og_type":"article","og_title":"Slow Living - Garda Slow Emotion","og_description":"Sollte eure Urlaubsvorstellung einem Soft-Urlaub bzw. einem Slow Travel gleichen, dann ist das Slow Emotion Hotel ANTICA CROCE f\u00fcr euren Urlaub im Trentino geradezu perfekt! In unserer Umgebung \u00fcberwiegen stille und erholsame Orte, ideal zu Spazierg\u00e4ngen und Wanderungen durch die Natur. Wir bieten ihnen eine Auswahl von Spazier- und Wanderm\u00f6glichkeiten, direkt vor der Haust\u00fcre, d. [&hellip;]","og_url":"https:\/\/gardaslowemotion.ddev.local\/de\/erlebnisse-der-natur\/slow-living\/","og_site_name":"Garda Slow Emotion","article_publisher":"https:\/\/www.facebook.com\/anticacroce\/","og_image":[{"width":1396,"height":752,"url":"https:\/\/gardaslowemotion.it\/wp-content\/uploads\/2018\/03\/facebook-generic-opengraph.jpg","type":"image\/jpeg"}],"twitter_card":"summary_large_image","twitter_misc":{"Gesch\u00e4tzte Lesezeit":"1\u00a0Minute"},"schema":{"@context":"https:\/\/schema.org","@graph":[{"@type":"WebPage","@id":"https:\/\/gardaslowemotion.ddev.local\/de\/erlebnisse-der-natur\/slow-living\/","url":"https:\/\/gardaslowemotion.ddev.local\/de\/erlebnisse-der-natur\/slow-living\/","name":"Slow Living - Garda Slow Emotion","isPartOf":{"@id":"https:\/\/gardaslowemotion.ddev.local\/it\/#website"},"datePublished":"2018-03-06T14:38:48+00:00","breadcrumb":{"@id":"https:\/\/gardaslowemotion.ddev.local\/de\/erlebnisse-der-natur\/slow-living\/#breadcrumb"},"inLanguage":"de","potentialAction":[{"@type":"ReadAction","target":["https:\/\/gardaslowemotion.ddev.local\/de\/erlebnisse-der-natur\/slow-living\/"]}]},{"@type":"BreadcrumbList","@id":"https:\/\/gardaslowemotion.ddev.local\/de\/erlebnisse-der-natur\/slow-living\/#breadcrumb","itemListElement":[{"@type":"ListItem","position":1,"name":"Home","item":"https:\/\/gardaslowemotion.ddev.local\/de\/"},{"@type":"ListItem","position":2,"name":"ERLEBNISSE IN DER NATUR","item":"https:\/\/gardaslowemotion.ddev.local\/de\/erlebnisse-der-natur\/"},{"@type":"ListItem","position":3,"name":"Slow Living"}]},{"@type":"WebSite","@id":"https:\/\/gardaslowemotion.ddev.local\/it\/#website","url":"https:\/\/gardaslowemotion.ddev.local\/it\/","name":"Garda Slow Emotion","description":"Hotel, appartamenti e ristorante a due passi dal Lago di Garda.","potentialAction":[{"@type":"SearchAction","target":{"@type":"EntryPoint","urlTemplate":"https:\/\/gardaslowemotion.ddev.local\/it\/?s={search_term_string}"},"query-input":{"@type":"PropertyValueSpecification","valueRequired":true,"valueName":"search_term_string"}}],"inLanguage":"de"}]}},"meta_box":{"additional_info":"","apartments":[],"intro_title":"","intro_content":"","intro_box_offers":"","intro_box_gallery":"","structures_title":"","structures_text":"","structures":[],"restaurant_backdrop":false,"restaurant_title":"","restaurant_text":"","restaurant_page":"","posts_title":"","posts_text":"","posts":[],"accomodations_list_structures":[],"cta_label":"","internal_url":"","external_url":"","list_offers":[],"menus":[],"shortcode_form":"","facilities":"","simplegrids":[],"toptenitems":[],"redirect_to":""},"_links":{"self":[{"href":"https:\/\/gardaslowemotion.it\/de\/wp-json\/wp\/v2\/pages\/887","targetHints":{"allow":["GET"]}}],"collection":[{"href":"https:\/\/gardaslowemotion.it\/de\/wp-json\/wp\/v2\/pages"}],"about":[{"href":"https:\/\/gardaslowemotion.it\/de\/wp-json\/wp\/v2\/types\/page"}],"author":[{"embeddable":true,"href":"https:\/\/gardaslowemotion.it\/de\/wp-json\/wp\/v2\/users\/4"}],"replies":[{"embeddable":true,"href":"https:\/\/gardaslowemotion.it\/de\/wp-json\/wp\/v2\/comments?post=887"}],"version-history":[{"count":1,"href":"https:\/\/gardaslowemotion.it\/de\/wp-json\/wp\/v2\/pages\/887\/revisions"}],"predecessor-version":[{"id":888,"href":"https:\/\/gardaslowemotion.it\/de\/wp-json\/wp\/v2\/pages\/887\/revisions\/888"}],"up":[{"embeddable":true,"href":"https:\/\/gardaslowemotion.it\/de\/wp-json\/wp\/v2\/pages\/877"}],"wp:attachment":[{"href":"https:\/\/gardaslowemotion.it\/de\/wp-json\/wp\/v2\/media?parent=887"}],"curies":[{"name":"wp","href":"https:\/\/api.w.org\/{rel}","templated":true}]}}