{"id":891,"date":"2018-03-06T14:40:42","date_gmt":"2018-03-06T14:40:42","guid":{"rendered":"http:\/\/gardaslowemotion.it\/?page_id=891"},"modified":"2018-03-06T14:40:42","modified_gmt":"2018-03-06T14:40:42","slug":"canale-di-tenno","status":"publish","type":"page","link":"https:\/\/gardaslowemotion.it\/de\/canale-di-tenno\/","title":{"rendered":"Canale di Tenno"},"content":{"rendered":"<p>Einmalig in seiner Art in ganz Norditalien. Nur<strong> wenige Kilometer von Riva del Garda<\/strong> entfernt, gibt es ein Dorf, in dem die Zeit still zu stehen scheint: Canale di Tenno ist eines der sch\u00f6nsten <strong>D\u00f6rfer Italiens<\/strong>.<\/p>\n<p>Ein kleines Dorf, das aus l\u00e4ngst vergangenen Zeiten berichtet. Aus einer Zeit, als die Bauern noch nicht ihre Felder mit Traktoren bestellten. Aus einer Zeit, als es noch keine Superm\u00e4rkte gab.<br \/>\nEin mittelalterliches Dorf, das erstmals 1211 erw\u00e4hnt wird. Ein mittelalterliches Schmuckst\u00fcck, das fast komplett bis in unsere Tage erhalten blieb, menschengerecht erbaut, in dem seine Gassen und Bogeng\u00e4nge Zeugnis von der Vergangenheit ablegen.<br \/>\nIm Dorf l\u00e4dt das Museum der Landwirtschaftsger\u00e4te und das Casa degli Artisti \u2013 Haus der K\u00fcnstler zum Besuch ein.<br \/>\nIm <strong>mittelalterlichen Dorf Canale di Tenno<\/strong> findet jedes Jahr eine Veranstaltung statt &#8211; als <strong>Rustico Medioevo<\/strong> bezeichnet -, die dazu dient, die Kultur, die Geschichte und die Folklore dieses Dorfes aufrechtzuerhalten. Zu diesem Anlass schm\u00fcckt sich Canale mit Blumen auf den Fensterb\u00e4nken, Bannern, Bildertafeln. Kost\u00fcmierte Personen ziehen durch die Gassen, w\u00e4hrend das Licht durch Fackeln ersetzt wird und das ganze Dorf zur B\u00fchne wird.<\/p>\n","protected":false},"excerpt":{"rendered":"<p>Einmalig in seiner Art in ganz Norditalien. Nur wenige Kilometer von Riva del Garda entfernt, gibt es ein Dorf, in dem die Zeit still zu stehen scheint: Canale di Tenno ist eines der sch\u00f6nsten D\u00f6rfer Italiens. Ein kleines Dorf, das aus l\u00e4ngst vergangenen Zeiten berichtet. Aus einer Zeit, als die Bauern noch nicht ihre Felder [&hellip;]<\/p>\n","protected":false},"author":4,"featured_media":0,"parent":0,"menu_order":0,"comment_status":"closed","ping_status":"closed","template":"","meta":{"footnotes":""},"class_list":["post-891","page","type-page","status-publish","hentry"],"yoast_head":"<!-- This site is optimized with the Yoast SEO plugin v27.1.1 - https:\/\/yoast.com\/product\/yoast-seo-wordpress\/ -->\n<title>Canale di Tenno - Garda Slow Emotion<\/title>\n<meta name=\"robots\" content=\"index, follow, max-snippet:-1, max-image-preview:large, max-video-preview:-1\" \/>\n<link rel=\"canonical\" href=\"https:\/\/gardaslowemotion.ddev.local\/de\/urlaub-lago-tenno-tennosee__trashed\/canale-di-tenno\/\" \/>\n<meta property=\"og:locale\" content=\"de_DE\" \/>\n<meta property=\"og:type\" content=\"article\" \/>\n<meta property=\"og:title\" content=\"Canale di Tenno - Garda Slow Emotion\" \/>\n<meta property=\"og:description\" content=\"Einmalig in seiner Art in ganz Norditalien. Nur wenige Kilometer von Riva del Garda entfernt, gibt es ein Dorf, in dem die Zeit still zu stehen scheint: Canale di Tenno ist eines der sch\u00f6nsten D\u00f6rfer Italiens. Ein kleines Dorf, das aus l\u00e4ngst vergangenen Zeiten berichtet. Aus einer Zeit, als die Bauern noch nicht ihre Felder [&hellip;]\" \/>\n<meta property=\"og:url\" content=\"https:\/\/gardaslowemotion.ddev.local\/de\/urlaub-lago-tenno-tennosee__trashed\/canale-di-tenno\/\" \/>\n<meta property=\"og:site_name\" content=\"Garda Slow Emotion\" \/>\n<meta property=\"article:publisher\" content=\"https:\/\/www.facebook.com\/anticacroce\/\" \/>\n<meta property=\"og:image\" content=\"https:\/\/gardaslowemotion.it\/wp-content\/uploads\/2018\/03\/facebook-generic-opengraph.jpg\" \/>\n\t<meta property=\"og:image:width\" content=\"1396\" \/>\n\t<meta property=\"og:image:height\" content=\"752\" \/>\n\t<meta property=\"og:image:type\" content=\"image\/jpeg\" \/>\n<meta name=\"twitter:card\" content=\"summary_large_image\" \/>\n<meta name=\"twitter:label1\" content=\"Gesch\u00e4tzte Lesezeit\" \/>\n\t<meta name=\"twitter:data1\" content=\"1\u00a0Minute\" \/>\n<script type=\"application\/ld+json\" class=\"yoast-schema-graph\">{\"@context\":\"https:\/\/schema.org\",\"@graph\":[{\"@type\":\"WebPage\",\"@id\":\"https:\/\/gardaslowemotion.ddev.local\/de\/urlaub-lago-tenno-tennosee__trashed\/canale-di-tenno\/\",\"url\":\"https:\/\/gardaslowemotion.ddev.local\/de\/urlaub-lago-tenno-tennosee__trashed\/canale-di-tenno\/\",\"name\":\"Canale di Tenno - Garda Slow Emotion\",\"isPartOf\":{\"@id\":\"https:\/\/gardaslowemotion.ddev.local\/it\/#website\"},\"datePublished\":\"2018-03-06T14:40:42+00:00\",\"breadcrumb\":{\"@id\":\"https:\/\/gardaslowemotion.ddev.local\/de\/urlaub-lago-tenno-tennosee__trashed\/canale-di-tenno\/#breadcrumb\"},\"inLanguage\":\"de\",\"potentialAction\":[{\"@type\":\"ReadAction\",\"target\":[\"https:\/\/gardaslowemotion.ddev.local\/de\/urlaub-lago-tenno-tennosee__trashed\/canale-di-tenno\/\"]}]},{\"@type\":\"BreadcrumbList\",\"@id\":\"https:\/\/gardaslowemotion.ddev.local\/de\/urlaub-lago-tenno-tennosee__trashed\/canale-di-tenno\/#breadcrumb\",\"itemListElement\":[{\"@type\":\"ListItem\",\"position\":1,\"name\":\"Home\",\"item\":\"https:\/\/gardaslowemotion.ddev.local\/de\/\"},{\"@type\":\"ListItem\",\"position\":2,\"name\":\"Canale di Tenno\"}]},{\"@type\":\"WebSite\",\"@id\":\"https:\/\/gardaslowemotion.ddev.local\/it\/#website\",\"url\":\"https:\/\/gardaslowemotion.ddev.local\/it\/\",\"name\":\"Garda Slow Emotion\",\"description\":\"Hotel, appartamenti e ristorante a due passi dal Lago di Garda.\",\"potentialAction\":[{\"@type\":\"SearchAction\",\"target\":{\"@type\":\"EntryPoint\",\"urlTemplate\":\"https:\/\/gardaslowemotion.ddev.local\/it\/?s={search_term_string}\"},\"query-input\":{\"@type\":\"PropertyValueSpecification\",\"valueRequired\":true,\"valueName\":\"search_term_string\"}}],\"inLanguage\":\"de\"}]}<\/script>\n<!-- \/ Yoast SEO plugin. -->","yoast_head_json":{"title":"Canale di Tenno - Garda Slow Emotion","robots":{"index":"index","follow":"follow","max-snippet":"max-snippet:-1","max-image-preview":"max-image-preview:large","max-video-preview":"max-video-preview:-1"},"canonical":"https:\/\/gardaslowemotion.ddev.local\/de\/urlaub-lago-tenno-tennosee__trashed\/canale-di-tenno\/","og_locale":"de_DE","og_type":"article","og_title":"Canale di Tenno - Garda Slow Emotion","og_description":"Einmalig in seiner Art in ganz Norditalien. Nur wenige Kilometer von Riva del Garda entfernt, gibt es ein Dorf, in dem die Zeit still zu stehen scheint: Canale di Tenno ist eines der sch\u00f6nsten D\u00f6rfer Italiens. Ein kleines Dorf, das aus l\u00e4ngst vergangenen Zeiten berichtet. Aus einer Zeit, als die Bauern noch nicht ihre Felder [&hellip;]","og_url":"https:\/\/gardaslowemotion.ddev.local\/de\/urlaub-lago-tenno-tennosee__trashed\/canale-di-tenno\/","og_site_name":"Garda Slow Emotion","article_publisher":"https:\/\/www.facebook.com\/anticacroce\/","og_image":[{"width":1396,"height":752,"url":"https:\/\/gardaslowemotion.it\/wp-content\/uploads\/2018\/03\/facebook-generic-opengraph.jpg","type":"image\/jpeg"}],"twitter_card":"summary_large_image","twitter_misc":{"Gesch\u00e4tzte Lesezeit":"1\u00a0Minute"},"schema":{"@context":"https:\/\/schema.org","@graph":[{"@type":"WebPage","@id":"https:\/\/gardaslowemotion.ddev.local\/de\/urlaub-lago-tenno-tennosee__trashed\/canale-di-tenno\/","url":"https:\/\/gardaslowemotion.ddev.local\/de\/urlaub-lago-tenno-tennosee__trashed\/canale-di-tenno\/","name":"Canale di Tenno - Garda Slow Emotion","isPartOf":{"@id":"https:\/\/gardaslowemotion.ddev.local\/it\/#website"},"datePublished":"2018-03-06T14:40:42+00:00","breadcrumb":{"@id":"https:\/\/gardaslowemotion.ddev.local\/de\/urlaub-lago-tenno-tennosee__trashed\/canale-di-tenno\/#breadcrumb"},"inLanguage":"de","potentialAction":[{"@type":"ReadAction","target":["https:\/\/gardaslowemotion.ddev.local\/de\/urlaub-lago-tenno-tennosee__trashed\/canale-di-tenno\/"]}]},{"@type":"BreadcrumbList","@id":"https:\/\/gardaslowemotion.ddev.local\/de\/urlaub-lago-tenno-tennosee__trashed\/canale-di-tenno\/#breadcrumb","itemListElement":[{"@type":"ListItem","position":1,"name":"Home","item":"https:\/\/gardaslowemotion.ddev.local\/de\/"},{"@type":"ListItem","position":2,"name":"Canale di Tenno"}]},{"@type":"WebSite","@id":"https:\/\/gardaslowemotion.ddev.local\/it\/#website","url":"https:\/\/gardaslowemotion.ddev.local\/it\/","name":"Garda Slow Emotion","description":"Hotel, appartamenti e ristorante a due passi dal Lago di Garda.","potentialAction":[{"@type":"SearchAction","target":{"@type":"EntryPoint","urlTemplate":"https:\/\/gardaslowemotion.ddev.local\/it\/?s={search_term_string}"},"query-input":{"@type":"PropertyValueSpecification","valueRequired":true,"valueName":"search_term_string"}}],"inLanguage":"de"}]}},"meta_box":{"additional_info":"","apartments":[],"intro_title":"","intro_content":"","intro_box_offers":"","intro_box_gallery":"","structures_title":"","structures_text":"","structures":[],"restaurant_backdrop":false,"restaurant_title":"","restaurant_text":"","restaurant_page":"","posts_title":"","posts_text":"","posts":[],"accomodations_list_structures":[],"cta_label":"","internal_url":"","external_url":"","list_offers":[],"menus":[],"shortcode_form":"","facilities":"","simplegrids":[],"toptenitems":[],"redirect_to":""},"_links":{"self":[{"href":"https:\/\/gardaslowemotion.it\/de\/wp-json\/wp\/v2\/pages\/891","targetHints":{"allow":["GET"]}}],"collection":[{"href":"https:\/\/gardaslowemotion.it\/de\/wp-json\/wp\/v2\/pages"}],"about":[{"href":"https:\/\/gardaslowemotion.it\/de\/wp-json\/wp\/v2\/types\/page"}],"author":[{"embeddable":true,"href":"https:\/\/gardaslowemotion.it\/de\/wp-json\/wp\/v2\/users\/4"}],"replies":[{"embeddable":true,"href":"https:\/\/gardaslowemotion.it\/de\/wp-json\/wp\/v2\/comments?post=891"}],"version-history":[{"count":3,"href":"https:\/\/gardaslowemotion.it\/de\/wp-json\/wp\/v2\/pages\/891\/revisions"}],"predecessor-version":[{"id":894,"href":"https:\/\/gardaslowemotion.it\/de\/wp-json\/wp\/v2\/pages\/891\/revisions\/894"}],"wp:attachment":[{"href":"https:\/\/gardaslowemotion.it\/de\/wp-json\/wp\/v2\/media?parent=891"}],"curies":[{"name":"wp","href":"https:\/\/api.w.org\/{rel}","templated":true}]}}