{"id":895,"date":"2018-03-06T14:41:20","date_gmt":"2018-03-06T14:41:20","guid":{"rendered":"http:\/\/gardaslowemotion.it\/?page_id=895"},"modified":"2018-03-06T14:41:20","modified_gmt":"2018-03-06T14:41:20","slug":"lago-tenno-tennosee","status":"publish","type":"page","link":"https:\/\/gardaslowemotion.it\/de\/lago-tenno-tennosee\/","title":{"rendered":"Lago di Tenno &#8211; Tennosee"},"content":{"rendered":"<p>Der <strong>Lago di Tenno<\/strong> liegt in einer \u00e4u\u00dferst idyllischen Landschaft im Voralpenraum. Auf seinen typischen terrassierten Anbaufl\u00e4chen gedeihen Oliven, Trauben und Esskastanien, dank des Mikroklimas in diesen Gebieten.<\/p>\n<p>Dieses Gebiet blieb in Jahrhunderten fast unber\u00fchrt erhalten, und ist deshalb auch heute noch ein Erholungsparadies mit kristallklaren Gew\u00e4ssern sowie naturbelassenen Landschaften. Der <strong>Lago di Tenno<\/strong> ist eines der reinsten Gew\u00e4sser in Italien. Dank der fehlenden Urbanisierung und der nicht vorhandenen intensiven Anbaugebieten ist der See auch heute noch v\u00f6llig frei von chemischen Zus\u00e4tzen. Ein See, den man nicht mit dem Auto erreichen, sondern nur \u00fcber eine mittelalterliche Steintreppe erreichen kann, die zur malerischen Landschaft beitr\u00e4gt. Der Tennosee ist ein Badesee und eignet sich im Sommer absolut f\u00fcr den Sprung ins erfrischende Nass!<\/p>\n","protected":false},"excerpt":{"rendered":"<p>Der Lago di Tenno liegt in einer \u00e4u\u00dferst idyllischen Landschaft im Voralpenraum. Auf seinen typischen terrassierten Anbaufl\u00e4chen gedeihen Oliven, Trauben und Esskastanien, dank des Mikroklimas in diesen Gebieten. Dieses Gebiet blieb in Jahrhunderten fast unber\u00fchrt erhalten, und ist deshalb auch heute noch ein Erholungsparadies mit kristallklaren Gew\u00e4ssern sowie naturbelassenen Landschaften. Der Lago di Tenno ist [&hellip;]<\/p>\n","protected":false},"author":4,"featured_media":0,"parent":0,"menu_order":0,"comment_status":"closed","ping_status":"closed","template":"","meta":{"footnotes":""},"class_list":["post-895","page","type-page","status-publish","hentry"],"yoast_head":"<!-- This site is optimized with the Yoast SEO plugin v27.1.1 - https:\/\/yoast.com\/product\/yoast-seo-wordpress\/ -->\n<title>Lago di Tenno - Tennosee - Garda Slow Emotion<\/title>\n<meta name=\"robots\" content=\"index, follow, max-snippet:-1, max-image-preview:large, max-video-preview:-1\" \/>\n<link rel=\"canonical\" href=\"https:\/\/gardaslowemotion.ddev.local\/de\/urlaub-lago-tenno-tennosee__trashed\/lago-tenno-tennosee\/\" \/>\n<meta property=\"og:locale\" content=\"de_DE\" \/>\n<meta property=\"og:type\" content=\"article\" \/>\n<meta property=\"og:title\" content=\"Lago di Tenno - Tennosee - Garda Slow Emotion\" \/>\n<meta property=\"og:description\" content=\"Der Lago di Tenno liegt in einer \u00e4u\u00dferst idyllischen Landschaft im Voralpenraum. Auf seinen typischen terrassierten Anbaufl\u00e4chen gedeihen Oliven, Trauben und Esskastanien, dank des Mikroklimas in diesen Gebieten. Dieses Gebiet blieb in Jahrhunderten fast unber\u00fchrt erhalten, und ist deshalb auch heute noch ein Erholungsparadies mit kristallklaren Gew\u00e4ssern sowie naturbelassenen Landschaften. Der Lago di Tenno ist [&hellip;]\" \/>\n<meta property=\"og:url\" content=\"https:\/\/gardaslowemotion.ddev.local\/de\/urlaub-lago-tenno-tennosee__trashed\/lago-tenno-tennosee\/\" \/>\n<meta property=\"og:site_name\" content=\"Garda Slow Emotion\" \/>\n<meta property=\"article:publisher\" content=\"https:\/\/www.facebook.com\/anticacroce\/\" \/>\n<meta property=\"og:image\" content=\"https:\/\/gardaslowemotion.it\/wp-content\/uploads\/2018\/03\/facebook-generic-opengraph.jpg\" \/>\n\t<meta property=\"og:image:width\" content=\"1396\" \/>\n\t<meta property=\"og:image:height\" content=\"752\" \/>\n\t<meta property=\"og:image:type\" content=\"image\/jpeg\" \/>\n<meta name=\"twitter:card\" content=\"summary_large_image\" \/>\n<meta name=\"twitter:label1\" content=\"Gesch\u00e4tzte Lesezeit\" \/>\n\t<meta name=\"twitter:data1\" content=\"1\u00a0Minute\" \/>\n<script type=\"application\/ld+json\" class=\"yoast-schema-graph\">{\"@context\":\"https:\/\/schema.org\",\"@graph\":[{\"@type\":\"WebPage\",\"@id\":\"https:\/\/gardaslowemotion.ddev.local\/de\/urlaub-lago-tenno-tennosee__trashed\/lago-tenno-tennosee\/\",\"url\":\"https:\/\/gardaslowemotion.ddev.local\/de\/urlaub-lago-tenno-tennosee__trashed\/lago-tenno-tennosee\/\",\"name\":\"Lago di Tenno - Tennosee - Garda Slow Emotion\",\"isPartOf\":{\"@id\":\"https:\/\/gardaslowemotion.ddev.local\/it\/#website\"},\"datePublished\":\"2018-03-06T14:41:20+00:00\",\"breadcrumb\":{\"@id\":\"https:\/\/gardaslowemotion.ddev.local\/de\/urlaub-lago-tenno-tennosee__trashed\/lago-tenno-tennosee\/#breadcrumb\"},\"inLanguage\":\"de\",\"potentialAction\":[{\"@type\":\"ReadAction\",\"target\":[\"https:\/\/gardaslowemotion.ddev.local\/de\/urlaub-lago-tenno-tennosee__trashed\/lago-tenno-tennosee\/\"]}]},{\"@type\":\"BreadcrumbList\",\"@id\":\"https:\/\/gardaslowemotion.ddev.local\/de\/urlaub-lago-tenno-tennosee__trashed\/lago-tenno-tennosee\/#breadcrumb\",\"itemListElement\":[{\"@type\":\"ListItem\",\"position\":1,\"name\":\"Home\",\"item\":\"https:\/\/gardaslowemotion.ddev.local\/de\/\"},{\"@type\":\"ListItem\",\"position\":2,\"name\":\"Lago di Tenno &#8211; Tennosee\"}]},{\"@type\":\"WebSite\",\"@id\":\"https:\/\/gardaslowemotion.ddev.local\/it\/#website\",\"url\":\"https:\/\/gardaslowemotion.ddev.local\/it\/\",\"name\":\"Garda Slow Emotion\",\"description\":\"Hotel, appartamenti e ristorante a due passi dal Lago di Garda.\",\"potentialAction\":[{\"@type\":\"SearchAction\",\"target\":{\"@type\":\"EntryPoint\",\"urlTemplate\":\"https:\/\/gardaslowemotion.ddev.local\/it\/?s={search_term_string}\"},\"query-input\":{\"@type\":\"PropertyValueSpecification\",\"valueRequired\":true,\"valueName\":\"search_term_string\"}}],\"inLanguage\":\"de\"}]}<\/script>\n<!-- \/ Yoast SEO plugin. -->","yoast_head_json":{"title":"Lago di Tenno - Tennosee - Garda Slow Emotion","robots":{"index":"index","follow":"follow","max-snippet":"max-snippet:-1","max-image-preview":"max-image-preview:large","max-video-preview":"max-video-preview:-1"},"canonical":"https:\/\/gardaslowemotion.ddev.local\/de\/urlaub-lago-tenno-tennosee__trashed\/lago-tenno-tennosee\/","og_locale":"de_DE","og_type":"article","og_title":"Lago di Tenno - Tennosee - Garda Slow Emotion","og_description":"Der Lago di Tenno liegt in einer \u00e4u\u00dferst idyllischen Landschaft im Voralpenraum. Auf seinen typischen terrassierten Anbaufl\u00e4chen gedeihen Oliven, Trauben und Esskastanien, dank des Mikroklimas in diesen Gebieten. Dieses Gebiet blieb in Jahrhunderten fast unber\u00fchrt erhalten, und ist deshalb auch heute noch ein Erholungsparadies mit kristallklaren Gew\u00e4ssern sowie naturbelassenen Landschaften. Der Lago di Tenno ist [&hellip;]","og_url":"https:\/\/gardaslowemotion.ddev.local\/de\/urlaub-lago-tenno-tennosee__trashed\/lago-tenno-tennosee\/","og_site_name":"Garda Slow Emotion","article_publisher":"https:\/\/www.facebook.com\/anticacroce\/","og_image":[{"width":1396,"height":752,"url":"https:\/\/gardaslowemotion.it\/wp-content\/uploads\/2018\/03\/facebook-generic-opengraph.jpg","type":"image\/jpeg"}],"twitter_card":"summary_large_image","twitter_misc":{"Gesch\u00e4tzte Lesezeit":"1\u00a0Minute"},"schema":{"@context":"https:\/\/schema.org","@graph":[{"@type":"WebPage","@id":"https:\/\/gardaslowemotion.ddev.local\/de\/urlaub-lago-tenno-tennosee__trashed\/lago-tenno-tennosee\/","url":"https:\/\/gardaslowemotion.ddev.local\/de\/urlaub-lago-tenno-tennosee__trashed\/lago-tenno-tennosee\/","name":"Lago di Tenno - Tennosee - Garda Slow Emotion","isPartOf":{"@id":"https:\/\/gardaslowemotion.ddev.local\/it\/#website"},"datePublished":"2018-03-06T14:41:20+00:00","breadcrumb":{"@id":"https:\/\/gardaslowemotion.ddev.local\/de\/urlaub-lago-tenno-tennosee__trashed\/lago-tenno-tennosee\/#breadcrumb"},"inLanguage":"de","potentialAction":[{"@type":"ReadAction","target":["https:\/\/gardaslowemotion.ddev.local\/de\/urlaub-lago-tenno-tennosee__trashed\/lago-tenno-tennosee\/"]}]},{"@type":"BreadcrumbList","@id":"https:\/\/gardaslowemotion.ddev.local\/de\/urlaub-lago-tenno-tennosee__trashed\/lago-tenno-tennosee\/#breadcrumb","itemListElement":[{"@type":"ListItem","position":1,"name":"Home","item":"https:\/\/gardaslowemotion.ddev.local\/de\/"},{"@type":"ListItem","position":2,"name":"Lago di Tenno &#8211; Tennosee"}]},{"@type":"WebSite","@id":"https:\/\/gardaslowemotion.ddev.local\/it\/#website","url":"https:\/\/gardaslowemotion.ddev.local\/it\/","name":"Garda Slow Emotion","description":"Hotel, appartamenti e ristorante a due passi dal Lago di Garda.","potentialAction":[{"@type":"SearchAction","target":{"@type":"EntryPoint","urlTemplate":"https:\/\/gardaslowemotion.ddev.local\/it\/?s={search_term_string}"},"query-input":{"@type":"PropertyValueSpecification","valueRequired":true,"valueName":"search_term_string"}}],"inLanguage":"de"}]}},"meta_box":{"additional_info":"","apartments":[],"intro_title":"","intro_content":"","intro_box_offers":"","intro_box_gallery":"","structures_title":"","structures_text":"","structures":[],"restaurant_backdrop":false,"restaurant_title":"","restaurant_text":"","restaurant_page":"","posts_title":"","posts_text":"","posts":[],"accomodations_list_structures":[],"cta_label":"","internal_url":"","external_url":"","list_offers":[],"menus":[],"shortcode_form":"","facilities":"","simplegrids":[],"toptenitems":[],"redirect_to":""},"_links":{"self":[{"href":"https:\/\/gardaslowemotion.it\/de\/wp-json\/wp\/v2\/pages\/895","targetHints":{"allow":["GET"]}}],"collection":[{"href":"https:\/\/gardaslowemotion.it\/de\/wp-json\/wp\/v2\/pages"}],"about":[{"href":"https:\/\/gardaslowemotion.it\/de\/wp-json\/wp\/v2\/types\/page"}],"author":[{"embeddable":true,"href":"https:\/\/gardaslowemotion.it\/de\/wp-json\/wp\/v2\/users\/4"}],"replies":[{"embeddable":true,"href":"https:\/\/gardaslowemotion.it\/de\/wp-json\/wp\/v2\/comments?post=895"}],"version-history":[{"count":1,"href":"https:\/\/gardaslowemotion.it\/de\/wp-json\/wp\/v2\/pages\/895\/revisions"}],"predecessor-version":[{"id":896,"href":"https:\/\/gardaslowemotion.it\/de\/wp-json\/wp\/v2\/pages\/895\/revisions\/896"}],"wp:attachment":[{"href":"https:\/\/gardaslowemotion.it\/de\/wp-json\/wp\/v2\/media?parent=895"}],"curies":[{"name":"wp","href":"https:\/\/api.w.org\/{rel}","templated":true}]}}