{"id":897,"date":"2018-03-06T14:42:04","date_gmt":"2018-03-06T14:42:04","guid":{"rendered":"http:\/\/gardaslowemotion.it\/?page_id=897"},"modified":"2023-04-21T17:02:27","modified_gmt":"2023-04-21T17:02:27","slug":"der-gardasee-und-seine-umgebung","status":"publish","type":"page","link":"https:\/\/gardaslowemotion.it\/de\/der-gardasee-und-seine-umgebung\/","title":{"rendered":"Der Gardasee und seine Umgebung"},"content":{"rendered":"<p>W\u00e4hrend eines Aufenthaltes im Trentiner Gardaseebereich habt ihr jeden Tag die M\u00f6glichkeit, einzigartige Orte, Landschaften und f\u00fcr dieses Gebiet typische Sitten und Br\u00e4uche kennenzulernen.<\/p>\n<p>Genie\u00dft unsere einheimischen Produkte, lauscht unseren Legenden, die euch von Schl\u00f6ssern, Burgen, Festungen und Museen erz\u00e4hlen. Viel Spa\u00df!<\/p>\n","protected":false},"excerpt":{"rendered":"<p>W\u00e4hrend eines Aufenthaltes im Trentiner Gardaseebereich habt ihr jeden Tag die M\u00f6glichkeit, einzigartige Orte, Landschaften und f\u00fcr dieses Gebiet typische Sitten und Br\u00e4uche kennenzulernen. Genie\u00dft unsere einheimischen Produkte, lauscht unseren Legenden, die euch von Schl\u00f6ssern, Burgen, Festungen und Museen erz\u00e4hlen. Viel Spa\u00df!<\/p>\n","protected":false},"author":4,"featured_media":0,"parent":0,"menu_order":0,"comment_status":"closed","ping_status":"closed","template":"page-templates\/simple-grid.php","meta":{"footnotes":""},"class_list":["post-897","page","type-page","status-publish","hentry"],"yoast_head":"<!-- This site is optimized with the Yoast SEO plugin v27.1.1 - https:\/\/yoast.com\/product\/yoast-seo-wordpress\/ -->\n<title>Der Gardasee und seine Umgebung - Garda Slow Emotion<\/title>\n<meta name=\"robots\" content=\"index, follow, max-snippet:-1, max-image-preview:large, max-video-preview:-1\" \/>\n<link rel=\"canonical\" href=\"https:\/\/gardaslowemotion.ddev.local\/de\/urlaub-lago-tenno-tennosee__trashed\/der-gardasee-und-seine-umgebung\/\" \/>\n<meta property=\"og:locale\" content=\"de_DE\" \/>\n<meta property=\"og:type\" content=\"article\" \/>\n<meta property=\"og:title\" content=\"Der Gardasee und seine Umgebung - Garda Slow Emotion\" \/>\n<meta property=\"og:description\" content=\"W\u00e4hrend eines Aufenthaltes im Trentiner Gardaseebereich habt ihr jeden Tag die M\u00f6glichkeit, einzigartige Orte, Landschaften und f\u00fcr dieses Gebiet typische Sitten und Br\u00e4uche kennenzulernen. Genie\u00dft unsere einheimischen Produkte, lauscht unseren Legenden, die euch von Schl\u00f6ssern, Burgen, Festungen und Museen erz\u00e4hlen. Viel Spa\u00df!\" \/>\n<meta property=\"og:url\" content=\"https:\/\/gardaslowemotion.ddev.local\/de\/urlaub-lago-tenno-tennosee__trashed\/der-gardasee-und-seine-umgebung\/\" \/>\n<meta property=\"og:site_name\" content=\"Garda Slow Emotion\" \/>\n<meta property=\"article:publisher\" content=\"https:\/\/www.facebook.com\/anticacroce\/\" \/>\n<meta property=\"article:modified_time\" content=\"2023-04-21T17:02:27+00:00\" \/>\n<meta property=\"og:image\" content=\"https:\/\/gardaslowemotion.it\/wp-content\/uploads\/2018\/03\/facebook-generic-opengraph.jpg\" \/>\n\t<meta property=\"og:image:width\" content=\"1396\" \/>\n\t<meta property=\"og:image:height\" content=\"752\" \/>\n\t<meta property=\"og:image:type\" content=\"image\/jpeg\" \/>\n<meta name=\"twitter:card\" content=\"summary_large_image\" \/>\n<meta name=\"twitter:label1\" content=\"Gesch\u00e4tzte Lesezeit\" \/>\n\t<meta name=\"twitter:data1\" content=\"1\u00a0Minute\" \/>\n<script type=\"application\/ld+json\" class=\"yoast-schema-graph\">{\"@context\":\"https:\/\/schema.org\",\"@graph\":[{\"@type\":\"WebPage\",\"@id\":\"https:\/\/gardaslowemotion.ddev.local\/de\/urlaub-lago-tenno-tennosee__trashed\/der-gardasee-und-seine-umgebung\/\",\"url\":\"https:\/\/gardaslowemotion.ddev.local\/de\/urlaub-lago-tenno-tennosee__trashed\/der-gardasee-und-seine-umgebung\/\",\"name\":\"Der Gardasee und seine Umgebung - Garda Slow Emotion\",\"isPartOf\":{\"@id\":\"https:\/\/gardaslowemotion.ddev.local\/it\/#website\"},\"datePublished\":\"2018-03-06T14:42:04+00:00\",\"dateModified\":\"2023-04-21T17:02:27+00:00\",\"breadcrumb\":{\"@id\":\"https:\/\/gardaslowemotion.ddev.local\/de\/urlaub-lago-tenno-tennosee__trashed\/der-gardasee-und-seine-umgebung\/#breadcrumb\"},\"inLanguage\":\"de\",\"potentialAction\":[{\"@type\":\"ReadAction\",\"target\":[\"https:\/\/gardaslowemotion.ddev.local\/de\/urlaub-lago-tenno-tennosee__trashed\/der-gardasee-und-seine-umgebung\/\"]}]},{\"@type\":\"BreadcrumbList\",\"@id\":\"https:\/\/gardaslowemotion.ddev.local\/de\/urlaub-lago-tenno-tennosee__trashed\/der-gardasee-und-seine-umgebung\/#breadcrumb\",\"itemListElement\":[{\"@type\":\"ListItem\",\"position\":1,\"name\":\"Home\",\"item\":\"https:\/\/gardaslowemotion.ddev.local\/de\/\"},{\"@type\":\"ListItem\",\"position\":2,\"name\":\"Der Gardasee und seine Umgebung\"}]},{\"@type\":\"WebSite\",\"@id\":\"https:\/\/gardaslowemotion.ddev.local\/it\/#website\",\"url\":\"https:\/\/gardaslowemotion.ddev.local\/it\/\",\"name\":\"Garda Slow Emotion\",\"description\":\"Hotel, appartamenti e ristorante a due passi dal Lago di Garda.\",\"potentialAction\":[{\"@type\":\"SearchAction\",\"target\":{\"@type\":\"EntryPoint\",\"urlTemplate\":\"https:\/\/gardaslowemotion.ddev.local\/it\/?s={search_term_string}\"},\"query-input\":{\"@type\":\"PropertyValueSpecification\",\"valueRequired\":true,\"valueName\":\"search_term_string\"}}],\"inLanguage\":\"de\"}]}<\/script>\n<!-- \/ Yoast SEO plugin. -->","yoast_head_json":{"title":"Der Gardasee und seine Umgebung - Garda Slow Emotion","robots":{"index":"index","follow":"follow","max-snippet":"max-snippet:-1","max-image-preview":"max-image-preview:large","max-video-preview":"max-video-preview:-1"},"canonical":"https:\/\/gardaslowemotion.ddev.local\/de\/urlaub-lago-tenno-tennosee__trashed\/der-gardasee-und-seine-umgebung\/","og_locale":"de_DE","og_type":"article","og_title":"Der Gardasee und seine Umgebung - Garda Slow Emotion","og_description":"W\u00e4hrend eines Aufenthaltes im Trentiner Gardaseebereich habt ihr jeden Tag die M\u00f6glichkeit, einzigartige Orte, Landschaften und f\u00fcr dieses Gebiet typische Sitten und Br\u00e4uche kennenzulernen. Genie\u00dft unsere einheimischen Produkte, lauscht unseren Legenden, die euch von Schl\u00f6ssern, Burgen, Festungen und Museen erz\u00e4hlen. Viel Spa\u00df!","og_url":"https:\/\/gardaslowemotion.ddev.local\/de\/urlaub-lago-tenno-tennosee__trashed\/der-gardasee-und-seine-umgebung\/","og_site_name":"Garda Slow Emotion","article_publisher":"https:\/\/www.facebook.com\/anticacroce\/","article_modified_time":"2023-04-21T17:02:27+00:00","og_image":[{"width":1396,"height":752,"url":"https:\/\/gardaslowemotion.it\/wp-content\/uploads\/2018\/03\/facebook-generic-opengraph.jpg","type":"image\/jpeg"}],"twitter_card":"summary_large_image","twitter_misc":{"Gesch\u00e4tzte Lesezeit":"1\u00a0Minute"},"schema":{"@context":"https:\/\/schema.org","@graph":[{"@type":"WebPage","@id":"https:\/\/gardaslowemotion.ddev.local\/de\/urlaub-lago-tenno-tennosee__trashed\/der-gardasee-und-seine-umgebung\/","url":"https:\/\/gardaslowemotion.ddev.local\/de\/urlaub-lago-tenno-tennosee__trashed\/der-gardasee-und-seine-umgebung\/","name":"Der Gardasee und seine Umgebung - Garda Slow Emotion","isPartOf":{"@id":"https:\/\/gardaslowemotion.ddev.local\/it\/#website"},"datePublished":"2018-03-06T14:42:04+00:00","dateModified":"2023-04-21T17:02:27+00:00","breadcrumb":{"@id":"https:\/\/gardaslowemotion.ddev.local\/de\/urlaub-lago-tenno-tennosee__trashed\/der-gardasee-und-seine-umgebung\/#breadcrumb"},"inLanguage":"de","potentialAction":[{"@type":"ReadAction","target":["https:\/\/gardaslowemotion.ddev.local\/de\/urlaub-lago-tenno-tennosee__trashed\/der-gardasee-und-seine-umgebung\/"]}]},{"@type":"BreadcrumbList","@id":"https:\/\/gardaslowemotion.ddev.local\/de\/urlaub-lago-tenno-tennosee__trashed\/der-gardasee-und-seine-umgebung\/#breadcrumb","itemListElement":[{"@type":"ListItem","position":1,"name":"Home","item":"https:\/\/gardaslowemotion.ddev.local\/de\/"},{"@type":"ListItem","position":2,"name":"Der Gardasee und seine Umgebung"}]},{"@type":"WebSite","@id":"https:\/\/gardaslowemotion.ddev.local\/it\/#website","url":"https:\/\/gardaslowemotion.ddev.local\/it\/","name":"Garda Slow Emotion","description":"Hotel, appartamenti e ristorante a due passi dal Lago di Garda.","potentialAction":[{"@type":"SearchAction","target":{"@type":"EntryPoint","urlTemplate":"https:\/\/gardaslowemotion.ddev.local\/it\/?s={search_term_string}"},"query-input":{"@type":"PropertyValueSpecification","valueRequired":true,"valueName":"search_term_string"}}],"inLanguage":"de"}]}},"meta_box":{"additional_info":"","apartments":[],"intro_title":"","intro_content":"","intro_box_offers":"","intro_box_gallery":"","structures_title":"","structures_text":"","structures":[],"restaurant_backdrop":false,"restaurant_title":"","restaurant_text":"","restaurant_page":"","posts_title":"","posts_text":"","posts":[],"accomodations_list_structures":[],"cta_label":"","internal_url":"","external_url":"","list_offers":[],"menus":[],"shortcode_form":"","facilities":"","simplegrids":[{"simplegrid_title":"DER WASSERFALL VON VARONE","simplegrid_description":"Die unterirdischen Einsickerungen aus dem Tennosee f\u00fchren zur Bildung des Wildbachs Magnone, durch dessen Erosionsarbeit der tosende Wasserfall von Varone entstand.\r\n<a href=\"http:\/\/www.cascata-varone.com\/de\/varone-wasserfall.htm\" target=\"_blank\" rel=\"noopener\">www.cascata-varone.com<\/a>","simplegrid_picture":"972"},{"simplegrid_title":"DIE ROCCA VON RIVA DEL GARDA","simplegrid_description":"Die Burg hat die Geschichte des Gebietes begleitet, und ihr Aussehen den in Jahrhunderten stattgefundenen \u00c4nderungen angepasst.\r\nHeute ist die Burg Sitz des Stadtmuseums und der Pinakothek.\r\n<a href=\"https:\/\/www.gardatrentino.it\/de\/Rocca-Riva-Gardasee\/\" target=\"_blank\" rel=\"noopener\">www.gardatrentino.it<\/a>","simplegrid_picture":"971"},{"simplegrid_title":"DAS WASSERKRAFTWERK ","simplegrid_description":"Es wurde in den 20er Jahren des vergangenen Jahrhunderts, nach einem Projekt des Architekten D'Annunzio, Giancarlo Maroni am Seeufer errichtet. Er war auch der Sch\u00f6pfer des Vittoriale degli italiani (frei \u00fcbersetzt: Siegerdenkmal der Italiener).\r\n<a href=\"http:\/\/www.hydrotourdolomiti.it\/content\/de\/home\" target=\"_blank\" rel=\"noopener\">www.hydrotourdolomiti.it<\/a>","simplegrid_picture":"668"},{"simplegrid_title":"DAS CASTELLO DI ARCO ","simplegrid_description":"<p align=\"LEFT\">Die Burg von Arco, eine der sch\u00f6nsten und eindrucksvollsten mittelalterlichen Festungen im gesamten Alpenraum, wurde durch die Grafen von Arco auf dem Hochplateau eines Felsturmes errichtet, der die Flussebene vom Sarca dominiert und ein unbestreitbar reizvolles Panorama bietet.\r\n<a href=\"https:\/\/www.gardatrentino.it\/de\/Burg-Arco-Gardasee\/\" target=\"_blank\" rel=\"noopener\">www.gardatrentino.it<\/a><\/p>","simplegrid_picture":"667"},{"simplegrid_title":"St.Barbara Kirche","simplegrid_description":"Die kleine St.Barbara Kirche ist das Symbol von Riva del Garda: es ist in den Felsbrocken der Rocchetta eingeklemmt und es ist ein unumg\u00e4nglicher Ausflug, um die sch\u00f6ne Aussicht auf den Gardasee zu zeigen. Die Kirche wurde w\u00e4hrend der Arbeiten am Elektrizit\u00e4tswerk von den Bergleuten gebaut.","simplegrid_picture":"1003"},{"simplegrid_title":"Ponale Stra\u00dfe","simplegrid_description":"<p class=\"p1\"><span class=\"s1\">Die alte Stra\u00dfe in der Ponale, einst die einzige Verbindung zwischen dem oberen Gardasee und dem Val di Ledro, ist heute ein ausschlie\u00dflich f\u00fcr Radfahrer und Fu\u00dfg\u00e4nger genutzter Weg, der wegen seiner herrlichen Aussicht auf den als einer der spektakul\u00e4rsten Mountainbike-Strecken Italiens bekannt ist Gardasee. Es ist auch sch\u00f6n, es zu Fu\u00df zu erkunden.<\/span><\/p>\r\n\r\n<a href=\"http:\/\/www.ponale.eu\/\" target=\"_blank\" rel=\"noopener\">www.ponale.eu<\/a>","simplegrid_picture":"964"},{"simplegrid_title":"Busatte Tempesta Panoramaweg","simplegrid_description":"Ein sch\u00f6ner Wanderweg, der von Busatte (etwas \u00fcber Torbole) beginnt, dem Berg entlang des Grada Sees folgt und nach Tempesta kommt. Entlang des Weges gibt es 3 Stufen mit etwas 400 Stufen, von hier haben Sie einen fantastischen Blick auf den See!\r\n<a href=\"https:\/\/www.visitmalcesine.com\/de\/strecke-stufen-von-busatte-tempesta-gardasee\/283\" target=\"_blank\" rel=\"noopener\">www.visitmalcesine.com\/it\/scalinata-panoramica-percorso-busatte-tempesta-lago-garda<\/a>","simplegrid_picture":"1004"},{"simplegrid_title":"Baldo Berg mit dem Seilbahn","simplegrid_description":"Sie k\u00f6nnen die Seilbahn Monte Baldo nicht verpassen: Sie haben eine 360 \u200b\u200b\u00b0 Turnaround mit einem exklusiven Punkt aus einen perfekten Blick auf den See, die Berge und die H\u00fcgel. Auf dem Baldo Berg kann man leicht wandern, die Landschaft lieben und in den Schutzh\u00fctten essen.\r\n<a href=\"https:\/\/funiviedelbaldo.it\/de\/\" target=\"_blank\" rel=\"noopener\">funiviedelbaldo.it<\/a>","simplegrid_picture":"1005"},{"simplegrid_title":"Malcesine Scaligers Schloss","simplegrid_description":"Sie m\u00fcssen das Schloss in Malcesine besuchen! Das historische Dorf voller kleiner Stra\u00dfen und die alte Burg sind der Schauplatz vieler Hochzeiten. In Mlacesine gibt es viele Bars und Restaurants am See und es ist der beste Ort, um einen sch\u00f6nen Sonnenuntergang zu genie\u00dfen.\r\n<a href=\"https:\/\/www.visitmalcesine.com\/de\/scaliger-schloss-malcesine-gardasee\/230\" target=\"_blank\" rel=\"noopener\">www.visitmalcesine.com<\/a>","simplegrid_picture":"1006"},{"simplegrid_title":"Der Vittoriale","simplegrid_description":"Es ist eines der faszinierendsten Museumsh\u00e4user Italiens mit einem herrlichen Garten, einem offenen Theater, Stra\u00dfen und Pl\u00e4tzen, reich an Kunst und verborgenen Geheimnissen. Das Vittoriale degli Italiani, Sitz von Gabriele d'Annunzio, befindet sich in Gardone Riviera, an der Westseite des Gardasees, und wurde zum Gedenken an das \"unnachahmliche Leben\" des Dichtersoldaten im Ersten Weltkrieg erbaut.\r\n<a href=\"http:\/\/www.vittoriale.it\/en\/\" target=\"_blank\" rel=\"noopener\">www.vittoriale.it<\/a>","simplegrid_picture":"1007"}],"toptenitems":[],"redirect_to":""},"_links":{"self":[{"href":"https:\/\/gardaslowemotion.it\/de\/wp-json\/wp\/v2\/pages\/897","targetHints":{"allow":["GET"]}}],"collection":[{"href":"https:\/\/gardaslowemotion.it\/de\/wp-json\/wp\/v2\/pages"}],"about":[{"href":"https:\/\/gardaslowemotion.it\/de\/wp-json\/wp\/v2\/types\/page"}],"author":[{"embeddable":true,"href":"https:\/\/gardaslowemotion.it\/de\/wp-json\/wp\/v2\/users\/4"}],"replies":[{"embeddable":true,"href":"https:\/\/gardaslowemotion.it\/de\/wp-json\/wp\/v2\/comments?post=897"}],"version-history":[{"count":6,"href":"https:\/\/gardaslowemotion.it\/de\/wp-json\/wp\/v2\/pages\/897\/revisions"}],"predecessor-version":[{"id":1045,"href":"https:\/\/gardaslowemotion.it\/de\/wp-json\/wp\/v2\/pages\/897\/revisions\/1045"}],"wp:attachment":[{"href":"https:\/\/gardaslowemotion.it\/de\/wp-json\/wp\/v2\/media?parent=897"}],"curies":[{"name":"wp","href":"https:\/\/api.w.org\/{rel}","templated":true}]}}