{"id":904,"date":"2018-03-06T14:46:06","date_gmt":"2018-03-06T14:46:06","guid":{"rendered":"http:\/\/gardaslowemotion.it\/?page_id=904"},"modified":"2018-03-09T09:35:47","modified_gmt":"2018-03-09T09:35:47","slug":"tipps","status":"publish","type":"page","link":"https:\/\/gardaslowemotion.it\/de\/tipps\/","title":{"rendered":"Tipps"},"content":{"rendered":"<ul class=\"multicolumns\">\n<li>Fr\u00fch aufstehen, um den Sonnenaufgang am Gardasee zu bewundern<\/li>\n<li>Warte auf den Sonnenuntergang vom Aussichtspunkt von Grom<\/li>\n<li>Schwimmen Sie um Mitternacht im Tennosee<\/li>\n<li>Besuchen Sie \u201cCanale di Tenno\u201d mit dem Nebel<\/li>\n<li>Planen Sie ein Picknick auf dem \u201cTennese\u201d<\/li>\n<li>Fang und schmecke saisonale Fr\u00fcchte auf den Feldern<\/li>\n<li>Z\u00e4hle mindestens 20 verschiedene Arten von Blumen (aber sammle sie nicht!)<\/li>\n<li>H\u00f6re auf den Wind im Wald<\/li>\n<li>Mittagessen im Schatten der Burg von Tenno<\/li>\n<li>Probieren Sie das \u201cCarne Salada\u201d<\/li>\n<li>Machen Sie eine Tretbootfahrt auf dem Tennosee<\/li>\n<li>Sehen Sie den Wasserfall von Varone von innen<\/li>\n<li>Besuchen Sie das K\u00fcnstlerhaus von Canale<\/li>\n<li>Besuchen Sie die alten Kirche von S. Lorenzo<\/li>\n<li>Spazieren Sie auf die &#8222;Fontanelle&#8220; strasse<\/li>\n<li>Komm runter zur alten M\u00fchle<\/li>\n<li>Probieren Sie den frisch zubereiteten Ricotta<\/li>\n<li>Mieten Sie ein E-Bike<\/li>\n<li>Machen Sie eine Runde um den Tennosee<\/li>\n<li>Leg dich in der Nacht hin und bewundere das Sternengew\u00f6lbe<\/li>\n<li>Bewundern Sie den Ausblick vom Rifugio S. Pietro<\/li>\n<li>Probieren Sie den Downhill mit Experten aus dem &#8222;Val del Diaol&#8220;<\/li>\n<li>Malen Sie die Natur<\/li>\n<li>Schreiben Sie einen Brief an einen lieben Freund mit der alten Schreibmaschine<\/li>\n<li>Entdecken Sie die Tennese mit einem erfahrenen Guide<\/li>\n<li>Probieren Sie 5 Trentiner Weine<\/li>\n<li>Trinken Sie einen \u201cGrappa\u201d am Ende des Abendessens<\/li>\n<li>Lerne ein Rezept unserer Tradition zu Hause kennen<\/li>\n<li>Lesen Sie ein Buch aus unserer Bibliothek<\/li>\n<li>Bleiben Sie in einem hei\u00dfen Sommerregen<\/li>\n<li>Spielen Sie Tennis in unseren Feldern<\/li>\n<li>Kaufen Sie unsere spezial Oliven \u00f6il direkt von den Bauern<\/li>\n<li>Genie\u00dfen Sie den Blick auf die Burg von unseren Zimmer<\/li>\n<li>Schlafen im Schatten eines Baumes<\/li>\n<li>Trinken Sie an einem kalten Wintertag einen Br\u00fblee Wein<\/li>\n<li>Probieren Sie alle unsere hausgemachten Marmeladen in des Fr\u00fchst\u00fccks<\/li>\n<li>Besuchen Sie die arch\u00e4ologischen Ausgrabungen von San Martino<\/li>\n<li>Trinken Sie von der ber\u00fchmten Quelle &#8222;Acqua dei Malai&#8220;<\/li>\n<li>Gehen Sie barfuss um den Tennosee herum<\/li>\n<li>Tauchen Sie in die eisige Quelle des Tennosee ein<\/li>\n<li>Folgen Sie der Olivaia strasse nach Arco<\/li>\n<li>Sp\u00fcren Sie den Duft des Mostes entlang der Stra\u00dfen von Tenno w\u00e4hrend der Erntezeit<\/li>\n<li>Angeln Sie zwischen unseren Fl\u00fcssen und Seen mit einem Experten in der Fischerei<\/li>\n<li>Entdecken Sie die entfernten Zeichen des Ersten Weltkriegs, die immer noch in den W\u00e4ldern sichtbar sind<\/li>\n<li>Fahre mit einem unserer Fahrr\u00e4der, bis deine Beine stark sind<\/li>\n<li>Sonnen Sie sich in unserem Garten<\/li>\n<li>Probieren Sie unsere Aperitifs im Garten mit Blick auf die Burg<\/li>\n<li>Probieren Sie einen Kr\u00e4utertee von Tenno<\/li>\n<li>Besuchen Tennos Weihnachtsm\u00e4rkte<\/li>\n<li>Teilnahme am Rustico Medioevo von Canale di Tenno<\/li>\n<li>Probieren Sie ein Trentiner Craft-Bier<\/li>\n<li>Nehmen Sie das historische Boot von Garda<\/li>\n<li>Versuchen Sie Windsurfen in Torbole<\/li>\n<li>Probieren Sie Kytesurf in Malcesine<\/li>\n<li>Steigen Sie in die Monte Baldo Seilbahn<\/li>\n<li>Gleitschirm mit einem Experten vom Monte Baldo<\/li>\n<li>Probieren Sie das Canyoning mit Experten in Val di Ledro<\/li>\n<li>Schlie\u00dfe das spektakul\u00e4re Klettern der Freundschaft ab<\/li>\n<li>Sehen Sie das atemberaubende Panorama von Punta Larici<\/li>\n<li>Folgen Sie der alten Ponale Stra\u00dfe<\/li>\n<li>Folgen Sie der Stra\u00dfe bis zur Tremosine Schlucht<\/li>\n<li>Vertrag ein Souvenir auf einem der Seem\u00e4rkte<\/li>\n<li>Besichtigen Sie die Forts von Brione und bewundern Sie die herrliche Aussicht auf den Gardasee bei diesem Ausflug<\/li>\n<li>Betreten Sie das Wasserkraftwerk Garda<\/li>\n<li>Es erreicht 2000 Meter zu Fu\u00df<\/li>\n<li>Genie\u00dfen Sie einen Konzert im Garda Jazz Festival<\/li>\n<li>Tanz beim Mandrea Music Festivals<\/li>\n<li>Trample den Schnee in gro\u00dfer H\u00f6he<\/li>\n<li>Besuchen Sie die alten Pfahlbauten von Molina di Ledro<\/li>\n<li>Besuchen Sie die D&#8217;Annunzios Haus<\/li>\n<\/ul>\n","protected":false},"excerpt":{"rendered":"<p>Fr\u00fch aufstehen, um den Sonnenaufgang am Gardasee zu bewundern Warte auf den Sonnenuntergang vom Aussichtspunkt von Grom Schwimmen Sie um Mitternacht im Tennosee Besuchen Sie \u201cCanale di Tenno\u201d mit dem Nebel Planen Sie ein Picknick auf dem \u201cTennese\u201d Fang und schmecke saisonale Fr\u00fcchte auf den Feldern Z\u00e4hle mindestens 20 verschiedene Arten von Blumen (aber sammle [&hellip;]<\/p>\n","protected":false},"author":4,"featured_media":0,"parent":0,"menu_order":0,"comment_status":"closed","ping_status":"closed","template":"","meta":{"footnotes":""},"class_list":["post-904","page","type-page","status-publish","hentry"],"yoast_head":"<!-- This site is optimized with the Yoast SEO plugin v27.1.1 - https:\/\/yoast.com\/product\/yoast-seo-wordpress\/ -->\n<title>Tipps - Garda Slow Emotion<\/title>\n<meta name=\"robots\" content=\"index, follow, max-snippet:-1, max-image-preview:large, max-video-preview:-1\" \/>\n<link rel=\"canonical\" href=\"https:\/\/gardaslowemotion.ddev.local\/de\/urlaub-lago-tenno-tennosee__trashed\/tipps\/\" \/>\n<meta property=\"og:locale\" content=\"de_DE\" \/>\n<meta property=\"og:type\" content=\"article\" \/>\n<meta property=\"og:title\" content=\"Tipps - Garda Slow Emotion\" \/>\n<meta property=\"og:description\" content=\"Fr\u00fch aufstehen, um den Sonnenaufgang am Gardasee zu bewundern Warte auf den Sonnenuntergang vom Aussichtspunkt von Grom Schwimmen Sie um Mitternacht im Tennosee Besuchen Sie \u201cCanale di Tenno\u201d mit dem Nebel Planen Sie ein Picknick auf dem \u201cTennese\u201d Fang und schmecke saisonale Fr\u00fcchte auf den Feldern Z\u00e4hle mindestens 20 verschiedene Arten von Blumen (aber sammle [&hellip;]\" \/>\n<meta property=\"og:url\" content=\"https:\/\/gardaslowemotion.ddev.local\/de\/urlaub-lago-tenno-tennosee__trashed\/tipps\/\" \/>\n<meta property=\"og:site_name\" content=\"Garda Slow Emotion\" \/>\n<meta property=\"article:publisher\" content=\"https:\/\/www.facebook.com\/anticacroce\/\" \/>\n<meta property=\"article:modified_time\" content=\"2018-03-09T09:35:47+00:00\" \/>\n<meta property=\"og:image\" content=\"https:\/\/gardaslowemotion.it\/wp-content\/uploads\/2018\/03\/facebook-generic-opengraph.jpg\" \/>\n\t<meta property=\"og:image:width\" content=\"1396\" \/>\n\t<meta property=\"og:image:height\" content=\"752\" \/>\n\t<meta property=\"og:image:type\" content=\"image\/jpeg\" \/>\n<meta name=\"twitter:card\" content=\"summary_large_image\" \/>\n<meta name=\"twitter:label1\" content=\"Gesch\u00e4tzte Lesezeit\" \/>\n\t<meta name=\"twitter:data1\" content=\"3\u00a0Minuten\" \/>\n<script type=\"application\/ld+json\" class=\"yoast-schema-graph\">{\"@context\":\"https:\/\/schema.org\",\"@graph\":[{\"@type\":\"WebPage\",\"@id\":\"https:\/\/gardaslowemotion.ddev.local\/de\/urlaub-lago-tenno-tennosee__trashed\/tipps\/\",\"url\":\"https:\/\/gardaslowemotion.ddev.local\/de\/urlaub-lago-tenno-tennosee__trashed\/tipps\/\",\"name\":\"Tipps - Garda Slow Emotion\",\"isPartOf\":{\"@id\":\"https:\/\/gardaslowemotion.ddev.local\/it\/#website\"},\"datePublished\":\"2018-03-06T14:46:06+00:00\",\"dateModified\":\"2018-03-09T09:35:47+00:00\",\"breadcrumb\":{\"@id\":\"https:\/\/gardaslowemotion.ddev.local\/de\/urlaub-lago-tenno-tennosee__trashed\/tipps\/#breadcrumb\"},\"inLanguage\":\"de\",\"potentialAction\":[{\"@type\":\"ReadAction\",\"target\":[\"https:\/\/gardaslowemotion.ddev.local\/de\/urlaub-lago-tenno-tennosee__trashed\/tipps\/\"]}]},{\"@type\":\"BreadcrumbList\",\"@id\":\"https:\/\/gardaslowemotion.ddev.local\/de\/urlaub-lago-tenno-tennosee__trashed\/tipps\/#breadcrumb\",\"itemListElement\":[{\"@type\":\"ListItem\",\"position\":1,\"name\":\"Home\",\"item\":\"https:\/\/gardaslowemotion.ddev.local\/de\/\"},{\"@type\":\"ListItem\",\"position\":2,\"name\":\"Tipps\"}]},{\"@type\":\"WebSite\",\"@id\":\"https:\/\/gardaslowemotion.ddev.local\/it\/#website\",\"url\":\"https:\/\/gardaslowemotion.ddev.local\/it\/\",\"name\":\"Garda Slow Emotion\",\"description\":\"Hotel, appartamenti e ristorante a due passi dal Lago di Garda.\",\"potentialAction\":[{\"@type\":\"SearchAction\",\"target\":{\"@type\":\"EntryPoint\",\"urlTemplate\":\"https:\/\/gardaslowemotion.ddev.local\/it\/?s={search_term_string}\"},\"query-input\":{\"@type\":\"PropertyValueSpecification\",\"valueRequired\":true,\"valueName\":\"search_term_string\"}}],\"inLanguage\":\"de\"}]}<\/script>\n<!-- \/ Yoast SEO plugin. -->","yoast_head_json":{"title":"Tipps - Garda Slow Emotion","robots":{"index":"index","follow":"follow","max-snippet":"max-snippet:-1","max-image-preview":"max-image-preview:large","max-video-preview":"max-video-preview:-1"},"canonical":"https:\/\/gardaslowemotion.ddev.local\/de\/urlaub-lago-tenno-tennosee__trashed\/tipps\/","og_locale":"de_DE","og_type":"article","og_title":"Tipps - Garda Slow Emotion","og_description":"Fr\u00fch aufstehen, um den Sonnenaufgang am Gardasee zu bewundern Warte auf den Sonnenuntergang vom Aussichtspunkt von Grom Schwimmen Sie um Mitternacht im Tennosee Besuchen Sie \u201cCanale di Tenno\u201d mit dem Nebel Planen Sie ein Picknick auf dem \u201cTennese\u201d Fang und schmecke saisonale Fr\u00fcchte auf den Feldern Z\u00e4hle mindestens 20 verschiedene Arten von Blumen (aber sammle [&hellip;]","og_url":"https:\/\/gardaslowemotion.ddev.local\/de\/urlaub-lago-tenno-tennosee__trashed\/tipps\/","og_site_name":"Garda Slow Emotion","article_publisher":"https:\/\/www.facebook.com\/anticacroce\/","article_modified_time":"2018-03-09T09:35:47+00:00","og_image":[{"width":1396,"height":752,"url":"https:\/\/gardaslowemotion.it\/wp-content\/uploads\/2018\/03\/facebook-generic-opengraph.jpg","type":"image\/jpeg"}],"twitter_card":"summary_large_image","twitter_misc":{"Gesch\u00e4tzte Lesezeit":"3\u00a0Minuten"},"schema":{"@context":"https:\/\/schema.org","@graph":[{"@type":"WebPage","@id":"https:\/\/gardaslowemotion.ddev.local\/de\/urlaub-lago-tenno-tennosee__trashed\/tipps\/","url":"https:\/\/gardaslowemotion.ddev.local\/de\/urlaub-lago-tenno-tennosee__trashed\/tipps\/","name":"Tipps - Garda Slow Emotion","isPartOf":{"@id":"https:\/\/gardaslowemotion.ddev.local\/it\/#website"},"datePublished":"2018-03-06T14:46:06+00:00","dateModified":"2018-03-09T09:35:47+00:00","breadcrumb":{"@id":"https:\/\/gardaslowemotion.ddev.local\/de\/urlaub-lago-tenno-tennosee__trashed\/tipps\/#breadcrumb"},"inLanguage":"de","potentialAction":[{"@type":"ReadAction","target":["https:\/\/gardaslowemotion.ddev.local\/de\/urlaub-lago-tenno-tennosee__trashed\/tipps\/"]}]},{"@type":"BreadcrumbList","@id":"https:\/\/gardaslowemotion.ddev.local\/de\/urlaub-lago-tenno-tennosee__trashed\/tipps\/#breadcrumb","itemListElement":[{"@type":"ListItem","position":1,"name":"Home","item":"https:\/\/gardaslowemotion.ddev.local\/de\/"},{"@type":"ListItem","position":2,"name":"Tipps"}]},{"@type":"WebSite","@id":"https:\/\/gardaslowemotion.ddev.local\/it\/#website","url":"https:\/\/gardaslowemotion.ddev.local\/it\/","name":"Garda Slow Emotion","description":"Hotel, appartamenti e ristorante a due passi dal Lago di Garda.","potentialAction":[{"@type":"SearchAction","target":{"@type":"EntryPoint","urlTemplate":"https:\/\/gardaslowemotion.ddev.local\/it\/?s={search_term_string}"},"query-input":{"@type":"PropertyValueSpecification","valueRequired":true,"valueName":"search_term_string"}}],"inLanguage":"de"}]}},"meta_box":{"additional_info":"","apartments":[],"intro_title":"","intro_content":"","intro_box_offers":"","intro_box_gallery":"","structures_title":"","structures_text":"","structures":[],"restaurant_backdrop":false,"restaurant_title":"","restaurant_text":"","restaurant_page":"","posts_title":"","posts_text":"","posts":[],"accomodations_list_structures":[],"cta_label":"","internal_url":"","external_url":"","list_offers":[],"menus":[],"shortcode_form":"","facilities":"","simplegrids":[],"toptenitems":[],"redirect_to":""},"_links":{"self":[{"href":"https:\/\/gardaslowemotion.it\/de\/wp-json\/wp\/v2\/pages\/904","targetHints":{"allow":["GET"]}}],"collection":[{"href":"https:\/\/gardaslowemotion.it\/de\/wp-json\/wp\/v2\/pages"}],"about":[{"href":"https:\/\/gardaslowemotion.it\/de\/wp-json\/wp\/v2\/types\/page"}],"author":[{"embeddable":true,"href":"https:\/\/gardaslowemotion.it\/de\/wp-json\/wp\/v2\/users\/4"}],"replies":[{"embeddable":true,"href":"https:\/\/gardaslowemotion.it\/de\/wp-json\/wp\/v2\/comments?post=904"}],"version-history":[{"count":5,"href":"https:\/\/gardaslowemotion.it\/de\/wp-json\/wp\/v2\/pages\/904\/revisions"}],"predecessor-version":[{"id":1001,"href":"https:\/\/gardaslowemotion.it\/de\/wp-json\/wp\/v2\/pages\/904\/revisions\/1001"}],"wp:attachment":[{"href":"https:\/\/gardaslowemotion.it\/de\/wp-json\/wp\/v2\/media?parent=904"}],"curies":[{"name":"wp","href":"https:\/\/api.w.org\/{rel}","templated":true}]}}