{"id":1411,"date":"2019-03-26T08:26:55","date_gmt":"2019-03-26T08:26:55","guid":{"rendered":"gardaslowemotion.it\/?page_id=1411"},"modified":"2019-03-26T09:41:54","modified_gmt":"2019-03-26T09:41:54","slug":"privacy-cookies","status":"publish","type":"page","link":"https:\/\/gardaslowemotion.it\/en\/privacy-cookies\/","title":{"rendered":"Privacy &#038; Cookies"},"content":{"rendered":"<h2>Art. 13 del Regolamento UE 2016\/679<\/h2>\n<p><strong>1. Titolare del trattamento<\/strong><br \/>\nAntica Croce SNC di Stanga Ettore &amp; C. con sede legale in Via dei Laghi n.1 Tenno (TN), titolare del trattamento, garantisce il rispetto della disciplina in materia di protezione dei dati personali fornendo le seguenti informazioni circa il trattamento dei dati comunicati o comunque raccolti nel corso della navigazione sul presente sito.<\/p>\n<p><strong>2. Dati trattati, finalit\u00e0 e basi giuridiche del trattamento<\/strong><br \/>\n<em>Dati generati dall\u2019accesso al sito<\/em><br \/>\nI sistemi informatici e le procedure software preposte al funzionamento di questo sito acquisiscono, nel corso del loro normale esercizio, alcuni dati personali la cui trasmissione \u00e8 implicita nell\u2019uso dei protocolli di comunicazione di Internet. Questi dati (quali ad esempio nomi di dominio, indirizzi IP, sistema operativo utilizzato, tipo di device di browser utilizzati per la connessione) non sono accompagnati da alcuna informazione personale aggiuntiva e vengono utilizzati per ricavare informazioni statistiche anonime sull\u2019uso del sito; gestire esigenze di controllo delle modalit\u00e0 di utilizzo dello stesso; accertare responsabilit\u00e0 in caso di ipotetici reati informatici. La base giuridica che legittima il trattamento di tali dati \u00e8 la necessit\u00e0 di rendere utilizzabili le funzionalit\u00e0 del sito a seguito dell\u2019accesso dell\u2019utente.<br \/>\nDati forniti volontariamente dall\u2019utente<br \/>\nI dati personali forniti dall\u2019utente tramite form sono raccolti e trattati per le seguenti finalit\u00e0:<\/p>\n<ul>\n<li>a. per lo svolgimento delle attivit\u00e0 di relazione con l\u2019interessato (ad es. dare riscontro a richieste informative, acquisire informazioni preliminari volte alla definizione di un rapporto contrattuale, predisporre offerte commerciali, ecc.);<\/li>\n<li>b. per finalit\u00e0 amministrative e per adempiere ad attivit\u00e0 strettamente connesse e strumentali alla gestione dei rapporti con gli interessati e per l\u2019adempimento di obblighi di legge quali ad esempio quelli di natura contabile, fiscale, o per dar corso a richieste dell\u2019autorit\u00e0 giudiziaria;<\/li>\n<li>c. in presenza di specifico consenso, per l\u2019invio periodico, tramite e-mail, di newsletter e materiale pubblicitario;<\/li>\n<li>d. in presenza di specifico consenso, per inviare aggiornamenti sulle nostre attivit\u00e0;<\/li>\n<li>e. in presenza di specifico consenso, per inviare comunicazioni promozionali ed inviti ad eventi o promozioni speciali;<\/li>\n<li>f. nel caso di invio di curriculum vitae, esclusivamente per finalit\u00e0 di selezione.<\/li>\n<\/ul>\n<p>La base giuridica che legittima il trattamento \u00e8 l\u2019esecuzione di un contratto di cui l\u2019interessato \u00e8 parte o l\u2019esecuzione di misure precontrattuali adottate su richiesta dello stesso. Nei casi espressamente indicati (punti c., d., e.) la base giuridica \u00e8 il consenso liberamente fornito dall\u2019interessato.<\/p>\n<p><strong>Cookies<\/strong><\/p>\n<p>Per ogni informazione si veda cookie policy pubblicata in questa <a href=\"gardaslowemotion.it\/it\/cookie-policy\/\">pagina<\/a>.<\/p>\n<p><strong>3. Natura del conferimento<\/strong><br \/>\nA parte quanto specificato per i dati di navigazione il conferimento dei dati:<\/p>\n<ul>\n<li>rispetto alle finalit\u00e0 di cui alle lettere a., b. ed f. \u00e8 facoltativo ma l\u2019eventuale rifiuto comporter\u00e0 l\u2019impossibilit\u00e0 per il Titolare di dar corso agli impegni contrattuali assunti;<\/li>\n<li>rispetto alle finalit\u00e0 di cui alle lettere c., d. ed e. \u00e8 anche esso facoltativo e il loro utilizzo \u00e8 condizionato al rilascio di un esplicito consenso. L\u2019eventuale rifiuto comporter\u00e0 l\u2019impossibilit\u00e0 per il Titolare di inviare newsletter e materiale pubblicitario o inviti a eventi e iniziative.<\/li>\n<\/ul>\n<p><strong>4. Modalit\u00e0 di trattamento e tempi di conservazione dei dati<\/strong><br \/>\nI dati raccolti saranno trattati mediante strumenti elettronici o comunque automatizzati, informatici e telematici, o mediante elaborazioni manuali con logiche strettamente correlate alle finalit\u00e0 per le quali i dati personali sono stati raccolti e, comunque, in modo da garantire in ogni caso la sicurezza dei medesimi.<\/p>\n<p><strong>5. Soggetti autorizzati al trattamento, responsabili e comunicazione dei dati<\/strong><br \/>\nIl trattamento dei dati raccolti \u00e8 effettuato da personale autorizzato del trattamento secondo specifiche istruzioni impartite nel rispetto della normativa vigente. I dati raccolti, qualora sia necessario o strumentale per l\u2019esecuzione delle indicate finalit\u00e0, potranno essere trattati da terzi nominati responsabili del trattamento, ovvero, a seconda dei casi, comunicati agli stessi quali autonomi titolari, e precisamente:<\/p>\n<ul>\n<li>persone, societ\u00e0, associazioni o studi professionali che prestino attivit\u00e0 di assistenza e consulenza alla nostra Societ\u00e0, per le finalit\u00e0 di cui al punto 2;<\/li>\n<li>societ\u00e0, enti, associazioni che svolgono servizi connessi e strumentali alla esecuzione delle finalit\u00e0 sopra indicate (ad es. manutenzione dei sistemi informatici).<\/li>\n<\/ul>\n<p>I dati raccolti non saranno trasferiti extra UE.<br \/>\nIn ogni caso, i dati personali non saranno mai diffusi salvo esplicita autorizzazione dell\u2019interessato.<\/p>\n<p><strong>6. Diritti dell\u2019interessato<\/strong><br \/>\nIn ogni momento \u00e8 possibile accedere ai dati, opporsi al trattamento o chiedere la cancellazione, la modifica o l\u2019aggiornamento di tutte le informazioni personali raccolte dal titolare, esercitando il diritto alla limitazione del trattamento e il diritto alla portabilit\u00e0 dei dati, inviando un\u2019e-mail all\u2019indirizzo <a href=\"mailto:info@gardaslowemotion.it\">info@gardaslowemotion.it<\/a>.<\/p>\n<p>Le coordinate di contatto dell\u2019autorit\u00e0 di controllo sono le seguenti: <a href=\"mailto:urp@gdp.it\">urp@gdp.it<\/a>.<\/p>\n","protected":false},"excerpt":{"rendered":"<p>Art. 13 del Regolamento UE 2016\/679 1. Titolare del trattamento Antica Croce SNC di Stanga Ettore &amp; C. con sede legale in Via dei Laghi n.1 Tenno (TN), titolare del trattamento, garantisce il rispetto della disciplina in materia di protezione dei dati personali fornendo le seguenti informazioni circa il trattamento dei dati comunicati o comunque [&hellip;]<\/p>\n","protected":false},"author":4,"featured_media":0,"parent":0,"menu_order":0,"comment_status":"closed","ping_status":"closed","template":"page-templates\/no-picture.php","meta":{"footnotes":""},"class_list":["post-1411","page","type-page","status-publish","hentry"],"yoast_head":"<!-- This site is optimized with the Yoast SEO plugin v27.1.1 - https:\/\/yoast.com\/product\/yoast-seo-wordpress\/ -->\n<title>Privacy &amp; Cookies - Garda Slow Emotion<\/title>\n<meta name=\"robots\" content=\"index, follow, max-snippet:-1, max-image-preview:large, max-video-preview:-1\" \/>\n<link rel=\"canonical\" href=\"https:\/\/gardaslowemotion.ddev.local\/en\/privacy-cookies\/\" \/>\n<meta property=\"og:locale\" content=\"en_US\" \/>\n<meta property=\"og:type\" content=\"article\" \/>\n<meta property=\"og:title\" content=\"Privacy &amp; Cookies - Garda Slow Emotion\" \/>\n<meta property=\"og:description\" content=\"Art. 13 del Regolamento UE 2016\/679 1. Titolare del trattamento Antica Croce SNC di Stanga Ettore &amp; C. con sede legale in Via dei Laghi n.1 Tenno (TN), titolare del trattamento, garantisce il rispetto della disciplina in materia di protezione dei dati personali fornendo le seguenti informazioni circa il trattamento dei dati comunicati o comunque [&hellip;]\" \/>\n<meta property=\"og:url\" content=\"https:\/\/gardaslowemotion.ddev.local\/en\/privacy-cookies\/\" \/>\n<meta property=\"og:site_name\" content=\"Garda Slow Emotion\" \/>\n<meta property=\"article:publisher\" content=\"https:\/\/www.facebook.com\/anticacroce\/\" \/>\n<meta property=\"article:modified_time\" content=\"2019-03-26T09:41:54+00:00\" \/>\n<meta property=\"og:image\" content=\"https:\/\/gardaslowemotion.it\/wp-content\/uploads\/2018\/03\/facebook-generic-opengraph.jpg\" \/>\n\t<meta property=\"og:image:width\" content=\"1396\" \/>\n\t<meta property=\"og:image:height\" content=\"752\" \/>\n\t<meta property=\"og:image:type\" content=\"image\/jpeg\" \/>\n<meta name=\"twitter:card\" content=\"summary_large_image\" \/>\n<meta name=\"twitter:label1\" content=\"Est. reading time\" \/>\n\t<meta name=\"twitter:data1\" content=\"4 minutes\" \/>\n<script type=\"application\/ld+json\" class=\"yoast-schema-graph\">{\"@context\":\"https:\/\/schema.org\",\"@graph\":[{\"@type\":\"WebPage\",\"@id\":\"https:\/\/gardaslowemotion.ddev.local\/en\/privacy-cookies\/\",\"url\":\"https:\/\/gardaslowemotion.ddev.local\/en\/privacy-cookies\/\",\"name\":\"Privacy & Cookies - Garda Slow Emotion\",\"isPartOf\":{\"@id\":\"https:\/\/gardaslowemotion.ddev.local\/it\/#website\"},\"datePublished\":\"2019-03-26T08:26:55+00:00\",\"dateModified\":\"2019-03-26T09:41:54+00:00\",\"breadcrumb\":{\"@id\":\"https:\/\/gardaslowemotion.ddev.local\/en\/privacy-cookies\/#breadcrumb\"},\"inLanguage\":\"en-US\",\"potentialAction\":[{\"@type\":\"ReadAction\",\"target\":[\"https:\/\/gardaslowemotion.ddev.local\/en\/privacy-cookies\/\"]}]},{\"@type\":\"BreadcrumbList\",\"@id\":\"https:\/\/gardaslowemotion.ddev.local\/en\/privacy-cookies\/#breadcrumb\",\"itemListElement\":[{\"@type\":\"ListItem\",\"position\":1,\"name\":\"Home\",\"item\":\"https:\/\/gardaslowemotion.ddev.local\/en\/\"},{\"@type\":\"ListItem\",\"position\":2,\"name\":\"Privacy &#038; Cookies\"}]},{\"@type\":\"WebSite\",\"@id\":\"https:\/\/gardaslowemotion.ddev.local\/it\/#website\",\"url\":\"https:\/\/gardaslowemotion.ddev.local\/it\/\",\"name\":\"Garda Slow Emotion\",\"description\":\"Hotel, appartamenti e ristorante a due passi dal Lago di Garda.\",\"potentialAction\":[{\"@type\":\"SearchAction\",\"target\":{\"@type\":\"EntryPoint\",\"urlTemplate\":\"https:\/\/gardaslowemotion.ddev.local\/it\/?s={search_term_string}\"},\"query-input\":{\"@type\":\"PropertyValueSpecification\",\"valueRequired\":true,\"valueName\":\"search_term_string\"}}],\"inLanguage\":\"en-US\"}]}<\/script>\n<!-- \/ Yoast SEO plugin. -->","yoast_head_json":{"title":"Privacy & Cookies - Garda Slow Emotion","robots":{"index":"index","follow":"follow","max-snippet":"max-snippet:-1","max-image-preview":"max-image-preview:large","max-video-preview":"max-video-preview:-1"},"canonical":"https:\/\/gardaslowemotion.ddev.local\/en\/privacy-cookies\/","og_locale":"en_US","og_type":"article","og_title":"Privacy & Cookies - Garda Slow Emotion","og_description":"Art. 13 del Regolamento UE 2016\/679 1. Titolare del trattamento Antica Croce SNC di Stanga Ettore &amp; C. con sede legale in Via dei Laghi n.1 Tenno (TN), titolare del trattamento, garantisce il rispetto della disciplina in materia di protezione dei dati personali fornendo le seguenti informazioni circa il trattamento dei dati comunicati o comunque [&hellip;]","og_url":"https:\/\/gardaslowemotion.ddev.local\/en\/privacy-cookies\/","og_site_name":"Garda Slow Emotion","article_publisher":"https:\/\/www.facebook.com\/anticacroce\/","article_modified_time":"2019-03-26T09:41:54+00:00","og_image":[{"width":1396,"height":752,"url":"https:\/\/gardaslowemotion.it\/wp-content\/uploads\/2018\/03\/facebook-generic-opengraph.jpg","type":"image\/jpeg"}],"twitter_card":"summary_large_image","twitter_misc":{"Est. reading time":"4 minutes"},"schema":{"@context":"https:\/\/schema.org","@graph":[{"@type":"WebPage","@id":"https:\/\/gardaslowemotion.ddev.local\/en\/privacy-cookies\/","url":"https:\/\/gardaslowemotion.ddev.local\/en\/privacy-cookies\/","name":"Privacy & Cookies - Garda Slow Emotion","isPartOf":{"@id":"https:\/\/gardaslowemotion.ddev.local\/it\/#website"},"datePublished":"2019-03-26T08:26:55+00:00","dateModified":"2019-03-26T09:41:54+00:00","breadcrumb":{"@id":"https:\/\/gardaslowemotion.ddev.local\/en\/privacy-cookies\/#breadcrumb"},"inLanguage":"en-US","potentialAction":[{"@type":"ReadAction","target":["https:\/\/gardaslowemotion.ddev.local\/en\/privacy-cookies\/"]}]},{"@type":"BreadcrumbList","@id":"https:\/\/gardaslowemotion.ddev.local\/en\/privacy-cookies\/#breadcrumb","itemListElement":[{"@type":"ListItem","position":1,"name":"Home","item":"https:\/\/gardaslowemotion.ddev.local\/en\/"},{"@type":"ListItem","position":2,"name":"Privacy &#038; Cookies"}]},{"@type":"WebSite","@id":"https:\/\/gardaslowemotion.ddev.local\/it\/#website","url":"https:\/\/gardaslowemotion.ddev.local\/it\/","name":"Garda Slow Emotion","description":"Hotel, appartamenti e ristorante a due passi dal Lago di Garda.","potentialAction":[{"@type":"SearchAction","target":{"@type":"EntryPoint","urlTemplate":"https:\/\/gardaslowemotion.ddev.local\/it\/?s={search_term_string}"},"query-input":{"@type":"PropertyValueSpecification","valueRequired":true,"valueName":"search_term_string"}}],"inLanguage":"en-US"}]}},"meta_box":{"additional_info":"","apartments":[],"intro_title":"","intro_content":"","intro_box_offers":"","intro_box_gallery":"","structures_title":"","structures_text":"","structures":[],"restaurant_backdrop":false,"restaurant_title":"","restaurant_text":"","restaurant_page":"","posts_title":"","posts_text":"","posts":[],"accomodations_list_structures":[],"cta_label":"","internal_url":"","external_url":"","list_offers":[],"menus":[],"shortcode_form":"","facilities":"","simplegrids":[],"toptenitems":[],"redirect_to":""},"_links":{"self":[{"href":"https:\/\/gardaslowemotion.it\/en\/wp-json\/wp\/v2\/pages\/1411","targetHints":{"allow":["GET"]}}],"collection":[{"href":"https:\/\/gardaslowemotion.it\/en\/wp-json\/wp\/v2\/pages"}],"about":[{"href":"https:\/\/gardaslowemotion.it\/en\/wp-json\/wp\/v2\/types\/page"}],"author":[{"embeddable":true,"href":"https:\/\/gardaslowemotion.it\/en\/wp-json\/wp\/v2\/users\/4"}],"replies":[{"embeddable":true,"href":"https:\/\/gardaslowemotion.it\/en\/wp-json\/wp\/v2\/comments?post=1411"}],"version-history":[{"count":3,"href":"https:\/\/gardaslowemotion.it\/en\/wp-json\/wp\/v2\/pages\/1411\/revisions"}],"predecessor-version":[{"id":1433,"href":"https:\/\/gardaslowemotion.it\/en\/wp-json\/wp\/v2\/pages\/1411\/revisions\/1433"}],"wp:attachment":[{"href":"https:\/\/gardaslowemotion.it\/en\/wp-json\/wp\/v2\/media?parent=1411"}],"curies":[{"name":"wp","href":"https:\/\/api.w.org\/{rel}","templated":true}]}}