{"id":16,"date":"2018-01-22T17:55:03","date_gmt":"2018-01-22T17:55:03","guid":{"rendered":"http:\/\/gardaslowemotion.local\/?page_id=16"},"modified":"2023-04-16T10:59:03","modified_gmt":"2023-04-16T10:59:03","slug":"buono-a-sapersi","status":"publish","type":"page","link":"https:\/\/gardaslowemotion.it\/it\/slow-emotion-holiday\/buono-a-sapersi\/","title":{"rendered":"Buono a sapersi"},"content":{"rendered":"<p>Scopri i migliori motivi per scegliere <strong>Garda Slow Emotion<\/strong>:<\/p>\n","protected":false},"excerpt":{"rendered":"<p>Scopri i migliori motivi per scegliere Garda Slow Emotion:<\/p>\n","protected":false},"author":4,"featured_media":397,"parent":8,"menu_order":0,"comment_status":"closed","ping_status":"closed","template":"page-templates\/top.php","meta":{"footnotes":""},"class_list":["post-16","page","type-page","status-publish","has-post-thumbnail","hentry"],"yoast_head":"<!-- This site is optimized with the Yoast SEO plugin v27.1.1 - https:\/\/yoast.com\/product\/yoast-seo-wordpress\/ -->\n<title>Buono a sapersi - Garda Slow Emotion<\/title>\n<meta name=\"robots\" content=\"index, follow, max-snippet:-1, max-image-preview:large, max-video-preview:-1\" \/>\n<link rel=\"canonical\" href=\"https:\/\/gardaslowemotion.ddev.local\/it\/slow-emotion-holiday\/buono-a-sapersi\/\" \/>\n<meta property=\"og:locale\" content=\"it_IT\" \/>\n<meta property=\"og:type\" content=\"article\" \/>\n<meta property=\"og:title\" content=\"Buono a sapersi - Garda Slow Emotion\" \/>\n<meta property=\"og:description\" content=\"Scopri i migliori motivi per scegliere Garda Slow Emotion:\" \/>\n<meta property=\"og:url\" content=\"https:\/\/gardaslowemotion.ddev.local\/it\/slow-emotion-holiday\/buono-a-sapersi\/\" \/>\n<meta property=\"og:site_name\" content=\"Garda Slow Emotion\" \/>\n<meta property=\"article:publisher\" content=\"https:\/\/www.facebook.com\/anticacroce\/\" \/>\n<meta property=\"article:modified_time\" content=\"2023-04-16T10:59:03+00:00\" \/>\n<meta property=\"og:image\" content=\"https:\/\/gardaslowemotion.ddev.local\/wp-content\/uploads\/2018\/01\/20171009_anticacroce_AR5_3349-1024x683.jpg\" \/>\n\t<meta property=\"og:image:width\" content=\"1024\" \/>\n\t<meta property=\"og:image:height\" content=\"683\" \/>\n\t<meta property=\"og:image:type\" content=\"image\/jpeg\" \/>\n<meta name=\"twitter:card\" content=\"summary_large_image\" \/>\n<meta name=\"twitter:label1\" content=\"Tempo di lettura stimato\" \/>\n\t<meta name=\"twitter:data1\" content=\"1 minuto\" \/>\n<script type=\"application\/ld+json\" class=\"yoast-schema-graph\">{\"@context\":\"https:\/\/schema.org\",\"@graph\":[{\"@type\":\"WebPage\",\"@id\":\"https:\/\/gardaslowemotion.ddev.local\/it\/slow-emotion-holiday\/buono-a-sapersi\/\",\"url\":\"https:\/\/gardaslowemotion.ddev.local\/it\/slow-emotion-holiday\/buono-a-sapersi\/\",\"name\":\"Buono a sapersi - Garda Slow Emotion\",\"isPartOf\":{\"@id\":\"https:\/\/gardaslowemotion.ddev.local\/it\/#website\"},\"primaryImageOfPage\":{\"@id\":\"https:\/\/gardaslowemotion.ddev.local\/it\/slow-emotion-holiday\/buono-a-sapersi\/#primaryimage\"},\"image\":{\"@id\":\"https:\/\/gardaslowemotion.ddev.local\/it\/slow-emotion-holiday\/buono-a-sapersi\/#primaryimage\"},\"thumbnailUrl\":\"https:\/\/gardaslowemotion.it\/wp-content\/uploads\/2018\/01\/20171009_anticacroce_AR5_3349.jpg\",\"datePublished\":\"2018-01-22T17:55:03+00:00\",\"dateModified\":\"2023-04-16T10:59:03+00:00\",\"breadcrumb\":{\"@id\":\"https:\/\/gardaslowemotion.ddev.local\/it\/slow-emotion-holiday\/buono-a-sapersi\/#breadcrumb\"},\"inLanguage\":\"it-IT\",\"potentialAction\":[{\"@type\":\"ReadAction\",\"target\":[\"https:\/\/gardaslowemotion.ddev.local\/it\/slow-emotion-holiday\/buono-a-sapersi\/\"]}]},{\"@type\":\"ImageObject\",\"inLanguage\":\"it-IT\",\"@id\":\"https:\/\/gardaslowemotion.ddev.local\/it\/slow-emotion-holiday\/buono-a-sapersi\/#primaryimage\",\"url\":\"https:\/\/gardaslowemotion.it\/wp-content\/uploads\/2018\/01\/20171009_anticacroce_AR5_3349.jpg\",\"contentUrl\":\"https:\/\/gardaslowemotion.it\/wp-content\/uploads\/2018\/01\/20171009_anticacroce_AR5_3349.jpg\",\"width\":4000,\"height\":2667},{\"@type\":\"BreadcrumbList\",\"@id\":\"https:\/\/gardaslowemotion.ddev.local\/it\/slow-emotion-holiday\/buono-a-sapersi\/#breadcrumb\",\"itemListElement\":[{\"@type\":\"ListItem\",\"position\":1,\"name\":\"Home\",\"item\":\"https:\/\/gardaslowemotion.it\/it\/\"},{\"@type\":\"ListItem\",\"position\":2,\"name\":\"Slow Emotion Holiday\",\"item\":\"https:\/\/gardaslowemotion.ddev.local\/it\/slow-emotion-holiday\/\"},{\"@type\":\"ListItem\",\"position\":3,\"name\":\"Buono a sapersi\"}]},{\"@type\":\"WebSite\",\"@id\":\"https:\/\/gardaslowemotion.ddev.local\/it\/#website\",\"url\":\"https:\/\/gardaslowemotion.ddev.local\/it\/\",\"name\":\"Garda Slow Emotion\",\"description\":\"Hotel, appartamenti e ristorante a due passi dal Lago di Garda.\",\"potentialAction\":[{\"@type\":\"SearchAction\",\"target\":{\"@type\":\"EntryPoint\",\"urlTemplate\":\"https:\/\/gardaslowemotion.ddev.local\/it\/?s={search_term_string}\"},\"query-input\":{\"@type\":\"PropertyValueSpecification\",\"valueRequired\":true,\"valueName\":\"search_term_string\"}}],\"inLanguage\":\"it-IT\"}]}<\/script>\n<!-- \/ Yoast SEO plugin. -->","yoast_head_json":{"title":"Buono a sapersi - Garda Slow Emotion","robots":{"index":"index","follow":"follow","max-snippet":"max-snippet:-1","max-image-preview":"max-image-preview:large","max-video-preview":"max-video-preview:-1"},"canonical":"https:\/\/gardaslowemotion.ddev.local\/it\/slow-emotion-holiday\/buono-a-sapersi\/","og_locale":"it_IT","og_type":"article","og_title":"Buono a sapersi - Garda Slow Emotion","og_description":"Scopri i migliori motivi per scegliere Garda Slow Emotion:","og_url":"https:\/\/gardaslowemotion.ddev.local\/it\/slow-emotion-holiday\/buono-a-sapersi\/","og_site_name":"Garda Slow Emotion","article_publisher":"https:\/\/www.facebook.com\/anticacroce\/","article_modified_time":"2023-04-16T10:59:03+00:00","og_image":[{"width":1024,"height":683,"url":"https:\/\/gardaslowemotion.ddev.local\/wp-content\/uploads\/2018\/01\/20171009_anticacroce_AR5_3349-1024x683.jpg","type":"image\/jpeg"}],"twitter_card":"summary_large_image","twitter_misc":{"Tempo di lettura stimato":"1 minuto"},"schema":{"@context":"https:\/\/schema.org","@graph":[{"@type":"WebPage","@id":"https:\/\/gardaslowemotion.ddev.local\/it\/slow-emotion-holiday\/buono-a-sapersi\/","url":"https:\/\/gardaslowemotion.ddev.local\/it\/slow-emotion-holiday\/buono-a-sapersi\/","name":"Buono a sapersi - Garda Slow Emotion","isPartOf":{"@id":"https:\/\/gardaslowemotion.ddev.local\/it\/#website"},"primaryImageOfPage":{"@id":"https:\/\/gardaslowemotion.ddev.local\/it\/slow-emotion-holiday\/buono-a-sapersi\/#primaryimage"},"image":{"@id":"https:\/\/gardaslowemotion.ddev.local\/it\/slow-emotion-holiday\/buono-a-sapersi\/#primaryimage"},"thumbnailUrl":"https:\/\/gardaslowemotion.it\/wp-content\/uploads\/2018\/01\/20171009_anticacroce_AR5_3349.jpg","datePublished":"2018-01-22T17:55:03+00:00","dateModified":"2023-04-16T10:59:03+00:00","breadcrumb":{"@id":"https:\/\/gardaslowemotion.ddev.local\/it\/slow-emotion-holiday\/buono-a-sapersi\/#breadcrumb"},"inLanguage":"it-IT","potentialAction":[{"@type":"ReadAction","target":["https:\/\/gardaslowemotion.ddev.local\/it\/slow-emotion-holiday\/buono-a-sapersi\/"]}]},{"@type":"ImageObject","inLanguage":"it-IT","@id":"https:\/\/gardaslowemotion.ddev.local\/it\/slow-emotion-holiday\/buono-a-sapersi\/#primaryimage","url":"https:\/\/gardaslowemotion.it\/wp-content\/uploads\/2018\/01\/20171009_anticacroce_AR5_3349.jpg","contentUrl":"https:\/\/gardaslowemotion.it\/wp-content\/uploads\/2018\/01\/20171009_anticacroce_AR5_3349.jpg","width":4000,"height":2667},{"@type":"BreadcrumbList","@id":"https:\/\/gardaslowemotion.ddev.local\/it\/slow-emotion-holiday\/buono-a-sapersi\/#breadcrumb","itemListElement":[{"@type":"ListItem","position":1,"name":"Home","item":"https:\/\/gardaslowemotion.it\/it\/"},{"@type":"ListItem","position":2,"name":"Slow Emotion Holiday","item":"https:\/\/gardaslowemotion.ddev.local\/it\/slow-emotion-holiday\/"},{"@type":"ListItem","position":3,"name":"Buono a sapersi"}]},{"@type":"WebSite","@id":"https:\/\/gardaslowemotion.ddev.local\/it\/#website","url":"https:\/\/gardaslowemotion.ddev.local\/it\/","name":"Garda Slow Emotion","description":"Hotel, appartamenti e ristorante a due passi dal Lago di Garda.","potentialAction":[{"@type":"SearchAction","target":{"@type":"EntryPoint","urlTemplate":"https:\/\/gardaslowemotion.ddev.local\/it\/?s={search_term_string}"},"query-input":{"@type":"PropertyValueSpecification","valueRequired":true,"valueName":"search_term_string"}}],"inLanguage":"it-IT"}]}},"meta_box":{"additional_info":"","apartments":[],"intro_title":"","intro_content":"","intro_box_offers":"","intro_box_gallery":"","slideshow":[],"structures_title":"","structures_text":"","structures":[],"restaurant_backdrop":false,"restaurant_title":"","restaurant_text":"","restaurant_page":"","posts_title":"","posts_text":"","posts":[],"accomodations_list_structures":[],"cta_label":"","internal_url":"","external_url":"","list_offers":[],"menus":[],"shortcode_form":"","facilities":"","simplegrids":[],"toptenitems":[{"topten_title":"Armonia e cordialit\u00e0","topten_description":"Il piacere di ritrovarsi in un ambiente accogliente e familiare, dove l\u2019ospitalit\u00e0 \u00e8 la nostra priorit\u00e0.","topten_picture":"333"},{"topten_title":"Passione per i sapori","topten_description":"Sorprenderete il vostro palato con le delizie a km zero abbinate ad eccellenti vini del territorio. Una gioia da condividere.","topten_picture":"392"},{"topten_title":"Orizzonte di emozioni","topten_description":"Ai piedi del Castello di Tenno e sullo sfondo la maestosit\u00e0 del Lago di Garda, una vista mozzafiato che regala ogni giorno grandi emozioni.","topten_picture":"418"},{"topten_title":"Piccoli piaceri quotidiani","topten_description":"Ci piace viziare i nostri ospiti ponendo la massima attenzione nei dettagli e scegliendo solo prodotti di qualit\u00e0.","topten_picture":"352"},{"topten_title":"Esperienze autentiche","topten_description":"Mura storiche, tradizioni e ovunque il profumo della semplicit\u00e0, \u00e8 un ritorno al passato senza frenesia che porta con s\u00e9 la voglia di fare esperienze vere, a contatto con il territorio.","topten_picture":"218"}],"galleria":[],"redirect_to":""},"_links":{"self":[{"href":"https:\/\/gardaslowemotion.it\/it\/wp-json\/wp\/v2\/pages\/16","targetHints":{"allow":["GET"]}}],"collection":[{"href":"https:\/\/gardaslowemotion.it\/it\/wp-json\/wp\/v2\/pages"}],"about":[{"href":"https:\/\/gardaslowemotion.it\/it\/wp-json\/wp\/v2\/types\/page"}],"author":[{"embeddable":true,"href":"https:\/\/gardaslowemotion.it\/it\/wp-json\/wp\/v2\/users\/4"}],"replies":[{"embeddable":true,"href":"https:\/\/gardaslowemotion.it\/it\/wp-json\/wp\/v2\/comments?post=16"}],"version-history":[{"count":10,"href":"https:\/\/gardaslowemotion.it\/it\/wp-json\/wp\/v2\/pages\/16\/revisions"}],"predecessor-version":[{"id":2037,"href":"https:\/\/gardaslowemotion.it\/it\/wp-json\/wp\/v2\/pages\/16\/revisions\/2037"}],"up":[{"embeddable":true,"href":"https:\/\/gardaslowemotion.it\/it\/wp-json\/wp\/v2\/pages\/8"}],"wp:featuredmedia":[{"embeddable":true,"href":"https:\/\/gardaslowemotion.it\/it\/wp-json\/wp\/v2\/media\/397"}],"wp:attachment":[{"href":"https:\/\/gardaslowemotion.it\/it\/wp-json\/wp\/v2\/media?parent=16"}],"curies":[{"name":"wp","href":"https:\/\/api.w.org\/{rel}","templated":true}]}}